{"id":23884,"date":"2021-05-11T12:38:14","date_gmt":"2021-05-11T12:38:14","guid":{"rendered":"https:\/\/micuna.com\/uncategorized\/juego-sabanas-minicuna-galaxy\/"},"modified":"2024-03-27T09:24:28","modified_gmt":"2024-03-27T08:24:28","slug":"galaxy-minicot-sheets","status":"publish","type":"product","link":"https:\/\/micuna.com\/en\/product\/minicots\/minicot-bedding\/galaxy-minicot-sheets\/","title":{"rendered":"Galaxy Minicot Sheet Set 80&#215;50"},"content":{"rendered":"<p><strong>GALAXY <\/strong><strong>TX-919 MINICOT SHEET SET 3 PIECES 80&#215;50 <\/strong><\/p>\n<p><strong>Composition:<\/strong> 100% Cotton Percale<\/p>\n<p><strong>Colour:<br \/>\n<\/strong>\u2013 White \u2013 Grey<br \/>\n\u2013 White \u2013 Beige<\/p>\n<p><strong>Features:<br \/>\n<\/strong>\u2013 3-piece set of sheets for a minicot, consisting of a fitted sheet, a top sheet and a pillowcase<br \/>\n\u2013 The sheet is white with a printed trim<\/p>\n","protected":false},"excerpt":{"rendered":"<p>El juego de s\u00e1banas Galaxy para minicuna se compone de 3 piezas; bajera ajustable de color, encimera con jaret\u00f3n de motas y funda de almohada. Podr\u00e1s escoger entre dos colores.<\/p>\n<p>Confeccionada en percal 100% algod\u00f3n, es ideal para arropar al beb\u00e9 mientras descansa en su minicuna.<\/p>\n<p>micuna dispone de un amplio textil Galaxy, un universo de estrellas rebosante de ternura para decorar el entorno de tu beb\u00e9.<\/p>\n","protected":false},"featured_media":20541,"template":"","meta":[],"product_brand":[],"product_cat":[1586,1666],"product_tag":[],"class_list":{"0":"post-23884","1":"product","2":"type-product","3":"status-publish","4":"has-post-thumbnail","6":"product_cat-minicots","7":"product_cat-minicot-bedding","8":"pa_color-textil-beige-en","9":"pa_color-textil-grey","11":"first","12":"instock","13":"shipping-taxable","14":"product-type-variable","15":"has-default-attributes"},"_links":{"self":[{"href":"https:\/\/micuna.com\/en\/wp-json\/wp\/v2\/product\/23884","targetHints":{"allow":["GET"]}}],"collection":[{"href":"https:\/\/micuna.com\/en\/wp-json\/wp\/v2\/product"}],"about":[{"href":"https:\/\/micuna.com\/en\/wp-json\/wp\/v2\/types\/product"}],"wp:featuredmedia":[{"embeddable":true,"href":"https:\/\/micuna.com\/en\/wp-json\/wp\/v2\/media\/20541"}],"wp:attachment":[{"href":"https:\/\/micuna.com\/en\/wp-json\/wp\/v2\/media?parent=23884"}],"wp:term":[{"taxonomy":"product_brand","embeddable":true,"href":"https:\/\/micuna.com\/en\/wp-json\/wp\/v2\/product_brand?post=23884"},{"taxonomy":"product_cat","embeddable":true,"href":"https:\/\/micuna.com\/en\/wp-json\/wp\/v2\/product_cat?post=23884"},{"taxonomy":"product_tag","embeddable":true,"href":"https:\/\/micuna.com\/en\/wp-json\/wp\/v2\/product_tag?post=23884"}],"curies":[{"name":"wp","href":"https:\/\/api.w.org\/{rel}","templated":true}]}}