{"id":24213,"date":"2016-02-24T05:23:09","date_gmt":"2016-02-24T05:23:09","guid":{"rendered":"https:\/\/micuna.com\/sobre-nosotros\/"},"modified":"2021-08-11T16:28:16","modified_gmt":"2021-08-11T16:28:16","slug":"a-propos-de-nous","status":"publish","type":"page","link":"https:\/\/micuna.com\/fr\/a-propos-de-nous\/","title":{"rendered":"\u00c0 propos de nous"},"content":{"rendered":"<p><div class=\"fusion-fullwidth fullwidth-box fusion-builder-row-1 nonhundred-percent-fullwidth non-hundred-percent-height-scrolling\" style=\"background-color: rgba(255,255,255,0);background-position: center center;background-repeat: no-repeat;padding-top:40px;padding-right:0px;padding-bottom:60px;padding-left:0px;margin-bottom: 0px;margin-top: 0px;border-width: 0px 0px 0px 0px;border-color:#eae9e9;border-style:solid;\" ><div class=\"fusion-builder-row fusion-row\"><div class=\"fusion-layout-column fusion_builder_column fusion-builder-column-0 fusion_builder_column_1_4 1_4 fusion-one-fourth fusion-column-first\" style=\"width:22%; margin-right: 4%;margin-top:0px;margin-bottom:20px;\"><div class=\"fusion-column-wrapper fusion-flex-column-wrapper-legacy\" style=\"background-position:left top;background-repeat:no-repeat;-webkit-background-size:cover;-moz-background-size:cover;-o-background-size:cover;background-size:cover;padding: 0px 0px 0px 0px;\"><ul class=\"fusion-checklist fusion-checklist-1 listado-enlaces\" style=\"font-size:14px;line-height:23.8px;\"><li class=\"fusion-li-item\"><span style=\"height:23.8px;width:23.8px;margin-right:9.8px;\" class=\"icon-wrapper circle-no\"><i class=\"fusion-li-icon awb-icon-check\" style=\"color:#ffffff;\" aria-hidden=\"true\"><\/i><\/span><div class=\"fusion-li-item-content\" style=\"margin-left:33.6px;\">\u00c0 PROPOS DE NOUS<\/div><\/li><li class=\"fusion-li-item\"><span style=\"height:23.8px;width:23.8px;margin-right:9.8px;\" class=\"icon-wrapper circle-no\"><i class=\"fusion-li-icon awb-icon-check\" style=\"color:#ffffff;\" aria-hidden=\"true\"><\/i><\/span><div class=\"fusion-li-item-content\" style=\"margin-left:33.6px;\"><a class=\"fenlace-anchor\" href=\"#histoire\">HISTOIRE<\/a><\/div><\/li><li class=\"fusion-li-item\"><span style=\"height:23.8px;width:23.8px;margin-right:9.8px;\" class=\"icon-wrapper circle-no\"><i class=\"fusion-li-icon awb-icon-check\" style=\"color:#ffffff;\" aria-hidden=\"true\"><\/i><\/span><div class=\"fusion-li-item-content\" style=\"margin-left:33.6px;\"><a href=\"#madeinspain\">MADE IN SPAIN<\/a><\/div><\/li><\/ul><div class=\"fusion-clearfix\"><\/div><\/div><\/div><div class=\"fusion-layout-column fusion_builder_column fusion-builder-column-1 fusion_builder_column_3_4 3_4 fusion-three-fourth fusion-column-last\" style=\"width:74%;margin-top:0px;margin-bottom:20px;\"><div class=\"fusion-column-wrapper fusion-flex-column-wrapper-legacy\" style=\"background-position:left top;background-repeat:no-repeat;-webkit-background-size:cover;-moz-background-size:cover;-o-background-size:cover;background-size:cover;padding: 0px 0px 0px 0px;\"><div class=\"fusion-text fusion-text-1 textos-gen\"><p><strong>Micuna prot\u00e8ge les r\u00eaves de votre b\u00e9b\u00e9<\/strong><\/p>\n<p><strong>Chez Micuna, nous vous proposons des produits s\u00fbrs et respectueux de la nature, afin que vous puissiez cr\u00e9er un espace plein d&rsquo;amour pour votre b\u00e9b\u00e9.<\/strong><\/p>\n<p>Nous sommes une entreprise familiale espagnole qui, depuis plus de 45 ans, consacre sa vie \u00e0 la conception et \u00e0 la cr\u00e9ation de chambres, de chaises hautes et de meubles pour les plus petits de la maison.<\/p>\n<p>Nous sommes \u00e0 c\u00f4t\u00e9 du parc naturel de l&rsquo;Albufera de Valence, et d&rsquo;ici, nos produits ont travers\u00e9 les fronti\u00e8res de plus de 35 pays, gr\u00e2ce \u00e0 leur design et leur haute qualit\u00e9.<\/p>\n<p>Comme nous r\u00eavons de laisser une belle plan\u00e8te \u00e0 son avenir, tous nos produits sont fabriqu\u00e9s avec du bois provenant de for\u00eats durables, une finition faite \u00e0 la peinture \u00e0 l&rsquo;eau avec protection antibact\u00e9rienne, \u00e9volutive, multifonctionnelle et respectueuse de l&rsquo;environnement.<\/p>\n<p>Des mod\u00e8les comme la chaise haute OVO de micuna, a \u00e9t\u00e9 r\u00e9compens\u00e9e internationalement et elle est expos\u00e9e au MoMA de New York ou au mus\u00e9e d&rsquo;art moderne IVAM de Valence.<\/p>\n<p style=\"text-align: justify;\"><strong>Qualit\u00e9, s\u00e9curit\u00e9, designs naturels et \u00e9volutifs qui prennent soin de votre b\u00e9b\u00e9 et de la plan\u00e8te<\/strong><\/p>\n<\/div><div class=\"fusion-clearfix\"><\/div><\/div><\/div><\/div><\/div><div id=\"histoire\"><div class=\"fusion-fullwidth fullwidth-box fusion-builder-row-2 fusion-flex-container hundred-percent-fullwidth non-hundred-percent-height-scrolling\" style=\"background-color: #f7f7f7;background-position: center center;background-repeat: no-repeat;border-width: 0px 0px 0px 0px;border-color:#eae9e9;border-style:solid;\" ><div class=\"fusion-builder-row fusion-row fusion-flex-align-items-flex-start\" style=\"width:104% !important;max-width:104% !important;margin-left: calc(-4% \/ 2 );margin-right: calc(-4% \/ 2 );\"><div class=\"fusion-layout-column fusion_builder_column fusion-builder-column-2 fusion_builder_column_1_1 1_1 fusion-flex-column\"><div class=\"fusion-column-wrapper fusion-flex-justify-content-center fusion-content-layout-column\" style=\"background-position:left top;background-repeat:no-repeat;-webkit-background-size:cover;-moz-background-size:cover;-o-background-size:cover;background-size:cover;padding: 0px 0px 0px 0px;\"><div style=\"text-align:center;\"><span class=\" fusion-imageframe imageframe-none imageframe-1 hover-type-none\" style=\"margin-top:0px;margin-right:0px;margin-bottom:0px;margin-left:0px;\"><img decoding=\"async\" width=\"1797\" height=\"500\" alt=\"historia\" title=\"historia\" src=\"https:\/\/micuna.com\/wp-content\/uploads\/2021\/06\/historia.jpg\" data-orig-src=\"https:\/\/micuna.com\/wp-content\/uploads\/2021\/06\/historia.jpg\" class=\"lazyload img-responsive wp-image-21752\" srcset=\"data:image\/svg+xml,%3Csvg%20xmlns%3D%27http%3A%2F%2Fwww.w3.org%2F2000%2Fsvg%27%20width%3D%271797%27%20height%3D%27500%27%20viewBox%3D%270%200%201797%20500%27%3E%3Crect%20width%3D%271797%27%20height%3D%27500%27%20fill-opacity%3D%220%22%2F%3E%3C%2Fsvg%3E\" data-srcset=\"https:\/\/micuna.com\/wp-content\/uploads\/2021\/06\/historia-200x56.jpg 200w, https:\/\/micuna.com\/wp-content\/uploads\/2021\/06\/historia-400x111.jpg 400w, https:\/\/micuna.com\/wp-content\/uploads\/2021\/06\/historia-600x167.jpg 600w, https:\/\/micuna.com\/wp-content\/uploads\/2021\/06\/historia-800x223.jpg 800w, https:\/\/micuna.com\/wp-content\/uploads\/2021\/06\/historia-1200x334.jpg 1200w, https:\/\/micuna.com\/wp-content\/uploads\/2021\/06\/historia.jpg 1797w\" data-sizes=\"auto\" data-orig-sizes=\"(max-width: 1024px) 100vw, (max-width: 640px) 100vw, 1200px\" \/><\/span><\/div><\/div><style type=\"text\/css\">.fusion-body .fusion-builder-column-2{width:100% !important;margin-top : 0px;margin-bottom : 0px;}.fusion-builder-column-2 > .fusion-column-wrapper {padding-top : 0 !important;padding-right : 0 !important;margin-right : 0;padding-bottom : 0 !important;padding-left : 0 !important;margin-left : 0;}@media only screen and (max-width:1024px) {.fusion-body .fusion-builder-column-2{width:100% !important;order : 0;}.fusion-builder-column-2 > .fusion-column-wrapper {margin-right : 1.92%;margin-left : 1.92%;}}@media only screen and (max-width:640px) {.fusion-body .fusion-builder-column-2{width:100% !important;order : 0;}.fusion-builder-column-2 > .fusion-column-wrapper {margin-right : 1.92%;margin-left : 1.92%;}}<\/style><\/div><\/div><style type=\"text\/css\">.fusion-body .fusion-flex-container.fusion-builder-row-2{ padding-top : 0px;margin-top : 0px;padding-right : 0px;padding-bottom : 0px;margin-bottom : 50px;padding-left : 0px;}<\/style><\/div><\/div><div class=\"fusion-fullwidth fullwidth-box fusion-builder-row-3 nonhundred-percent-fullwidth non-hundred-percent-height-scrolling\" style=\"background-color: rgba(255,255,255,0);background-position: center center;background-repeat: no-repeat;padding-top:40px;padding-right:0px;padding-bottom:60px;padding-left:0px;margin-bottom: 0px;margin-top: 0px;border-width: 0px 0px 0px 0px;border-color:#eae9e9;border-style:solid;\" ><div class=\"fusion-builder-row fusion-row\"><div class=\"fusion-layout-column fusion_builder_column fusion-builder-column-3 fusion_builder_column_1_4 1_4 fusion-one-fourth fusion-column-first\" style=\"width:22%; margin-right: 4%;margin-top:0px;margin-bottom:20px;\"><div class=\"fusion-column-wrapper fusion-flex-column-wrapper-legacy\" style=\"background-position:left top;background-repeat:no-repeat;-webkit-background-size:cover;-moz-background-size:cover;-o-background-size:cover;background-size:cover;padding: 0px 0px 0px 0px;\"><div class=\"fusion-text fusion-text-2 tit-nosotros\" style=\"text-align:right;font-size:50px;letter-spacing:2px;font-family:&quot;ModernLine&quot;;font-weight:400;\"><p>histoire<\/p>\n<\/div><div class=\"fusion-clearfix\"><\/div><\/div><\/div><div class=\"fusion-layout-column fusion_builder_column fusion-builder-column-4 fusion_builder_column_3_4 3_4 fusion-three-fourth fusion-column-last\" style=\"width:74%;margin-top:0px;margin-bottom:20px;\"><div class=\"fusion-column-wrapper fusion-flex-column-wrapper-legacy\" style=\"background-position:left top;background-repeat:no-repeat;-webkit-background-size:cover;-moz-background-size:cover;-o-background-size:cover;background-size:cover;padding: 0px 0px 0px 0px;\"><div class=\"fusion-text fusion-text-3 textos-gen\"><p><strong>MICUNA est n\u00e9e en 1973<\/strong>, lorsque notre fondateur, <strong>Francisco Garc\u00eda Moreno<\/strong>, un jeune menuisier de profession, tr\u00e8s travailleur, visionnaire, serviable et entreprenant, a d\u00e9cid\u00e9, avec son \u00e9pouse Mar\u00eda Eugenia, de lancer un projet de vie en ouvrant un petit atelier d\u2019\u00e9b\u00e9nisterie pour fabriquer des berceaux en bois dans la ville de Silla (Valence).<\/p>\n<p>\u00c0 cette \u00e9poque, en Espagne, les berceaux m\u00e9talliques \u00e9taient tr\u00e8s pr\u00e9sents, nos berceaux en bois \u00e9tant une innovation sur le march\u00e9.<\/p>\n<p>Les premiers pas ont \u00e9t\u00e9 enti\u00e8rement artisanaux. Avec l&rsquo;aide de ses fr\u00e8res, Francisco, en plus de concevoir et de fabriquer, s&rsquo;est occup\u00e9 personnellement de tout le travail commercial, ainsi que de la livraison et du service au magasin. Ce d\u00e9vouement, ce service personnalis\u00e9 et cette attention exquise ont fait cro\u00eetre tr\u00e8s rapidement la demande pour notre marque, gagnant la confiance et l&rsquo;engagement de tous nos clients.<\/p>\n<p>C&rsquo;est en 1981, lorsque l&rsquo;entreprise qui portait jusqu&rsquo;alors le nom de Don Francisco, FGM, a \u00e9t\u00e9 rebaptis\u00e9e <strong>MICUNA<\/strong>, p\u00e9riode \u00e0 laquelle l&rsquo;usine a d\u00e9m\u00e9nag\u00e9 dans des <strong>locaux <\/strong>plus grands <strong>\u00e0 Sollana (Valence<\/strong>), \u00e0 c\u00f4t\u00e9 du parc naturel de l&rsquo;Albufera. Nous y sommes rest\u00e9s depuis. Pour nous tous, c&rsquo;est un luxe de pouvoir profiter et travailler \u00e0 c\u00f4t\u00e9 de l&rsquo;un des paysages les plus sp\u00e9ciaux de notre r\u00e9gion.<\/p>\n<p>En peu de temps et gr\u00e2ce \u00e0 la <strong>qualit\u00e9 et au design<\/strong> des berceaux, l&rsquo;entreprise d\u00e9veloppe ses installations et son personnel, devenant ainsi leader sur le march\u00e9 national et avec une pr\u00e9sence croissante \u00e0 l&rsquo;\u00e9tranger.<\/p>\n<p><a href=\"https:\/\/micuna.com\/wp-content\/uploads\/2021\/06\/2730611.jpg\"><img decoding=\"async\" class=\"lazyload size-full wp-image-21844 aligncenter\" src=\"https:\/\/micuna.com\/wp-content\/uploads\/2021\/06\/2730611.jpg\" data-orig-src=\"https:\/\/micuna.com\/wp-content\/uploads\/2021\/06\/2730611.jpg\" alt=\"\" width=\"400\" height=\"248\" srcset=\"data:image\/svg+xml,%3Csvg%20xmlns%3D%27http%3A%2F%2Fwww.w3.org%2F2000%2Fsvg%27%20width%3D%27400%27%20height%3D%27248%27%20viewBox%3D%270%200%20400%20248%27%3E%3Crect%20width%3D%27400%27%20height%3D%27248%27%20fill-opacity%3D%220%22%2F%3E%3C%2Fsvg%3E\" data-srcset=\"https:\/\/micuna.com\/wp-content\/uploads\/2021\/06\/2730611-200x124.jpg 200w, https:\/\/micuna.com\/wp-content\/uploads\/2021\/06\/2730611-300x186.jpg 300w, https:\/\/micuna.com\/wp-content\/uploads\/2021\/06\/2730611.jpg 400w\" data-sizes=\"auto\" data-orig-sizes=\"(max-width: 400px) 100vw, 400px\" \/><\/a><\/p>\n<p>Depuis lors, plus d&rsquo;un million de b\u00e9b\u00e9s ont dormi dans nos berceaux et nombre d&rsquo;entre eux, devenus parents, ont r\u00e9utiliser leurs propres berceaux pour leurs enfants. Nous sommes fiers de faire partie de l&rsquo;histoire de toutes ces familles et que nos produits les aient accompagn\u00e9es pendant tant d&rsquo;ann\u00e9es et de g\u00e9n\u00e9rations, en leur apportant non seulement la qualit\u00e9 et le design, mais aussi toute la s\u00e9curit\u00e9, en laissant entre nos mains la mission de veiller sur les r\u00eaves de leurs enfants.<\/p>\n<p>La s\u00e9curit\u00e9 a \u00e9t\u00e9 et reste si importante depuis nos d\u00e9buts que nous avons \u00e9t\u00e9 la premi\u00e8re entreprise en Espagne \u00e0 appliquer les r\u00e8gles de s\u00e9curit\u00e9 europ\u00e9ennes dans nos berceaux alors que ce n&rsquo;\u00e9tait m\u00eame pas une exigence du march\u00e9. Nous avons eu le privil\u00e8ge et la responsabilit\u00e9 d&rsquo;\u00eatre choisis par des millions de familles \u00e0 travers le monde pour occuper cette place sp\u00e9ciale dans la chambre de leurs enfants, offrant en plus des berceaux en bois, des meubles pour enfants, des accessoires pour la chambre, des textiles et des chaises hautes pour b\u00e9b\u00e9s.<\/p>\n<p>C&rsquo;est gr\u00e2ce \u00e0 cet excellent bilan de notre histoire que nous avons re\u00e7u de nombreuses r\u00e9compenses commerciales, ainsi que des prix internationaux importants pour des cr\u00e9ations telles que la chaise haute OVO.<\/p>\n<p><strong>\u00a0<\/strong><\/p>\n<p style=\"text-align: justify;\">Apr\u00e8s le d\u00e9part \u00e0 la retraite de M. Francisco en 2008, l&rsquo;entreprise familiale est pass\u00e9e \u00e0 la deuxi\u00e8me g\u00e9n\u00e9ration, dans laquelle trois des cinq enfants, Jorge, Eugenia et Javier Garc\u00eda, restent \u00e0 la t\u00eate de l&rsquo;entreprise \u00e0 des postes de haute responsabilit\u00e9 et d&rsquo;implication totale. La famille de l&rsquo;entreprise a renouvel\u00e9 \u00e0 plusieurs reprises un protocole familial qui a \u00e9t\u00e9 sign\u00e9 pour la premi\u00e8re fois en 2004 et qui refl\u00e8te l&rsquo;engagement fid\u00e8le de la famille envers l&rsquo;entreprise, ses employ\u00e9s, ses clients et la soci\u00e9t\u00e9.<\/p>\n<p><a href=\"https:\/\/micuna.com\/wp-content\/uploads\/2021\/06\/Hermanos-Garcia-Martin-micuna.jpg\"><img decoding=\"async\" class=\"lazyload aligncenter wp-image-21859 size-fusion-400\" src=\"https:\/\/micuna.com\/wp-content\/uploads\/2021\/06\/Hermanos-Garcia-Martin-micuna-400x306.jpg\" data-orig-src=\"https:\/\/micuna.com\/wp-content\/uploads\/2021\/06\/Hermanos-Garcia-Martin-micuna-400x306.jpg\" alt=\"\" width=\"400\" height=\"306\" srcset=\"data:image\/svg+xml,%3Csvg%20xmlns%3D%27http%3A%2F%2Fwww.w3.org%2F2000%2Fsvg%27%20width%3D%27400%27%20height%3D%27306%27%20viewBox%3D%270%200%20400%20306%27%3E%3Crect%20width%3D%27400%27%20height%3D%27306%27%20fill-opacity%3D%220%22%2F%3E%3C%2Fsvg%3E\" data-srcset=\"https:\/\/micuna.com\/wp-content\/uploads\/2021\/06\/Hermanos-Garcia-Martin-micuna-200x153.jpg 200w, https:\/\/micuna.com\/wp-content\/uploads\/2021\/06\/Hermanos-Garcia-Martin-micuna-300x229.jpg 300w, https:\/\/micuna.com\/wp-content\/uploads\/2021\/06\/Hermanos-Garcia-Martin-micuna-400x306.jpg 400w, https:\/\/micuna.com\/wp-content\/uploads\/2021\/06\/Hermanos-Garcia-Martin-micuna-600x459.jpg 600w, https:\/\/micuna.com\/wp-content\/uploads\/2021\/06\/Hermanos-Garcia-Martin-micuna-700x535.jpg 700w, https:\/\/micuna.com\/wp-content\/uploads\/2021\/06\/Hermanos-Garcia-Martin-micuna-768x587.jpg 768w, https:\/\/micuna.com\/wp-content\/uploads\/2021\/06\/Hermanos-Garcia-Martin-micuna-800x612.jpg 800w, https:\/\/micuna.com\/wp-content\/uploads\/2021\/06\/Hermanos-Garcia-Martin-micuna-1024x783.jpg 1024w, https:\/\/micuna.com\/wp-content\/uploads\/2021\/06\/Hermanos-Garcia-Martin-micuna-1200x917.jpg 1200w, https:\/\/micuna.com\/wp-content\/uploads\/2021\/06\/Hermanos-Garcia-Martin-micuna-1536x1174.jpg 1536w, https:\/\/micuna.com\/wp-content\/uploads\/2021\/06\/Hermanos-Garcia-Martin-micuna.jpg 1617w\" data-sizes=\"auto\" data-orig-sizes=\"(max-width: 400px) 100vw, 400px\" \/><\/a><\/p>\n<p>Chez\u00a0<strong>micuna<\/strong>, nous avons une vision, celle de\u00a0<strong>prot\u00e9ger les r\u00eaves de l&rsquo;enfance<\/strong>.<\/p>\n<p>Pour r\u00e9aliser notre r\u00eave d&rsquo;une enfance meilleure, nous travaillons avec beaucoup d&rsquo;enthousiasme, d&rsquo;optimisme et d&rsquo;\u00e9nergie pour cr\u00e9er des produits et services innovants, responsables et durables.<\/p>\n<p>Nous sommes MICUNA, nous sommes votre monde, nous sommes\u00a0<strong>votre marque<\/strong><\/p>\n<\/div><div class=\"fusion-text fusion-text-4\" style=\"font-size:60px;color:#6596cb;font-family:&quot;ModernLine&quot;;font-weight:400;\"><p>micuna<\/p>\n<\/div><div class=\"fusion-clearfix\"><\/div><\/div><\/div><\/div><\/div><div id=\"histoire\"><div class=\"fusion-fullwidth fullwidth-box fusion-builder-row-4 fusion-flex-container hundred-percent-fullwidth non-hundred-percent-height-scrolling\" style=\"background-color: #f7f7f7;background-position: center center;background-repeat: no-repeat;border-width: 0px 0px 0px 0px;border-color:#eae9e9;border-style:solid;\" id=\"madeinspain\" ><div class=\"fusion-builder-row fusion-row fusion-flex-align-items-flex-start\" style=\"width:104% !important;max-width:104% !important;margin-left: calc(-4% \/ 2 );margin-right: calc(-4% \/ 2 );\"><div class=\"fusion-layout-column fusion_builder_column fusion-builder-column-5 fusion_builder_column_1_1 1_1 fusion-flex-column\"><div class=\"fusion-column-wrapper fusion-flex-justify-content-center fusion-content-layout-column\" style=\"background-position:left top;background-repeat:no-repeat;-webkit-background-size:cover;-moz-background-size:cover;-o-background-size:cover;background-size:cover;padding: 0px 0px 0px 0px;\"><div style=\"text-align:center;\"><span class=\" fusion-imageframe imageframe-none imageframe-2 hover-type-none\" style=\"margin-top:0px;margin-right:0px;margin-bottom:0px;margin-left:0px;\"><img decoding=\"async\" width=\"1797\" height=\"500\" alt=\"made in\" title=\"made in\" src=\"https:\/\/micuna.com\/wp-content\/uploads\/2021\/06\/made-in.jpg\" data-orig-src=\"https:\/\/micuna.com\/wp-content\/uploads\/2021\/06\/made-in.jpg\" class=\"lazyload img-responsive wp-image-21748\" srcset=\"data:image\/svg+xml,%3Csvg%20xmlns%3D%27http%3A%2F%2Fwww.w3.org%2F2000%2Fsvg%27%20width%3D%271797%27%20height%3D%27500%27%20viewBox%3D%270%200%201797%20500%27%3E%3Crect%20width%3D%271797%27%20height%3D%27500%27%20fill-opacity%3D%220%22%2F%3E%3C%2Fsvg%3E\" data-srcset=\"https:\/\/micuna.com\/wp-content\/uploads\/2021\/06\/made-in-200x56.jpg 200w, https:\/\/micuna.com\/wp-content\/uploads\/2021\/06\/made-in-400x111.jpg 400w, https:\/\/micuna.com\/wp-content\/uploads\/2021\/06\/made-in-600x167.jpg 600w, https:\/\/micuna.com\/wp-content\/uploads\/2021\/06\/made-in-800x223.jpg 800w, https:\/\/micuna.com\/wp-content\/uploads\/2021\/06\/made-in-1200x334.jpg 1200w, https:\/\/micuna.com\/wp-content\/uploads\/2021\/06\/made-in.jpg 1797w\" data-sizes=\"auto\" data-orig-sizes=\"(max-width: 1024px) 100vw, (max-width: 640px) 100vw, 1200px\" \/><\/span><\/div><\/div><style type=\"text\/css\">.fusion-body .fusion-builder-column-5{width:100% !important;margin-top : 0px;margin-bottom : 0px;}.fusion-builder-column-5 > .fusion-column-wrapper {padding-top : 0 !important;padding-right : 0 !important;margin-right : 0;padding-bottom : 0 !important;padding-left : 0 !important;margin-left : 0;}@media only screen and (max-width:1024px) {.fusion-body .fusion-builder-column-5{width:100% !important;order : 0;}.fusion-builder-column-5 > .fusion-column-wrapper {margin-right : 1.92%;margin-left : 1.92%;}}@media only screen and (max-width:640px) {.fusion-body .fusion-builder-column-5{width:100% !important;order : 0;}.fusion-builder-column-5 > .fusion-column-wrapper {margin-right : 1.92%;margin-left : 1.92%;}}<\/style><\/div><\/div><style type=\"text\/css\">.fusion-body .fusion-flex-container.fusion-builder-row-4{ padding-top : 0px;margin-top : 0px;padding-right : 0px;padding-bottom : 0px;margin-bottom : 50px;padding-left : 0px;}<\/style><\/div><\/div><div class=\"fusion-fullwidth fullwidth-box fusion-builder-row-5 nonhundred-percent-fullwidth non-hundred-percent-height-scrolling\" style=\"background-color: rgba(255,255,255,0);background-position: center center;background-repeat: no-repeat;padding-top:40px;padding-right:0px;padding-bottom:60px;padding-left:0px;margin-bottom: 0px;margin-top: 0px;border-width: 0px 0px 0px 0px;border-color:#eae9e9;border-style:solid;\" ><div class=\"fusion-builder-row fusion-row\"><div class=\"fusion-layout-column fusion_builder_column fusion-builder-column-6 fusion_builder_column_2_5 2_5 fusion-two-fifth fusion-column-first\" style=\"width:37.6%; margin-right: 4%;margin-top:0px;margin-bottom:20px;\"><div class=\"fusion-column-wrapper fusion-flex-column-wrapper-legacy\" style=\"background-position:left top;background-repeat:no-repeat;-webkit-background-size:cover;-moz-background-size:cover;-o-background-size:cover;background-size:cover;padding: 0px 0px 0px 0px;\"><div class=\"fusion-text fusion-text-5 tit-nosotros\" style=\"text-align:right;font-size:50px;line-height:1;letter-spacing:2px;font-family:&quot;ModernLine&quot;;font-weight:400;\"><p>fait avec amour,<\/p>\n<\/div><div class=\"fusion-text fusion-text-6 tit-nosotros\" style=\"text-align:right;font-size:50px;font-family:&quot;ModernLine&quot;;font-weight:400;margin-top:4px;\"><p>fabriqu\u00e9 \u00e0 Valence<\/p>\n<\/div><div class=\"fusion-clearfix\"><\/div><\/div><\/div><div class=\"fusion-layout-column fusion_builder_column fusion-builder-column-7 fusion_builder_column_3_5 3_5 fusion-three-fifth fusion-column-last\" style=\"width:58.4%;margin-top:0px;margin-bottom:20px;\"><div class=\"fusion-column-wrapper fusion-flex-column-wrapper-legacy\" style=\"background-position:left top;background-repeat:no-repeat;-webkit-background-size:cover;-moz-background-size:cover;-o-background-size:cover;background-size:cover;padding: 0px 0px 0px 0px;\"><div class=\"fusion-text fusion-text-7 textos-gen\"><p>Depuis pr\u00e8s d&rsquo;un demi-si\u00e8cle, Micuna concentre toute sa production \u00e0 Valence, plus pr\u00e9cis\u00e9ment dans le parc naturel de l&rsquo;Albufera, l&rsquo;une des zones mar\u00e9cageuses les plus pr\u00e9cieuses de la Communaut\u00e9 valencienne et du bassin m\u00e9diterran\u00e9en.<\/p>\n<p>Gr\u00e2ce \u00e0 cet emplacement, Micuna a acquis une identit\u00e9 protectrice avec les \u00e9cosyst\u00e8mes, l&rsquo;environnement et la culture de Valence. Gr\u00e2ce \u00e0 notre \u00e9quipe locale et \u00e0 l&rsquo;utilisation de bois provenant de for\u00eats durables, nous contribuons \u00e0 la r\u00e9duction de l&rsquo;impact environnemental et \u00e0 une \u00e9conomie plus \u00e9quitable, en \u00e9vitant les interm\u00e9diaires et en respectant les droits des travailleurs.<\/p>\n<p style=\"text-align: justify;\">Tous nos produits sont fabriqu\u00e9s de mani\u00e8re artisanale avec tout l&rsquo;amour de notre \u00e9quipe, qui prend soin de chaque processus, depuis le moment o\u00f9 le bois arrive \u00e0 notre usine jusqu&rsquo;\u00e0 ce qu&rsquo;il finisse par accompagner les b\u00e9b\u00e9s et les familles Micuna dans les moments les plus importants de leur vie.<\/p>\n<\/div><div class=\"fusion-clearfix\"><\/div><\/div><\/div><\/div><\/div><\/p>\n","protected":false},"excerpt":{"rendered":"","protected":false},"author":1,"featured_media":0,"parent":0,"menu_order":0,"comment_status":"closed","ping_status":"closed","template":"100-width.php","meta":{"footnotes":""},"class_list":["post-24213","page","type-page","status-publish","hentry"],"_links":{"self":[{"href":"https:\/\/micuna.com\/fr\/wp-json\/wp\/v2\/pages\/24213","targetHints":{"allow":["GET"]}}],"collection":[{"href":"https:\/\/micuna.com\/fr\/wp-json\/wp\/v2\/pages"}],"about":[{"href":"https:\/\/micuna.com\/fr\/wp-json\/wp\/v2\/types\/page"}],"author":[{"embeddable":true,"href":"https:\/\/micuna.com\/fr\/wp-json\/wp\/v2\/users\/1"}],"replies":[{"embeddable":true,"href":"https:\/\/micuna.com\/fr\/wp-json\/wp\/v2\/comments?post=24213"}],"version-history":[{"count":6,"href":"https:\/\/micuna.com\/fr\/wp-json\/wp\/v2\/pages\/24213\/revisions"}],"predecessor-version":[{"id":24232,"href":"https:\/\/micuna.com\/fr\/wp-json\/wp\/v2\/pages\/24213\/revisions\/24232"}],"wp:attachment":[{"href":"https:\/\/micuna.com\/fr\/wp-json\/wp\/v2\/media?parent=24213"}],"curies":[{"name":"wp","href":"https:\/\/api.w.org\/{rel}","templated":true}]}}