{"id":24217,"date":"2021-05-04T08:09:40","date_gmt":"2021-05-04T08:09:40","guid":{"rendered":"https:\/\/micuna.com\/proposito\/"},"modified":"2025-05-21T09:48:41","modified_gmt":"2025-05-21T07:48:41","slug":"objet","status":"publish","type":"page","link":"https:\/\/micuna.com\/fr\/objet\/","title":{"rendered":"Objet"},"content":{"rendered":"<p><div class=\"fusion-fullwidth fullwidth-box fusion-builder-row-1 nonhundred-percent-fullwidth non-hundred-percent-height-scrolling\" style=\"background-color: rgba(255,255,255,0);background-position: center center;background-repeat: no-repeat;padding-top:40px;padding-right:0px;padding-bottom:60px;padding-left:0px;margin-bottom: 0px;margin-top: 0px;border-width: 0px 0px 0px 0px;border-color:#eae9e9;border-style:solid;\" ><div class=\"fusion-builder-row fusion-row\"><div class=\"fusion-layout-column fusion_builder_column fusion-builder-column-0 fusion_builder_column_1_4 1_4 fusion-one-fourth fusion-column-first\" style=\"width:22%; margin-right: 4%;margin-top:0px;margin-bottom:20px;\"><div class=\"fusion-column-wrapper fusion-flex-column-wrapper-legacy\" style=\"background-position:left top;background-repeat:no-repeat;-webkit-background-size:cover;-moz-background-size:cover;-o-background-size:cover;background-size:cover;padding: 0px 0px 0px 0px;\"><ul class=\"fusion-checklist fusion-checklist-1 listado-enlaces\" style=\"font-size:14px;line-height:23.8px;\"><li class=\"fusion-li-item\"><span style=\"height:23.8px;width:23.8px;margin-right:9.8px;\" class=\"icon-wrapper circle-no\"><i class=\"fusion-li-icon awb-icon-check\" style=\"color:#ffffff;\" aria-hidden=\"true\"><\/i><\/span><div class=\"fusion-li-item-content\" style=\"margin-left:33.6px;\">\n<p>OBJET<\/p>\n<\/div><\/li><li class=\"fusion-li-item\"><span style=\"height:23.8px;width:23.8px;margin-right:9.8px;\" class=\"icon-wrapper circle-no\"><i class=\"fusion-li-icon awb-icon-check\" style=\"color:#ffffff;\" aria-hidden=\"true\"><\/i><\/span><div class=\"fusion-li-item-content\" style=\"margin-left:33.6px;\"><a href=\"#ecoconception\">ECOCONCEPTION<\/a><\/div><\/li><li class=\"fusion-li-item\"><span style=\"height:23.8px;width:23.8px;margin-right:9.8px;\" class=\"icon-wrapper circle-no\"><i class=\"fusion-li-icon awb-icon-check\" style=\"color:#ffffff;\" aria-hidden=\"true\"><\/i><\/span><div class=\"fusion-li-item-content\" style=\"margin-left:33.6px;\"><a href=\"#sostenibilidad\">DURABILITE<\/a><\/div><\/li><\/ul><div class=\"fusion-clearfix\"><\/div><\/div><\/div><div class=\"fusion-layout-column fusion_builder_column fusion-builder-column-1 fusion_builder_column_3_4 3_4 fusion-three-fourth fusion-column-last\" style=\"width:74%;margin-top:0px;margin-bottom:20px;\"><div class=\"fusion-column-wrapper fusion-flex-column-wrapper-legacy\" style=\"background-position:left top;background-repeat:no-repeat;-webkit-background-size:cover;-moz-background-size:cover;-o-background-size:cover;background-size:cover;padding: 0px 0px 0px 0px;\"><div class=\"fusion-text fusion-text-1 textos-gen\"><p><strong>Nous prenons soin des enfants en cr\u00e9ant des produits et services innovants, responsables et durables.<\/strong><\/p>\n<p>Micuna est reconnue dans le monde entier pour la haute qualit\u00e9 et la s\u00e9curit\u00e9 de ses produits. L&rsquo;engagement pour la protection de l&rsquo;enfance et le d\u00e9veloppement des capacit\u00e9s d&rsquo;initiative, de l&rsquo;autonomie et de l&rsquo;\u00e9panouissement personnel des b\u00e9b\u00e9s et des enfants est un engagement ferme de notre marque.<\/p>\n<p>D\u2019apr\u00e8s cette mission, chez Micuna, nous tenons compte de valeurs importantes pour la soci\u00e9t\u00e9 telles que la solidarit\u00e9, le respect de l&rsquo;environnement, des droits fondamentaux des enfants et la tol\u00e9rance, entre autres.<\/p>\n<p>L&rsquo;engagement envers nos familles est l&rsquo;un des piliers fondamentaux de notre entreprise, qui innove dans les processus de qualit\u00e9 et de s\u00e9curit\u00e9 de nos produits et services.<\/p>\n<p>En outre, nous avons un engagement ferme envers nos employ\u00e9s, puisque nous veillons \u00e0 leur s\u00e9curit\u00e9 et \u00e0 leur bien-\u00eatre, au soutien de la maternit\u00e9 et des femmes actives, \u00e0 la cr\u00e9ativit\u00e9 au travail, \u00e0 la diversit\u00e9 dans l&rsquo;organisation, aux plans d&rsquo;\u00e9galit\u00e9, \u00e0 l\u2019\u00e9volution professionnelle et \u00e0 la promotion interne.<\/p>\n<p style=\"text-align: justify;\">Sans oublier nos valeurs envers le secteur et notre environnement, telles que la concurrence loyale, la collaboration avec les fournisseurs et la coop\u00e9ration avec les institutions et les organisations.<\/p>\n<\/div><div class=\"fusion-clearfix\"><\/div><\/div><\/div><\/div><\/div><div id=\"ecoconception\"><div class=\"fusion-fullwidth fullwidth-box fusion-builder-row-2 fusion-flex-container hundred-percent-fullwidth non-hundred-percent-height-scrolling\" style=\"background-color: #f9f9f9;background-position: center center;background-repeat: no-repeat;border-width: 0px 0px 0px 0px;border-color:#eae9e9;border-style:solid;\" ><div class=\"fusion-builder-row fusion-row fusion-flex-align-items-flex-start\" style=\"width:104% !important;max-width:104% !important;margin-left: calc(-4% \/ 2 );margin-right: calc(-4% \/ 2 );\"><div class=\"fusion-layout-column fusion_builder_column fusion-builder-column-2 fusion_builder_column_1_1 1_1 fusion-flex-column\"><div class=\"fusion-column-wrapper fusion-flex-justify-content-flex-start fusion-content-layout-column\" style=\"background-position:left top;background-repeat:no-repeat;-webkit-background-size:cover;-moz-background-size:cover;-o-background-size:cover;background-size:cover;padding: 0px 0px 0px 0px;\"><div style=\"text-align:center;\"><span class=\" fusion-imageframe imageframe-none imageframe-1 hover-type-none\" style=\"margin-top:0px;margin-right:0px;margin-bottom:0px;margin-left:0px;\"><img decoding=\"async\" width=\"1797\" height=\"500\" alt=\"ecodiseno\" title=\"ecodiseno\" src=\"https:\/\/micuna.com\/wp-content\/uploads\/2021\/06\/ecodiseno.jpg\" data-orig-src=\"https:\/\/micuna.com\/wp-content\/uploads\/2021\/06\/ecodiseno.jpg\" class=\"lazyload img-responsive wp-image-21743\" srcset=\"data:image\/svg+xml,%3Csvg%20xmlns%3D%27http%3A%2F%2Fwww.w3.org%2F2000%2Fsvg%27%20width%3D%271797%27%20height%3D%27500%27%20viewBox%3D%270%200%201797%20500%27%3E%3Crect%20width%3D%271797%27%20height%3D%27500%27%20fill-opacity%3D%220%22%2F%3E%3C%2Fsvg%3E\" data-srcset=\"https:\/\/micuna.com\/wp-content\/uploads\/2021\/06\/ecodiseno-200x56.jpg 200w, https:\/\/micuna.com\/wp-content\/uploads\/2021\/06\/ecodiseno-400x111.jpg 400w, https:\/\/micuna.com\/wp-content\/uploads\/2021\/06\/ecodiseno-600x167.jpg 600w, https:\/\/micuna.com\/wp-content\/uploads\/2021\/06\/ecodiseno-800x223.jpg 800w, https:\/\/micuna.com\/wp-content\/uploads\/2021\/06\/ecodiseno-1200x334.jpg 1200w, https:\/\/micuna.com\/wp-content\/uploads\/2021\/06\/ecodiseno.jpg 1797w\" data-sizes=\"auto\" data-orig-sizes=\"(max-width: 1024px) 100vw, (max-width: 640px) 100vw, 1200px\" \/><\/span><\/div><\/div><style type=\"text\/css\">.fusion-body .fusion-builder-column-2{width:100% !important;margin-top : 0px;margin-bottom : 0px;}.fusion-builder-column-2 > .fusion-column-wrapper {padding-top : 0 !important;padding-right : 0 !important;margin-right : 0;padding-bottom : 0 !important;padding-left : 0 !important;margin-left : 0;}@media only screen and (max-width:1024px) {.fusion-body .fusion-builder-column-2{width:100% !important;order : 0;}.fusion-builder-column-2 > .fusion-column-wrapper {margin-right : 1.92%;margin-left : 1.92%;}}@media only screen and (max-width:640px) {.fusion-body .fusion-builder-column-2{width:100% !important;order : 0;}.fusion-builder-column-2 > .fusion-column-wrapper {margin-right : 1.92%;margin-left : 1.92%;}}<\/style><\/div><\/div><style type=\"text\/css\">.fusion-body .fusion-flex-container.fusion-builder-row-2{ padding-top : 0px;margin-top : 0px;padding-right : 0px;padding-bottom : 0px;margin-bottom : 0px;padding-left : 0px;}<\/style><\/div><\/div><div class=\"fusion-fullwidth fullwidth-box fusion-builder-row-3 nonhundred-percent-fullwidth non-hundred-percent-height-scrolling\" style=\"background-color: rgba(255,255,255,0);background-position: center center;background-repeat: no-repeat;padding-top:40px;padding-right:0px;padding-bottom:60px;padding-left:0px;margin-bottom: 0px;margin-top: 0px;border-width: 0px 0px 0px 0px;border-color:#eae9e9;border-style:solid;\" ><div class=\"fusion-builder-row fusion-row\"><div class=\"fusion-layout-column fusion_builder_column fusion-builder-column-3 fusion_builder_column_1_4 1_4 fusion-one-fourth fusion-column-first\" style=\"width:22%; margin-right: 4%;margin-top:0px;margin-bottom:20px;\"><div class=\"fusion-column-wrapper fusion-flex-column-wrapper-legacy\" style=\"background-position:left top;background-repeat:no-repeat;-webkit-background-size:cover;-moz-background-size:cover;-o-background-size:cover;background-size:cover;padding: 0px 0px 0px 0px;\"><div class=\"fusion-text fusion-text-2 tit-nosotros\" style=\"text-align:right;font-size:50px;letter-spacing:2px;font-family:&quot;ModernLine&quot;;font-weight:400;\"><p>ecoconception<\/p>\n<\/div><div class=\"fusion-clearfix\"><\/div><\/div><\/div><div class=\"fusion-layout-column fusion_builder_column fusion-builder-column-4 fusion_builder_column_3_4 3_4 fusion-three-fourth fusion-column-last\" style=\"width:74%;margin-top:0px;margin-bottom:20px;\"><div class=\"fusion-column-wrapper fusion-flex-column-wrapper-legacy\" style=\"background-position:left top;background-repeat:no-repeat;-webkit-background-size:cover;-moz-background-size:cover;-o-background-size:cover;background-size:cover;padding: 0px 0px 0px 0px;\"><div class=\"fusion-text fusion-text-3 textos-gen\"><p>Chez MICUNA, le design est tr\u00e8s important, c&rsquo;est pourquoi nous consacrons tout notre enthousiasme et notre passion \u00e0 rendre le processus aussi fid\u00e8le que possible \u00e0 nos valeurs.<\/p>\n<p style=\"text-align: justify;\"><strong>L&rsquo;\u00e9coconception est bas\u00e9e sur la production efficace du produit \u00e0 toutes les \u00e9tapes de son cycle de vie et qui garantit le reboisement des for\u00eats gr\u00e2ce \u00e0 l&rsquo;utilisation de mati\u00e8res premi\u00e8res renouvelables, recycl\u00e9es ou recyclables<\/strong>. Elle pr\u00e9sente donc un certain nombre d&rsquo;avantages environnementaux, tels que:<\/p>\n<p><ul class=\"fusion-checklist fusion-checklist-2\" style=\"font-size:16px;line-height:27.2px;\"><li class=\"fusion-li-item\"><span style=\"background-color:#fff;font-size:14.08px;height:27.2px;width:27.2px;margin-right:11.2px;\" class=\"icon-wrapper circle-yes\"><i class=\"fusion-li-icon fa-check fas\" style=\"color:#D8A88D;\" aria-hidden=\"true\"><\/i><\/span><div class=\"fusion-li-item-content\" style=\"margin-left:38.4px;\">Respect de la r\u00e9glementation environnementale<\/div><\/li><li class=\"fusion-li-item\"><span style=\"background-color:#fff;font-size:14.08px;height:27.2px;width:27.2px;margin-right:11.2px;\" class=\"icon-wrapper circle-yes\"><i class=\"fusion-li-icon fa-check fas\" style=\"color:#D8A88D;\" aria-hidden=\"true\"><\/i><\/span><div class=\"fusion-li-item-content\" style=\"margin-left:38.4px;\">Une plus grande valeur ajout\u00e9e du produit en ayant un impact environnemental plus faible<\/div><\/li><li class=\"fusion-li-item\"><span style=\"background-color:#fff;font-size:14.08px;height:27.2px;width:27.2px;margin-right:11.2px;\" class=\"icon-wrapper circle-yes\"><i class=\"fusion-li-icon fa-check fas\" style=\"color:#D8A88D;\" aria-hidden=\"true\"><\/i><\/span><div class=\"fusion-li-item-content\" style=\"margin-left:38.4px;\">Qualit\u00e9 sup\u00e9rieure et meilleure<\/div><\/li><li class=\"fusion-li-item\"><span style=\"background-color:#fff;font-size:14.08px;height:27.2px;width:27.2px;margin-right:11.2px;\" class=\"icon-wrapper circle-yes\"><i class=\"fusion-li-icon fa-check fas\" style=\"color:#D8A88D;\" aria-hidden=\"true\"><\/i><\/span><div class=\"fusion-li-item-content\" style=\"margin-left:38.4px;\">Durabilit\u00e9 et fonctionnalit\u00e9 accrues du produit<\/div><\/li><li class=\"fusion-li-item\"><span style=\"background-color:#fff;font-size:14.08px;height:27.2px;width:27.2px;margin-right:11.2px;\" class=\"icon-wrapper circle-yes\"><i class=\"fusion-li-icon fa-check fas\" style=\"color:#D8A88D;\" aria-hidden=\"true\"><\/i><\/span><div class=\"fusion-li-item-content\" style=\"margin-left:38.4px;\">Renforcer l&rsquo;esprit d&rsquo;entreprise innovant<\/div><\/li><\/ul>\nNos meubles pour enfants fabriqu\u00e9s en bois durable certifi\u00e9, en plus de pr\u00e9senter un design simple et esth\u00e9tique, pr\u00e9sentent des avantages par rapport aux meubles fabriqu\u00e9s avec d&rsquo;autres types de mat\u00e9riaux. Par exemple, les produits fabriqu\u00e9s \u00e0 partir de bois naturel ont une propri\u00e9t\u00e9 naturelle dans laquelle les bact\u00e9ries ne peuvent pas se reproduire facilement. Chez MICUNA, nous recouvrons \u00e9galement le bois de la <strong>finition babybacter\u00ae<\/strong>, une finition avec une protection antibact\u00e9rienne et une finition \u00e0 l\u2019eau qui permettra \u00e0 votre b\u00e9b\u00e9 de rester en s\u00e9curit\u00e9 et prot\u00e9g\u00e9.<\/p>\n<p>De plus, nous apportons \u00e0 la chambre du b\u00e9b\u00e9, un espace de nature qui favorisera ses sens de l&rsquo;odorat et du toucher, gr\u00e2ce \u00e0 l&rsquo;utilisation du bois naturel, un \u00e9l\u00e9ment vivant qui les stimule de mani\u00e8re naturelle et intuitive.<\/p>\n<p>Ainsi, les meubles pour b\u00e9b\u00e9s et enfants en bois qui suivent les lignes de l&rsquo;\u00e9coconception, sont respectueux tant de la nature que de nos enfants.<\/p>\n<p style=\"margin-top: 30px; text-align: justify;\">Notre engagement en faveur de l&rsquo;\u00e9coconception se traduit par des <strong>conceptions multifonctionnelles, \u00e9volutives et transformables <\/strong>qui nous permettent de prolonger la dur\u00e9e de vie de nos meubles.<\/p>\n<\/div><div class=\"fusion-clearfix\"><\/div><\/div><\/div><\/div><\/div><div id=\"ecoconception\"><div class=\"fusion-fullwidth fullwidth-box fusion-builder-row-4 fusion-flex-container hundred-percent-fullwidth non-hundred-percent-height-scrolling\" style=\"background-color: #f9f9f9;background-position: center center;background-repeat: no-repeat;border-width: 0px 0px 0px 0px;border-color:#eae9e9;border-style:solid;\" id=\"sostenibilidad\" ><div class=\"fusion-builder-row fusion-row fusion-flex-align-items-flex-start\" style=\"width:104% !important;max-width:104% !important;margin-left: calc(-4% \/ 2 );margin-right: calc(-4% \/ 2 );\"><div class=\"fusion-layout-column fusion_builder_column fusion-builder-column-5 fusion_builder_column_1_1 1_1 fusion-flex-column\"><div class=\"fusion-column-wrapper fusion-flex-justify-content-flex-start fusion-content-layout-column\" style=\"background-position:left top;background-repeat:no-repeat;-webkit-background-size:cover;-moz-background-size:cover;-o-background-size:cover;background-size:cover;padding: 0px 0px 0px 0px;\"><div style=\"text-align:center;\"><span class=\" fusion-imageframe imageframe-none imageframe-2 hover-type-none\" style=\"margin-top:0px;margin-right:0px;margin-bottom:0px;margin-left:0px;\"><img decoding=\"async\" width=\"1797\" height=\"500\" alt=\"sostenibilidad\" title=\"sostenibilidad\" src=\"https:\/\/micuna.com\/wp-content\/uploads\/2021\/06\/sostenibilidad.jpg\" data-orig-src=\"https:\/\/micuna.com\/wp-content\/uploads\/2021\/06\/sostenibilidad.jpg\" class=\"lazyload img-responsive wp-image-21739\" srcset=\"data:image\/svg+xml,%3Csvg%20xmlns%3D%27http%3A%2F%2Fwww.w3.org%2F2000%2Fsvg%27%20width%3D%271797%27%20height%3D%27500%27%20viewBox%3D%270%200%201797%20500%27%3E%3Crect%20width%3D%271797%27%20height%3D%27500%27%20fill-opacity%3D%220%22%2F%3E%3C%2Fsvg%3E\" data-srcset=\"https:\/\/micuna.com\/wp-content\/uploads\/2021\/06\/sostenibilidad-200x56.jpg 200w, https:\/\/micuna.com\/wp-content\/uploads\/2021\/06\/sostenibilidad-400x111.jpg 400w, https:\/\/micuna.com\/wp-content\/uploads\/2021\/06\/sostenibilidad-600x167.jpg 600w, https:\/\/micuna.com\/wp-content\/uploads\/2021\/06\/sostenibilidad-800x223.jpg 800w, https:\/\/micuna.com\/wp-content\/uploads\/2021\/06\/sostenibilidad-1200x334.jpg 1200w, https:\/\/micuna.com\/wp-content\/uploads\/2021\/06\/sostenibilidad.jpg 1797w\" data-sizes=\"auto\" data-orig-sizes=\"(max-width: 1024px) 100vw, (max-width: 640px) 100vw, 1200px\" \/><\/span><\/div><\/div><style type=\"text\/css\">.fusion-body .fusion-builder-column-5{width:100% !important;margin-top : 0px;margin-bottom : 0px;}.fusion-builder-column-5 > .fusion-column-wrapper {padding-top : 0 !important;padding-right : 0 !important;margin-right : 0;padding-bottom : 0 !important;padding-left : 0 !important;margin-left : 0;}@media only screen and (max-width:1024px) {.fusion-body .fusion-builder-column-5{width:100% !important;order : 0;}.fusion-builder-column-5 > .fusion-column-wrapper {margin-right : 1.92%;margin-left : 1.92%;}}@media only screen and (max-width:640px) {.fusion-body .fusion-builder-column-5{width:100% !important;order : 0;}.fusion-builder-column-5 > .fusion-column-wrapper {margin-right : 1.92%;margin-left : 1.92%;}}<\/style><\/div><\/div><style type=\"text\/css\">.fusion-body .fusion-flex-container.fusion-builder-row-4{ padding-top : 0px;margin-top : 0px;padding-right : 0px;padding-bottom : 0px;margin-bottom : 0px;padding-left : 0px;}<\/style><\/div><\/div><div class=\"fusion-fullwidth fullwidth-box fusion-builder-row-5 nonhundred-percent-fullwidth non-hundred-percent-height-scrolling\" style=\"background-color: rgba(255,255,255,0);background-position: center center;background-repeat: no-repeat;padding-top:40px;padding-right:0px;padding-bottom:60px;padding-left:0px;margin-bottom: 0px;margin-top: 0px;border-width: 0px 0px 0px 0px;border-color:#eae9e9;border-style:solid;\" ><div class=\"fusion-builder-row fusion-row\"><div class=\"fusion-layout-column fusion_builder_column fusion-builder-column-6 fusion_builder_column_1_3 1_3 fusion-one-third fusion-column-first\" style=\"width:30.6666%; margin-right: 4%;margin-top:0px;margin-bottom:20px;\"><div class=\"fusion-column-wrapper fusion-flex-column-wrapper-legacy\" style=\"background-position:left top;background-repeat:no-repeat;-webkit-background-size:cover;-moz-background-size:cover;-o-background-size:cover;background-size:cover;padding: 0px 0px 0px 0px;\"><div class=\"fusion-text fusion-text-4 tit-nosotros\" style=\"text-align:right;font-size:50px;letter-spacing:2px;font-family:&quot;ModernLine&quot;;font-weight:400;\"><p>durabilite<\/p>\n<\/div><div class=\"fusion-clearfix\"><\/div><\/div><\/div><div class=\"fusion-layout-column fusion_builder_column fusion-builder-column-7 fusion_builder_column_2_3 2_3 fusion-two-third fusion-column-last\" style=\"width:65.3333%;margin-top:0px;margin-bottom:20px;\"><div class=\"fusion-column-wrapper fusion-flex-column-wrapper-legacy\" style=\"background-position:left top;background-repeat:no-repeat;-webkit-background-size:cover;-moz-background-size:cover;-o-background-size:cover;background-size:cover;padding: 0px 0px 0px 0px;\"><div class=\"fusion-text fusion-text-5 textos-gen\"><p>Chez MICUNA, nous travaillons chaque jour pour laisser un monde vert \u00e0 nos enfants. Pour ce faire, nous incluons diff\u00e9rentes pratiques\u00a0<strong>visant \u00e0 r\u00e9duire notre empreinte \u00e9cologique<\/strong>\u00a0dans le monde.<\/p>\n<p>Nos installations sont \u00e9quip\u00e9es de diff\u00e9rentes technologies que nous avons mises en \u0153uvre ces derni\u00e8res ann\u00e9es pour \u00eatre en phase en termes de durabilit\u00e9 et de responsabilit\u00e9 vis-\u00e0-vis de l&rsquo;environnement. L&rsquo;usine de production de Micuna est \u00e9quip\u00e9e de panneaux solaires photovolta\u00efques, ainsi que d&rsquo;autres technologies visant \u00e0 am\u00e9liorer l&rsquo;<strong>efficacit\u00e9 \u00e9nerg\u00e9tique<\/strong>\u00a0et la consommation.<\/p>\n<p>En outre, nous utilisons du bois provenant de for\u00eats \u00e9cologiques, des mat\u00e9riaux naturels, des peintures \u00e0 l&rsquo;eau non toxiques et des proc\u00e9d\u00e9s de fabrication aussi artisanaux que possible, en r\u00e9utilisant l&rsquo;\u00e9nergie que nous produisons nous-m\u00eames gr\u00e2ce \u00e0 nos\u00a0<strong>installations d&rsquo;autoconsommation<\/strong>.<\/p>\n<\/div><div class=\"fusion-clearfix\"><\/div><\/div><\/div><\/div><\/div><\/p>\n","protected":false},"excerpt":{"rendered":"","protected":false},"author":1,"featured_media":0,"parent":0,"menu_order":0,"comment_status":"closed","ping_status":"closed","template":"100-width.php","meta":{"footnotes":""},"class_list":["post-24217","page","type-page","status-publish","hentry"],"_links":{"self":[{"href":"https:\/\/micuna.com\/fr\/wp-json\/wp\/v2\/pages\/24217","targetHints":{"allow":["GET"]}}],"collection":[{"href":"https:\/\/micuna.com\/fr\/wp-json\/wp\/v2\/pages"}],"about":[{"href":"https:\/\/micuna.com\/fr\/wp-json\/wp\/v2\/types\/page"}],"author":[{"embeddable":true,"href":"https:\/\/micuna.com\/fr\/wp-json\/wp\/v2\/users\/1"}],"replies":[{"embeddable":true,"href":"https:\/\/micuna.com\/fr\/wp-json\/wp\/v2\/comments?post=24217"}],"version-history":[{"count":7,"href":"https:\/\/micuna.com\/fr\/wp-json\/wp\/v2\/pages\/24217\/revisions"}],"predecessor-version":[{"id":25194,"href":"https:\/\/micuna.com\/fr\/wp-json\/wp\/v2\/pages\/24217\/revisions\/25194"}],"wp:attachment":[{"href":"https:\/\/micuna.com\/fr\/wp-json\/wp\/v2\/media?parent=24217"}],"curies":[{"name":"wp","href":"https:\/\/api.w.org\/{rel}","templated":true}]}}