{"id":25178,"date":"2021-06-01T10:13:35","date_gmt":"2021-06-01T10:13:35","guid":{"rendered":"https:\/\/micuna.com\/politica-cookies\/"},"modified":"2021-08-14T06:48:28","modified_gmt":"2021-08-14T06:48:28","slug":"politique-sur-les-cookies","status":"publish","type":"page","link":"https:\/\/micuna.com\/fr\/politique-sur-les-cookies\/","title":{"rendered":"Politique sur les cookies"},"content":{"rendered":"<div class=\"fusion-fullwidth fullwidth-box fusion-builder-row-1 fusion-flex-container nonhundred-percent-fullwidth non-hundred-percent-height-scrolling\" style=\"background-color: rgba(255,255,255,0);background-position: center center;background-repeat: no-repeat;border-width: 0px 0px 0px 0px;border-color:#eae9e9;border-style:solid;\" ><div class=\"fusion-builder-row fusion-row fusion-flex-align-items-flex-start\" style=\"max-width:1216.8px;margin-left: calc(-4% \/ 2 );margin-right: calc(-4% \/ 2 );\"><div class=\"fusion-layout-column fusion_builder_column fusion-builder-column-0 fusion_builder_column_1_1 1_1 fusion-flex-column\"><div class=\"fusion-column-wrapper fusion-flex-justify-content-flex-start fusion-content-layout-column\" style=\"background-position:left top;background-repeat:no-repeat;-webkit-background-size:cover;-moz-background-size:cover;-o-background-size:cover;background-size:cover;padding: 0px 0px 0px 0px;\"><div class=\"fusion-text fusion-text-1\"><h2 style=\"text-align: justify;\">Politique sur les cookies<\/h2>\n<p style=\"text-align: justify;\"><strong>Identification du responsable \/ prestataire de services de la societ\u00e9 de l&rsquo;information<\/strong><\/p>\n<p style=\"text-align: justify;\">Conform\u00e9ment aux dispositions de l&rsquo;article 10 de la loi 34\/2002, du 11 juillet, sur les services de la soci\u00e9t\u00e9 de l&rsquo;information et le commerce \u00e9lectronique (ci-apr\u00e8s, LSSI-CE), nous informons de mani\u00e8re expresse, pr\u00e9cise et sans \u00e9quivoque tant les utilisateurs, les destinataires du service que les organismes comp\u00e9tents, des aspects suivants relatifs au fournisseur de services de la soci\u00e9t\u00e9 de l&rsquo;information:<\/p>\n<p style=\"text-align: justify;\"><strong>\u00a0<\/strong><\/p>\n<table style=\"height: 400px; width: 100%; max-width: 768px;\">\n<tbody>\n<tr>\n<td width=\"140\">Identit\u00e9 &#8211; Soci\u00e9t\u00e9<\/td>\n<td width=\"419\">Micuna S.L.U<\/td>\n<\/tr>\n<tr>\n<td width=\"140\">CIF\/NIF<\/td>\n<td width=\"419\">B-46191094<\/td>\n<\/tr>\n<tr>\n<td width=\"140\">Adresse postale<\/td>\n<td width=\"419\">Calle Albufera, 24<\/td>\n<\/tr>\n<tr>\n<td width=\"140\">T\u00e9l\u00e9phone<\/td>\n<td width=\"419\">961740616<\/td>\n<\/tr>\n<tr>\n<td width=\"140\">Courrier \u00e9lectronique<\/td>\n<td width=\"419\">micuna@micuna.com<\/td>\n<\/tr>\n<tr>\n<td width=\"140\">Objet social<\/td>\n<td width=\"419\">Fabrication, vente et exploitation de tous types de meubles, d&rsquo;articles de d\u00e9coration et d&rsquo;ornement.<\/td>\n<\/tr>\n<tr>\n<td width=\"140\">Site web<\/td>\n<td width=\"419\">https:\/\/micuna.com<\/td>\n<\/tr>\n<tr>\n<td width=\"140\">Donn\u00e9es d&rsquo;enregistrement<\/td>\n<td width=\"419\">1\/2\/1983, volume 1177 g\u00e9n\u00e9ral 384 de la section 4 du Livre des Soci\u00e9t\u00e9s, folio 1, feuille num\u00e9ro 7342, 1<sup>\u00e8re<\/sup> inscription<\/td>\n<\/tr>\n<\/tbody>\n<\/table>\n<p style=\"text-align: justify;\"><strong>\u00a0<\/strong><\/p>\n<p style=\"text-align: justify;\"><strong>Ce que vous devez savoir sur les cookies sur notre site web<\/strong><\/p>\n<p>Conform\u00e9ment \u00e0 la loi 34\/2002, du 11 juillet, sur les services de la soci\u00e9t\u00e9 de l&rsquo;information et le commerce \u00e9lectronique (LSSICE), nous vous informons que notre site web utilise ses propres cookies et ceux de tiers.<\/p>\n<p>En tant qu&rsquo;utilisateur de notre site web, nous vous informons que nous utilisons des cookies et\/ou des technologies similaires (ci-apr\u00e8s \u00ab\u00a0cookies\u00a0\u00bb) qui stockent et r\u00e9cup\u00e8rent des informations lorsque vous naviguez. En g\u00e9n\u00e9ral, ces technologies peuvent servir \u00e0 de nombreuses fins diff\u00e9rentes, comme vous reconna\u00eetre en tant qu&rsquo;utilisateur, obtenir des informations sur vos habitudes de navigation, vous envoyer de la publicit\u00e9 ou personnaliser la fa\u00e7on dont le contenu est affich\u00e9.<\/p>\n<p style=\"text-align: justify;\">Nous d\u00e9taillons ci-dessous les diff\u00e9rents types de cookies existants:<\/p>\n<p style=\"text-align: justify;\"><strong>\u00a0<\/strong><\/p>\n<ol style=\"text-align: justify;\">\n<li><strong>Type de cookies en fonction de leur finalit\u00e9<\/strong><\/li>\n<\/ol>\n<p style=\"text-align: justify;\"><u>Cookies techniques:<\/u><\/p>\n<p style=\"text-align: justify;\">Ils permettent de contr\u00f4ler le trafic de donn\u00e9es, de se connecter, d&rsquo;effectuer des achats, de formuler des demandes, d&rsquo;utiliser des \u00e9l\u00e9ments de s\u00e9curit\u00e9 pendant la navigation, de stocker des contenus pour le visionnage de vid\u00e9os ou de sons ou de partager des contenus via les r\u00e9seaux sociaux.<\/p>\n<p style=\"text-align: justify;\"><u>Cookies d&rsquo;analyse\/de mesure:<\/u><\/p>\n<p style=\"text-align: justify;\">Ils permettent de contr\u00f4ler le trafic de donn\u00e9es, de se connecter, d&rsquo;effectuer des achats, de formuler des demandes, d&rsquo;utiliser des \u00e9l\u00e9ments de s\u00e9curit\u00e9 pendant la navigation, de stocker des contenus pour le visionnage de vid\u00e9os ou de sons ou de partager des contenus via les r\u00e9seaux sociaux.<\/p>\n<p style=\"text-align: justify;\"><u>Cookies sociaux:<\/u><\/p>\n<p style=\"text-align: justify;\">Ils sont n\u00e9cessaires pour les r\u00e9seaux sociaux externes (Facebook, Twitter, Pinterest, Instagram, etc.). Leur fonction est de contr\u00f4ler l&rsquo;interaction avec les widgets sociaux sur le site web.<\/p>\n<p style=\"text-align: justify;\"><u>Cookies de ciblage g\u00e9ographique:<\/u><\/p>\n<p style=\"text-align: justify;\">Ils permettent de savoir o\u00f9 se trouve l&rsquo;utilisateur et de lui proposer les informations appropri\u00e9es en fonction de la ville ou du pays qui l&rsquo;int\u00e9resse le plus. Ce cookie est anonyme.<\/p>\n<p style=\"text-align: justify;\"><u>Cookies de personnalisation:<\/u><\/p>\n<p style=\"text-align: justify;\">Ils permettent de reconna\u00eetre l&rsquo;utilisateur et de lui proposer des informations personnalis\u00e9es, telles que la langue, le type de navigateur, etc.<\/p>\n<p style=\"text-align: justify;\"><u>Cookies publicitaires<\/u>:<\/p>\n<p style=\"text-align: justify;\">Ils vous permettent de g\u00e9rer la publicit\u00e9 sur le site web, en l&rsquo;adaptant au service ou aux produits demand\u00e9s.<\/p>\n<p style=\"text-align: justify;\"><u>Cookies de publicit\u00e9 comportementale<\/u>:<\/p>\n<p style=\"text-align: justify;\">Ils permettent la gestion de la publicit\u00e9 sur le site web, en stockant les analyses de comportement des utilisateurs suite \u00e0 l&rsquo;observation continue de leurs habitudes de navigation, ce qui permet de faire de la publicit\u00e9 avec un profil sp\u00e9cifique.<\/p>\n<p style=\"text-align: justify;\"><strong>\u00a0<\/strong><\/p>\n<ol style=\"text-align: justify;\" start=\"2\">\n<li><strong>Types de cookies en fonction de leur dur\u00e9e<\/strong><\/li>\n<\/ol>\n<p style=\"text-align: justify;\"><u>De session:<\/u><\/p>\n<p style=\"text-align: justify;\">Il s&rsquo;agit de cookies con\u00e7us pour collecter et stocker des donn\u00e9es pendant que l&rsquo;utilisateur visite un site web. Lorsque la session prend fin, ils ne sont pas stock\u00e9s sur le dispositif informatique de l&rsquo;utilisateur.<\/p>\n<p style=\"text-align: justify;\"><u>Persistants:<\/u><\/p>\n<p style=\"text-align: justify;\">Il s&rsquo;agit de cookies qui restent install\u00e9s sur le dispositif informatique de l&rsquo;utilisateur et les informations fournies peuvent \u00eatre trait\u00e9es lorsque l&rsquo;utilisateur quitte le site web et lorsqu&rsquo;il se connecte \u00e0 nouveau. Ces cookies peuvent \u00eatre supprim\u00e9s \u00e0 tout moment par l&rsquo;utilisateur.<\/p>\n<p style=\"text-align: justify;\"><strong>\u00a0<\/strong><\/p>\n<ol style=\"text-align: justify;\" start=\"3\">\n<li><strong>Types de cookies en fonction de l&rsquo;organisme qui les g\u00e8re<\/strong><\/li>\n<\/ol>\n<p style=\"text-align: justify;\"><u>Cookies internes<\/u>:<\/p>\n<p style=\"text-align: justify;\">Il s&rsquo;agit de cookies qui sont envoy\u00e9s au dispositif informatique de l&rsquo;utilisateur depuis le syst\u00e8me informatique appartenant au propri\u00e9taire du site web, d&rsquo;o\u00f9 la demande a \u00e9t\u00e9 faite, le service fourni ou un achat effectu\u00e9.<\/p>\n<p style=\"text-align: justify;\"><u>Cookies de tiers<\/u>:<\/p>\n<p>Il s&rsquo;agit de cookies qui sont envoy\u00e9s au dispositif informatique de l&rsquo;utilisateur \u00e0 partir d&rsquo;un domaine ou d&rsquo;un syst\u00e8me informatique qui n&rsquo;appartient pas au propri\u00e9taire du site web, mais \u00e0 une autre entreprise tierce autoris\u00e9e ou contract\u00e9e par le propri\u00e9taire du site web, d&rsquo;o\u00f9 la demande a \u00e9t\u00e9 faite, le service fourni ou un achat effectu\u00e9.<\/p>\n<p style=\"text-align: justify;\">Vous devez savoir que si vous acceptez les cookies de tiers, vous devez les supprimer des options de votre navigateur ou du syst\u00e8me propos\u00e9 par le tiers lui-m\u00eame. Voici les sites que vous pouvez visiter pour en savoir plus sur les cookies de tiers (d\u00e9sactivation, transferts \u00e9ventuels de donn\u00e9es vers des pays tiers, etc.):<\/p>\n<ul>\n<li style=\"text-align: justify;\"><a href=\"https:\/\/support.google.com\/chrome\/answer\/95647?hl=es\" target=\"_blank\" rel=\"nofollow noopener\">Google Chrome<\/a><\/li>\n<li style=\"text-align: justify;\"><a href=\"https:\/\/support.mozilla.org\/es\/kb\/habilitar-y-deshabilitar-cookies-sitios-web-rastrear-preferencias?redirectlocale=es&amp;redirectslug=habilitar-y-deshabilitar-cookies-que-los-sitios-we\" target=\"_blank\" rel=\"nofollow noopener\">Mozilla Firefox<\/a><\/li>\n<li style=\"text-align: justify;\"><a href=\"https:\/\/privacy.microsoft.com\/es-es\/windows-10-microsoft-edge-and-privacy\" target=\"_blank\" rel=\"nofollow noopener\">Microsoft Edge<\/a><\/li>\n<li style=\"text-align: justify;\"><a href=\"https:\/\/support.google.com\/chrome\/answer\/95647?co=GENIE.Platform%3DAndroid&amp;hl=es-419\" target=\"_blank\" rel=\"nofollow noopener\">Chrome para Android<\/a><\/li>\n<li style=\"text-align: justify;\"><a href=\"https:\/\/support.apple.com\/es-es\/guide\/safari\/manage-cookies-and-website-data-sfri11471\/mac\" target=\"_blank\" rel=\"nofollow noopener\">Safari (Apple)<\/a><\/li>\n<li style=\"text-align: justify;\"><a href=\"https:\/\/www.habilitarlascookies.com\/como-habilitar-las-cookies-en-opera.html\" target=\"_blank\" rel=\"nofollow noopener\">Opera<\/a><\/li>\n<li style=\"text-align: justify;\"><a href=\"http:\/\/support.mozilla.org\/es\/kb\/habilitar-y-deshabilitar-cookies-que-los-sitios-we\" target=\"_blank\" rel=\"nofollow noopener\">Firefox<\/a><\/li>\n<\/ul>\n<p style=\"text-align: justify;\">As\u00ed como <a href=\"http:\/\/www.google.es\/intl\/es\/policies\/technologies\/cookies\/\" target=\"_blank\" rel=\"nofollow noopener\">Google AdWords<\/a><\/p>\n<p>Si vous utilisez d&rsquo;autres navigateurs, nous vous recommandons de consulter leur politique d&rsquo;utilisation et de gestion des cookies.<\/p>\n<p style=\"text-align: justify;\">Vous pouvez trouver l&rsquo;outil\u00a0 <a href=\"http:\/\/www.youronlinechoices.com\/\" target=\"_blank\" rel=\"nofollow noopener\">http:\/\/www.youronlinechoices.com\/<\/a> tr\u00e8s utile pour g\u00e9rer chacun des cookies.<\/p>\n<p style=\"text-align: justify;\">Veuillez noter que si vous d\u00e9sactivez l&rsquo;un des cookies, l&rsquo;outil de contr\u00f4le ne fonctionnera plus efficacement, ce qui peut avoir un effet n\u00e9gatif sur votre exp\u00e9rience de navigation globale.<\/p>\n<p style=\"text-align: justify;\"><strong>\u00a0<\/strong><\/p>\n<ol style=\"text-align: justify;\" start=\"4\">\n<li><strong>Transfert de donn\u00e9es<\/strong><\/li>\n<\/ol>\n<p style=\"text-align: justify;\">Vos donn\u00e9es personnelles ne seront pas divulgu\u00e9es \u00e0 d&rsquo;autres pays ou \u00e0 des tiers. En cas de transfert \u00e0 d&rsquo;autres entit\u00e9s ou \u00e0 d&rsquo;autres pays, nous vous en informerons et demanderons votre consentement pr\u00e9alable.<\/p>\n<p>&nbsp;<\/p>\n<ol style=\"text-align: justify;\" start=\"5\">\n<li><strong>L\u00e9gitimation<\/strong><\/li>\n<\/ol>\n<p style=\"text-align: justify;\">En cliquant librement sur le bouton ACCEPTER dans la fen\u00eatre d&rsquo;information sur les cookies (banni\u00e8re ou pop-up), vous consentez express\u00e9ment \u00e0 l&rsquo;utilisation de cookies, bien que vous puissiez changer d&rsquo;avis et retirer votre consentement \u00e0 tout moment.<\/p>\n<p>&nbsp;<\/p>\n<ol style=\"text-align: justify;\" start=\"6\">\n<li><strong>Vos droits<\/strong><\/li>\n<\/ol>\n<p>Vous avez le droit de savoir si notre entreprise traite vos donn\u00e9es personnelles. Par cons\u00e9quent, vous avez le droit d&rsquo;acc\u00e9der \u00e0 vos donn\u00e9es, de les rectifier si elles sont inexactes ou de demander leur suppression lorsque les donn\u00e9es ne sont plus n\u00e9cessaires.<\/p>\n<p style=\"text-align: justify;\">Vous pouvez \u00e9galement exercer votre droit d&rsquo;opposition, de limitation ou de portabilit\u00e9 si vous le jugez opportun, en \u00e9crivant \u00e0 <a href=\"mailto:info@businessadapter.es\">info@businessadapter.es<\/a><\/p>\n<p>et en joignant une copie de votre carte d&rsquo;identit\u00e9 \u00e0 des fins d&rsquo;identification.<\/p>\n<p>Si tu as moins de 14 ans et que tu souhaites faire valoir tes droits, tu peux le faire par l&rsquo;interm\u00e9diaire de tes parents, tuteurs ou repr\u00e9sentant l\u00e9gal.<\/p>\n<p style=\"text-align: justify;\">Si vous souhaitez d\u00e9poser une r\u00e9clamation pour atteinte \u00e0 vos droits, vous pouvez le faire aupr\u00e8s de l&rsquo;Agence espagnole de protection des donn\u00e9es, C\/ Jorge Juan, 6, 28001 Madrid ou sur www.aepd.es.<\/p>\n<p>&nbsp;<\/p>\n<ol style=\"text-align: justify;\" start=\"7\">\n<li><strong>D\u00e9lai de conservation<\/strong><\/li>\n<\/ol>\n<p>Les donn\u00e9es sont conserv\u00e9es pendant une p\u00e9riode aussi courte que possible, conform\u00e9ment \u00e0 la finalit\u00e9 pour laquelle elles ont \u00e9t\u00e9 collect\u00e9es, en tenant compte du principe de minimisation des donn\u00e9es.<\/p>\n<p style=\"text-align: justify;\">Pour plus d&rsquo;informations sur le traitement des donn\u00e9es personnelles, veuillez consulter notre <a href=\"https:\/\/micuna.com\/fr\/politique-de-confidentialite\"><u>Politique de confidentialite<\/u><\/a>.<\/p>\n<p style=\"text-align: justify;\">Mise \u00e0 jour le 2 juin 2021.<\/p>\n<\/div><\/div><style type=\"text\/css\">.fusion-body .fusion-builder-column-0{width:100% !important;margin-top : 0px;margin-bottom : 20px;}.fusion-builder-column-0 > .fusion-column-wrapper {padding-top : 0px !important;padding-right : 0px !important;margin-right : 1.92%;padding-bottom : 0px !important;padding-left : 0px !important;margin-left : 1.92%;}@media only screen and (max-width:1024px) {.fusion-body .fusion-builder-column-0{width:100% !important;order : 0;}.fusion-builder-column-0 > .fusion-column-wrapper {margin-right : 1.92%;margin-left : 1.92%;}}@media only screen and (max-width:640px) {.fusion-body .fusion-builder-column-0{width:100% !important;order : 0;}.fusion-builder-column-0 > .fusion-column-wrapper {margin-right : 1.92%;margin-left : 1.92%;}}<\/style><\/div><\/div><style type=\"text\/css\">.fusion-body .fusion-flex-container.fusion-builder-row-1{ padding-top : 0px;margin-top : 0px;padding-right : 0px;padding-bottom : 0px;margin-bottom : 0px;padding-left : 0px;}<\/style><\/div>\n","protected":false},"excerpt":{"rendered":"","protected":false},"author":1,"featured_media":0,"parent":0,"menu_order":0,"comment_status":"closed","ping_status":"closed","template":"","meta":{"footnotes":""},"class_list":["post-25178","page","type-page","status-publish","hentry"],"_links":{"self":[{"href":"https:\/\/micuna.com\/fr\/wp-json\/wp\/v2\/pages\/25178","targetHints":{"allow":["GET"]}}],"collection":[{"href":"https:\/\/micuna.com\/fr\/wp-json\/wp\/v2\/pages"}],"about":[{"href":"https:\/\/micuna.com\/fr\/wp-json\/wp\/v2\/types\/page"}],"author":[{"embeddable":true,"href":"https:\/\/micuna.com\/fr\/wp-json\/wp\/v2\/users\/1"}],"replies":[{"embeddable":true,"href":"https:\/\/micuna.com\/fr\/wp-json\/wp\/v2\/comments?post=25178"}],"version-history":[{"count":4,"href":"https:\/\/micuna.com\/fr\/wp-json\/wp\/v2\/pages\/25178\/revisions"}],"predecessor-version":[{"id":25186,"href":"https:\/\/micuna.com\/fr\/wp-json\/wp\/v2\/pages\/25178\/revisions\/25186"}],"wp:attachment":[{"href":"https:\/\/micuna.com\/fr\/wp-json\/wp\/v2\/media?parent=25178"}],"curies":[{"name":"wp","href":"https:\/\/api.w.org\/{rel}","templated":true}]}}