{"id":25183,"date":"2021-01-14T08:52:51","date_gmt":"2021-01-14T08:52:51","guid":{"rendered":"https:\/\/micuna.com\/politica-privacidad\/"},"modified":"2021-08-14T06:47:10","modified_gmt":"2021-08-14T06:47:10","slug":"politique-de-confidentialite","status":"publish","type":"page","link":"https:\/\/micuna.com\/fr\/politique-de-confidentialite\/","title":{"rendered":"Politique de confidentialit\u00e9"},"content":{"rendered":"<div class=\"fusion-fullwidth fullwidth-box fusion-builder-row-1 fusion-flex-container nonhundred-percent-fullwidth non-hundred-percent-height-scrolling\" style=\"background-color: rgba(255,255,255,0);background-position: center center;background-repeat: no-repeat;border-width: 0px 0px 0px 0px;border-color:#eae9e9;border-style:solid;\" ><div class=\"fusion-builder-row fusion-row fusion-flex-align-items-flex-start\" style=\"max-width:1216.8px;margin-left: calc(-4% \/ 2 );margin-right: calc(-4% \/ 2 );\"><div class=\"fusion-layout-column fusion_builder_column fusion-builder-column-0 fusion_builder_column_1_1 1_1 fusion-flex-column\"><div class=\"fusion-column-wrapper fusion-flex-justify-content-flex-start fusion-content-layout-column\" style=\"background-position:left top;background-repeat:no-repeat;-webkit-background-size:cover;-moz-background-size:cover;-o-background-size:cover;background-size:cover;padding: 0px 0px 0px 0px;\"><div class=\"fusion-text fusion-text-1\"><h2 style=\"text-align: justify;\">Politique de confidentialit\u00e9<\/h2>\n<p style=\"text-align: justify;\">La pr\u00e9sente politique de confidentialit\u00e9 a pour objet d&rsquo;expliquer comment nous collectons, traitons et prot\u00e9geons les donn\u00e9es \u00e0 caract\u00e8re personnel que vous nous fournissez par l&rsquo;interm\u00e9diaire de notre site web ou de notre blog (ci-apr\u00e8s d\u00e9nomm\u00e9 \u00ab\u00a0site web\u00a0\u00bb) et vous \u00eates libre de d\u00e9cider si vous souhaitez que nous les traitions.<\/p>\n<p style=\"text-align: justify;\"><strong>\u00a0<\/strong><\/p>\n<ol style=\"text-align: justify;\">\n<li><strong>Identification du responsable \/ prestataire de services de la soci\u00e9t\u00e9 de l&rsquo;information<\/strong><\/li>\n<\/ol>\n<p style=\"text-align: justify;\"><strong>\u00a0<\/strong><\/p>\n<table style=\"width: 100%; max-width: 768px; padding: 25px;\">\n<tbody>\n<tr>\n<td width=\"140\">Identit\u00e9 &#8211; Soci\u00e9t\u00e9<\/td>\n<td width=\"419\">Micuna S.L.U<\/td>\n<\/tr>\n<tr>\n<td width=\"140\">CIF\/NIF<\/td>\n<td width=\"419\">B-46191094<\/td>\n<\/tr>\n<tr>\n<td width=\"140\">Adresse postale<\/td>\n<td width=\"419\">Calle Albufera, 24<\/td>\n<\/tr>\n<tr>\n<td width=\"140\">T\u00e9l\u00e9phone<\/td>\n<td width=\"419\">961740616<\/td>\n<\/tr>\n<tr>\n<td width=\"140\">Courrier \u00e9lectronique<\/td>\n<td width=\"419\">micuna@micuna.com<\/td>\n<\/tr>\n<tr>\n<td width=\"140\">Objet social<\/td>\n<td width=\"419\">Fabrication, vente et exploitation de tous types de meubles, d&rsquo;articles de d\u00e9coration et d&rsquo;ornement.<\/td>\n<\/tr>\n<tr>\n<td width=\"140\">Site web<\/td>\n<td width=\"419\">https:\/\/micuna.com<\/td>\n<\/tr>\n<tr>\n<td width=\"140\">Donn\u00e9es d&rsquo;enregistrement<\/td>\n<td width=\"419\">1\/2\/1983, volume 1177 g\u00e9n\u00e9ral 384 de la section 4 du Livre des Soci\u00e9t\u00e9s, folio 1, feuille num\u00e9ro 7342, 1<sup>\u00e8re<\/sup> inscription<\/td>\n<\/tr>\n<\/tbody>\n<\/table>\n<p style=\"text-align: justify;\"><strong>\u00a0<\/strong><\/p>\n<ol style=\"margin-top: 30px; text-align: justify;\" start=\"2\">\n<li><strong>Traitement des donn\u00e9es \u00e0 caract\u00e8re personnel<\/strong><\/li>\n<\/ol>\n<p>Les donn\u00e9es personnelles que vous nous avez fournies seront trait\u00e9es de mani\u00e8re confidentielle et seront int\u00e9gr\u00e9es dans l&rsquo;activit\u00e9 de traitement correspondante appartenant \u00e0 notre soci\u00e9t\u00e9.<\/p>\n<p style=\"text-align: justify;\">Nous demandons les donn\u00e9es qui sont essentielles pour traiter votre demande, pour vous facturer si vous effectuez un achat ou un contrat ou pour maintenir la relation avec vous si vous le demandez ou lorsque nous sommes oblig\u00e9s de le faire afin de vous fournir des services et\/ou de traiter vos achats sur ce site web.<\/p>\n<p style=\"text-align: justify;\"><strong>\u00a0<\/strong><\/p>\n<ol style=\"text-align: justify;\" start=\"3\">\n<li><strong>Finalit\u00e9<\/strong><\/li>\n<\/ol>\n<p>Vos donn\u00e9es personnelles seront trait\u00e9es dans le seul but de traiter vos demandes, que vous soyez client, fournisseur, utilisateur de notre site web ou demandeur d\u2019emploi.<\/p>\n<p style=\"text-align: justify;\">Nous n&rsquo;envoyons pas de publicit\u00e9 sans le consentement pr\u00e9alable de l&rsquo;utilisateur.<\/p>\n<p style=\"text-align: justify;\"><strong>\u00a0<\/strong><\/p>\n<ol style=\"text-align: justify;\" start=\"4\">\n<li><strong>L\u00e9gitimation<\/strong><\/li>\n<\/ol>\n<p style=\"text-align: justify;\">Le traitement de vos donn\u00e9es est effectu\u00e9 sur les bases suivantes:<\/p>\n<ul style=\"text-align: justify;\">\n<li>Votre demande d&rsquo;information, votre candidature \u00e0 un emploi et\/ou l&rsquo;utilisation de nos services et\/ou l&rsquo;achat de produits.<\/li>\n<li>Consentement libre, sp\u00e9cifique, \u00e9clair\u00e9 et non \u00e9quivoque, puisque nous vous informons de la pr\u00e9sente politique de confidentialit\u00e9 que, apr\u00e8s l&rsquo;avoir lue et si vous \u00eates d&rsquo;accord, vous pouvez accepter en cochant les cases pr\u00e9vues \u00e0 cet effet.<\/li>\n<\/ul>\n<p>Vous pouvez changer d&rsquo;avis et retirer votre consentement \u00e0 tout moment.<\/p>\n<p style=\"text-align: justify;\">Dans le cas o\u00f9 l&rsquo;utilisateur a moins de 14 ans ou handicap\u00e9, il sera n\u00e9cessaire d&rsquo;avoir le consentement des parents, tuteurs ou repr\u00e9sentant l\u00e9gal afin de traiter les donn\u00e9es de l&rsquo;utilisateur. L&rsquo;utilisateur est seul responsable de la v\u00e9racit\u00e9 des donn\u00e9es qu&rsquo;il nous transmet.<\/p>\n<p style=\"text-align: justify;\"><strong>\u00a0<\/strong><\/p>\n<ol style=\"text-align: justify;\" start=\"5\">\n<li><strong>Pratiques en mati\u00e8re de s\u00e9curit\u00e9<\/strong><\/li>\n<\/ol>\n<p>Notre soci\u00e9t\u00e9 a mis en \u0153uvre toutes les mesures techniques et organisationnelles n\u00e9cessaires pour prot\u00e9ger les donn\u00e9es personnelles trait\u00e9es, en \u00e9vitant leur perte, leur vol ou leur utilisation non autoris\u00e9e.<\/p>\n<p style=\"text-align: justify;\">Ces mesures sont r\u00e9guli\u00e8rement v\u00e9rifi\u00e9es lors de nos contr\u00f4les de conformit\u00e9 \u00e0 la norme sp\u00e9cifique.<\/p>\n<p style=\"text-align: justify;\"><strong>\u00a0<\/strong><\/p>\n<ol style=\"text-align: justify;\" start=\"6\">\n<li><strong>Conservation des donn\u00e9es<\/strong><\/li>\n<\/ol>\n<p>Les donn\u00e9es personnelles fournies seront conserv\u00e9es pendant la dur\u00e9e n\u00e9cessaire \u00e0 l&rsquo;accomplissement de la finalit\u00e9 pour laquelle elles ont \u00e9t\u00e9 collect\u00e9es et \u00e0 la d\u00e9termination des responsabilit\u00e9s \u00e9ventuelles qui peuvent d\u00e9couler de cette finalit\u00e9.<\/p>\n<p style=\"text-align: justify;\">Dans le cas des demandes d&#8217;emploi, elles seront conserv\u00e9es pendant une p\u00e9riode maximale de 1 an ou jusqu&rsquo;\u00e0 ce que la personne concern\u00e9e nous demande de supprimer ses donn\u00e9es.<\/p>\n<p style=\"text-align: justify;\"><strong>\u00a0<\/strong><\/p>\n<ol style=\"text-align: justify;\" start=\"7\">\n<li><strong>Droits des parties concern\u00e9es<\/strong><\/li>\n<\/ol>\n<p>Vous avez le droit de savoir si notre entreprise traite vos donn\u00e9es personnelles. Par cons\u00e9quent, vous avez le droit d&rsquo;acc\u00e9der \u00e0 vos donn\u00e9es, de les rectifier si elles sont inexactes ou de demander leur suppression lorsque les donn\u00e9es ne sont plus n\u00e9cessaires.<\/p>\n<p>Vous pouvez \u00e9galement exercer votre droit d&rsquo;opposition, de limitation ou de portabilit\u00e9 si vous le jugez opportun, en \u00e9crivant \u00e0 micuna@micuna.com et en joignant une copie de votre carte d&rsquo;identit\u00e9 \u00e0 des fins d&rsquo;identification.<\/p>\n<p>Si la personne qui souhaite faire valoir ses droits est \u00e2g\u00e9e de moins de 14 ans ou est handicap\u00e9e, elle peut le faire par l&rsquo;interm\u00e9diaire de ses parents, tuteurs ou repr\u00e9sentant l\u00e9gal.<\/p>\n<p style=\"text-align: justify;\">Si vous souhaitez d\u00e9poser une r\u00e9clamation pour atteinte \u00e0 vos droits, vous pouvez le faire aupr\u00e8s de l&rsquo;Agence espagnole de protection des donn\u00e9es, C\/ Jorge Juan, 6, 28001 Madrid ou sur www.aepd.es.<\/p>\n<p style=\"text-align: justify;\"><strong>\u00a0<\/strong><strong>\u00a0<\/strong><\/p>\n<ol style=\"text-align: justify;\" start=\"8\">\n<li><b>Profilage<\/b><\/li>\n<\/ol>\n<p>Nous ne cr\u00e9ons pas de profils \u00e0 partir de vos donn\u00e9es personnelles, mais si nous le faisons, vous en serez inform\u00e9 et nous vous demanderons la permission de le faire.<\/p>\n<p style=\"text-align: justify;\">Vous avez \u00e9galement le droit de vous opposer \u00e0 ce traitement \u00e0 tout moment.<\/p>\n<p style=\"text-align: justify;\"><strong>\u00a0<\/strong><\/p>\n<ol style=\"text-align: justify;\" start=\"9\">\n<li><strong>Transfert de donn\u00e9es<\/strong><\/li>\n<\/ol>\n<p>Vos donn\u00e9es personnelles ne seront pas transf\u00e9r\u00e9es \u00e0 d&rsquo;autres pays ou \u00e0 des tiers, sauf dans les cas o\u00f9 il existe une obligation l\u00e9gale.<\/p>\n<p>En cas d&rsquo;achat de produits ou de contrat de services, vos donn\u00e9es personnelles peuvent \u00eatre transf\u00e9r\u00e9es aux entit\u00e9s n\u00e9cessaires pour livrer les produits achet\u00e9s ou vous fournir nos services.<\/p>\n<p>Notre banque conna\u00eetra vos donn\u00e9es pour la gestion du paiement des produits ou services, ainsi que les personnes charg\u00e9es du traitement n\u00e9cessaire \u00e0 l&rsquo;ex\u00e9cution des contrats et\/ou achats.<\/p>\n<p>En cas de transfert \u00e0 d&rsquo;autres entit\u00e9s ou \u00e0 d&rsquo;autres pays, nous vous en informerons et demanderons votre consentement pr\u00e9alable.<\/p>\n<p style=\"text-align: justify;\">\n<ol style=\"text-align: justify;\" start=\"10\">\n<li><strong>Engagement de protection des donn\u00e9es \u00e0 caract\u00e8re personnel<\/strong><\/li>\n<\/ol>\n<p style=\"text-align: justify;\"><strong>\u00a0<\/strong><\/p>\n<p><strong>Champ d\u2019application<\/strong><\/p>\n<p>Cet engagement est obligatoire pour tous les services, les employ\u00e9s de notre organisation et ceux qui interviennent en notre nom.<\/p>\n<p><strong>Objet<\/strong><\/p>\n<p>Nous avons \u00e9tabli des protocoles pour le traitement des donn\u00e9es personnelles, conform\u00e9ment aux dispositions de la r\u00e9glementation espagnole et europ\u00e9enne en mati\u00e8re de protection des donn\u00e9es.<\/p>\n<p><strong>Principes<\/strong><\/p>\n<p style=\"text-align: justify;\">L\u00e9galit\u00e9, loyaut\u00e9, transparence, minimisation des donn\u00e9es, exactitude, limitation de la p\u00e9riode de conservation, int\u00e9grit\u00e9, confidentialit\u00e9 et responsabilit\u00e9 active.<\/p>\n<p style=\"text-align: justify;\"><strong>\u00a0<\/strong><\/p>\n<p><strong>Cat\u00e9gorie sp\u00e9ciale de donn\u00e9es<\/strong><\/p>\n<p style=\"text-align: justify;\">Le traitement des donn\u00e9es \u00e0 caract\u00e8re personnel qui r\u00e9v\u00e8lent l&rsquo;origine raciale ou ethnique, les opinions politiques, les convictions religieuses ou philosophiques, l&rsquo;appartenance syndicale, le traitement des donn\u00e9es g\u00e9n\u00e9tiques ou biom\u00e9triques, des donn\u00e9es relatives \u00e0 la sant\u00e9 ou des donn\u00e9es relatives \u00e0 l&rsquo;orientation sexuelle est interdit, sauf exceptions l\u00e9galement autoris\u00e9es et avec le consentement pr\u00e9alable de la personne concern\u00e9e.<\/p>\n<p style=\"text-align: justify;\"><strong>\u00a0<\/strong><\/p>\n<p><strong>Droits des parties concern\u00e9es<\/strong><\/p>\n<p style=\"text-align: justify;\">Les personnes concern\u00e9es ont le droit d&rsquo;acc\u00e9der \u00e0 leurs donn\u00e9es \u00e0 caract\u00e8re personnel, ainsi que le droit de les faire rectifier si elles sont inexactes, de les effacer si elles ne sont plus n\u00e9cessaires ou si le traitement n&rsquo;est plus souhait\u00e9, de limiter certains traitements, d&rsquo;avoir la possibilit\u00e9 de recevoir du responsable du traitement leurs donn\u00e9es facilement et dans des formats structur\u00e9s et couramment utilis\u00e9s, de voir leurs donn\u00e9es utilis\u00e9es \u00e0 des fins de profilage et de s&rsquo;opposer au traitement \u00e0 tout moment.<\/p>\n<p style=\"text-align: justify;\"><strong>\u00a0<\/strong><\/p>\n<p><strong>Enregistrement des activit\u00e9s, \u00e9valuation d&rsquo;impact et mesures de s\u00e9curit\u00e9<\/strong><\/p>\n<p>Nous conserverons un registre des activit\u00e9s de traitement et analyserons les finalit\u00e9s du traitement, les cat\u00e9gories de personnes concern\u00e9es et de donn\u00e9es, les destinataires, les transferts internationaux, les p\u00e9riodes de conservation, etc, afin d&rsquo;\u00e9valuer les risques du traitement et de mettre en \u0153uvre les mesures de s\u00e9curit\u00e9 n\u00e9cessaires pour garantir la confidentialit\u00e9, l&rsquo;int\u00e9grit\u00e9 et la disponibilit\u00e9 des donn\u00e9es personnelles.<\/p>\n<p>Nous avons \u00e9galement analys\u00e9 la n\u00e9cessit\u00e9 de nommer un d\u00e9l\u00e9gu\u00e9 \u00e0 la protection des donn\u00e9es, en \u00e9tablissant, le cas \u00e9ch\u00e9ant, que la personne choisie \u00e0 ce poste aura une exp\u00e9rience et des connaissances suffisantes conform\u00e9ment aux dispositions de la r\u00e9glementation en vigueur.<\/p>\n<p>La Direction<\/p>\n<p style=\"text-align: justify;\">Mise \u00e0 jour le 2 juin 2021<\/p>\n<\/div><\/div><style type=\"text\/css\">.fusion-body .fusion-builder-column-0{width:100% !important;margin-top : 0px;margin-bottom : 0px;}.fusion-builder-column-0 > .fusion-column-wrapper {padding-top : 0px !important;padding-right : 0px !important;margin-right : 1.92%;padding-bottom : 0px !important;padding-left : 0px !important;margin-left : 1.92%;}@media only screen and (max-width:1024px) {.fusion-body .fusion-builder-column-0{width:100% !important;}.fusion-builder-column-0 > .fusion-column-wrapper {margin-right : 1.92%;margin-left : 1.92%;}}@media only screen and (max-width:640px) {.fusion-body .fusion-builder-column-0{width:100% !important;}.fusion-builder-column-0 > .fusion-column-wrapper {margin-right : 1.92%;margin-left : 1.92%;}}<\/style><\/div><\/div><style type=\"text\/css\">.fusion-body .fusion-flex-container.fusion-builder-row-1{ padding-top : 0px;margin-top : 0px;padding-right : 0px;padding-bottom : 0px;margin-bottom : 0px;padding-left : 0px;}<\/style><\/div>\n","protected":false},"excerpt":{"rendered":"","protected":false},"author":1,"featured_media":0,"parent":0,"menu_order":0,"comment_status":"closed","ping_status":"closed","template":"","meta":{"footnotes":""},"class_list":["post-25183","page","type-page","status-publish","hentry"],"_links":{"self":[{"href":"https:\/\/micuna.com\/fr\/wp-json\/wp\/v2\/pages\/25183","targetHints":{"allow":["GET"]}}],"collection":[{"href":"https:\/\/micuna.com\/fr\/wp-json\/wp\/v2\/pages"}],"about":[{"href":"https:\/\/micuna.com\/fr\/wp-json\/wp\/v2\/types\/page"}],"author":[{"embeddable":true,"href":"https:\/\/micuna.com\/fr\/wp-json\/wp\/v2\/users\/1"}],"replies":[{"embeddable":true,"href":"https:\/\/micuna.com\/fr\/wp-json\/wp\/v2\/comments?post=25183"}],"version-history":[{"count":2,"href":"https:\/\/micuna.com\/fr\/wp-json\/wp\/v2\/pages\/25183\/revisions"}],"predecessor-version":[{"id":25185,"href":"https:\/\/micuna.com\/fr\/wp-json\/wp\/v2\/pages\/25183\/revisions\/25185"}],"wp:attachment":[{"href":"https:\/\/micuna.com\/fr\/wp-json\/wp\/v2\/media?parent=25183"}],"curies":[{"name":"wp","href":"https:\/\/api.w.org\/{rel}","templated":true}]}}