{"id":24357,"date":"2021-05-11T12:36:37","date_gmt":"2021-05-11T12:36:37","guid":{"rendered":"https:\/\/micuna.com\/non%20class\u00e9\/globito-cot\/"},"modified":"2024-04-29T08:55:14","modified_gmt":"2024-04-29T06:55:14","slug":"berceau-globito","status":"publish","type":"product","link":"https:\/\/micuna.com\/fr\/product\/lit-bebe\/tous-les-berceaux\/berceau-globito\/","title":{"rendered":"Globito Lit B\u00e9b\u00e9"},"content":{"rendered":"<p><strong>GLOBITO LIT B\u00c9B\u00c9\u00a0 120&#215;60<\/strong><\/p>\n<p><strong>Dimensions externes:<\/strong> Hauteur 98 cm \/ Largeur 66\u00a0cm \/ Longueur 121 cm<\/p>\n<p><strong>Dimensions internes:<\/strong> Longueur 117\u00a0cm \/ Largeur 59,5\u00a0cm<\/p>\n<p><strong>Mat\u00e9riau:<\/strong> H\u00eatre \u2013 MDF laqu\u00e9<\/p>\n<p><strong>Certificat de s\u00e9curit\u00e9:<\/strong> Europ\u00e9en<\/p>\n<p><strong>Homologation europ\u00e9enne:<\/strong> UNE-EN 716-1\/2:2008 (+A1:2013)<\/p>\n<p><strong>Couleurs:<\/strong> Blanc<\/p>\n<p><strong>Caract\u00e9ristiques:<br \/>\n<\/strong>&#8211; 3 positions du sommier<br \/>\n&#8211; C\u00f4t\u00e9 mobile<br \/>\n\u2013 4 roulettes, dont deux avec freins pour plus de s\u00e9curit\u00e9<\/p>\n<p><strong>En option:<br \/>\n<\/strong>&#8211; CP-949 Luxe tiroir sous berceau<br \/>\n&#8211; CP-1688 Tiroir bascule<br \/>\n&#8211; CP-744 Table \u00e0 langer berceau<br \/>\n&#8211; CP-1775 Kit syst\u00e8me de relaxation<br \/>\n&#8211; CP-1774 Kit jumeaux DUO<br \/>\n&#8211; Large choix de matelas pour berceau 117 x 57 cm<br \/>\n&#8211; CP-1828 Kit cododo en bois<br \/>\n&#8211; MONT-1863 Barri\u00e8re de s\u00e9curit\u00e9 Micussori<\/p>\n","protected":false},"excerpt":{"rendered":"<p>Globito est un berceau de micuna de 120 x 60 cm, robuste mais d&rsquo;aspect l\u00e9ger. Notre ours en peluche Globito se pr\u00e9sente sous la forme d&rsquo;une douce et \u00e9l\u00e9gante rayure. C&rsquo;est un berceau id\u00e9al \u00e0 combiner avec n&rsquo;importe quelle d\u00e9coration.<\/p>\n<p>En option, vous pouvez ajouter plusieurs syst\u00e8mes de micuna: Le kit DUO pour transformer deux berceaux en berceaux pour jumeaux, le syst\u00e8me Pendulum qui permet de bercer le berceau \u00e0 l&rsquo;aide d&rsquo;un tiroir \u00e0 bascule ou le RELAX SYSTEM, un syst\u00e8me pratique gr\u00e2ce auquel vous pouvez placer le matelas du lit dans deux positions diff\u00e9rentes: en position horizontale et avec une inclinaison de 7\u00ba \u00e0 10\u00ba, sans devoir sortir le b\u00e9b\u00e9 du berceau ou le r\u00e9veiller. Le kit DESK est \u00e9galement un syst\u00e8me de micuna en option, avec lequel vous pouvez transformer le berceau de votre b\u00e9b\u00e9 en un bureau pratique. Avec le kit Be2in Wood, vous pouvez le transformer en cododo gr\u00e2ce \u00e0 un syst\u00e8me de ferrures et de sangles faciles \u00e0 installer et avec toutes les garanties de s\u00e9curit\u00e9. Enfin, la barri\u00e8re Montessori, en option, est le compl\u00e9ment id\u00e9al lorsque votre b\u00e9b\u00e9 apprend \u00e0 entrer et sortir seul de son lit.<\/p>\n<p>Une collection con\u00e7ue et fabriqu\u00e9e en Espagne.<\/p>\n<p>Int\u00e9ressant:<br \/>\nNotre berceau est fabriqu\u00e9 en bois de h\u00eatre laqu\u00e9 en blanc avec des peintures \u00e0 l&rsquo;eau et des vernis non toxiques. Tous nos bois proviennent de for\u00eats g\u00e9r\u00e9es durablement et nous d\u00e9veloppons nos conceptions, notre production et notre distribution selon les principes de l&rsquo;\u00e9coconception. Nous sommes tr\u00e8s attach\u00e9s \u00e0 la fabrication \u00e9cologique.<\/p>\n","protected":false},"featured_media":20972,"template":"","meta":[],"product_brand":[],"product_cat":[2074,1805,1814,1804],"product_tag":[1870],"class_list":{"0":"post-24357","1":"product","2":"type-product","3":"status-publish","4":"has-post-thumbnail","6":"product_cat-berceaux-cododo-fr","7":"product_cat-lit-bebe","8":"product_cat-tous-les-berceaux","9":"product_cat-cododo","10":"product_tag-collection-globito","11":"pa_color-madera-blanc","13":"first","14":"instock","15":"shipping-taxable","16":"product-type-simple"},"_links":{"self":[{"href":"https:\/\/micuna.com\/fr\/wp-json\/wp\/v2\/product\/24357","targetHints":{"allow":["GET"]}}],"collection":[{"href":"https:\/\/micuna.com\/fr\/wp-json\/wp\/v2\/product"}],"about":[{"href":"https:\/\/micuna.com\/fr\/wp-json\/wp\/v2\/types\/product"}],"wp:featuredmedia":[{"embeddable":true,"href":"https:\/\/micuna.com\/fr\/wp-json\/wp\/v2\/media\/20972"}],"wp:attachment":[{"href":"https:\/\/micuna.com\/fr\/wp-json\/wp\/v2\/media?parent=24357"}],"wp:term":[{"taxonomy":"product_brand","embeddable":true,"href":"https:\/\/micuna.com\/fr\/wp-json\/wp\/v2\/product_brand?post=24357"},{"taxonomy":"product_cat","embeddable":true,"href":"https:\/\/micuna.com\/fr\/wp-json\/wp\/v2\/product_cat?post=24357"},{"taxonomy":"product_tag","embeddable":true,"href":"https:\/\/micuna.com\/fr\/wp-json\/wp\/v2\/product_tag?post=24357"}],"curies":[{"name":"wp","href":"https:\/\/api.w.org\/{rel}","templated":true}]}}