{"id":24361,"date":"2021-05-11T12:37:05","date_gmt":"2021-05-11T12:37:05","guid":{"rendered":"https:\/\/micuna.com\/non%20class\u00e9\/mountain-cot\/"},"modified":"2024-04-29T08:55:37","modified_gmt":"2024-04-29T06:55:37","slug":"berceau-mountain","status":"publish","type":"product","link":"https:\/\/micuna.com\/fr\/product\/lit-bebe\/tous-les-berceaux\/berceau-mountain\/","title":{"rendered":"Mountain Lit B\u00e9b\u00e9"},"content":{"rendered":"<p><strong>MOUNTAIN LIT B\u00c9B\u00c9 120&#215;60\u00a0<\/strong><\/p>\n<p>120 X 60 (Int. 117 x 59,5 cm)<\/p>\n<p><strong>Mat\u00e9riau:<\/strong> H\u00eatre<\/p>\n<p><strong>Couleur:<\/strong> Blanc \/ Blanc-Cire Naturelle \/ Antracite-Cire Naturelle \/ Cire Naturelle \/ Blue Stone<\/p>\n<p><strong>Caract\u00e9ristiques:<br \/>\n<\/strong>&#8211; 5 Positions de sommier<br \/>\n&#8211; C\u00f4t\u00e9s fixes<br \/>\n\u2013 Avec des roulettes<\/p>\n<p><strong>En option:<br \/>\n<\/strong>\u2013 Matelas de berceau 120 x 60 cm<br \/>\n&#8211; Cododo CP-1786 BE2in<br \/>\n&#8211; Oreiller CH-570<br \/>\n&#8211; Barri\u00e8re MONT-1863<\/p>\n","protected":false},"excerpt":{"rendered":"<p>La collection Mountain de Micuna est arriv\u00e9e, l&rsquo;une des plus minimalistes et tendance de la marque. Son design moderne de barreaux ronds et sa large gamme de couleurs disponibles en font un berceau polyvalent et esth\u00e9tique, pouvant \u00eatre combin\u00e9 avec n&rsquo;importe quel style de d\u00e9coration.<\/p>\n<p>Le berceau Mountain de 120 \u00d7 60 cm est con\u00e7u et fabriqu\u00e9 en Espagne, et dispose de cinq positions de sommier et de roues, pour pouvoir \u00eatre transport\u00e9 o\u00f9 vous le souhaitez. Ce berceau est disponible en Blanc, Blanc-Waterwood et Blue Stone. Combinez-le avec la table \u00e0 langer CAMB-1916, les meubles de notre collection Nature ou l&rsquo;une des baignoires g\u00e9n\u00e9riques Micuna.<\/p>\n<p>Vous pouvez transformer ce berceau en cododo gr\u00e2ce au kit Be2in CP-1786 en option, ou bien, gr\u00e2ce \u00e0 la barri\u00e8re de lit Micussori MONT-1863, vous pourrez le transformer en un lit confortable lorsque votre b\u00e9b\u00e9 pourra entrer et sortir seul du lit.<\/p>\n<p>Comme toujours, les berceaux de Micuna sont fabriqu\u00e9s en bois de h\u00eatre avec une finition antibact\u00e9rienne babybacter\u00aemicuna, des peintures \u00e0 base d&rsquo;eau et des vernis non toxiques, pour une s\u00e9curit\u00e9 maximale pour votre b\u00e9b\u00e9. En outre, le bois utilis\u00e9 pour fabriquer ce berceau provient de for\u00eats g\u00e9r\u00e9es durablement.<\/p>\n","protected":false},"featured_media":27835,"template":"","meta":[],"product_brand":[],"product_cat":[2074,1805,1814,1804],"product_tag":[1877],"class_list":{"0":"post-24361","1":"product","2":"type-product","3":"status-publish","4":"has-post-thumbnail","6":"product_cat-berceaux-cododo-fr","7":"product_cat-lit-bebe","8":"product_cat-tous-les-berceaux","9":"product_cat-cododo","10":"product_tag-collection-mountain","11":"pa_color-madera-cera-natural","12":"pa_color-madera-mountain-blanco-fr","13":"pa_color-madera-mountain-blue-stone-fr","14":"pa_color-madera-mountain-cire-naturelle-blanc","15":"pa_color-madera-mountain-cire-naturelle-gris-nuit","17":"first","18":"instock","19":"shipping-taxable","20":"product-type-variable","21":"has-default-attributes"},"_links":{"self":[{"href":"https:\/\/micuna.com\/fr\/wp-json\/wp\/v2\/product\/24361","targetHints":{"allow":["GET"]}}],"collection":[{"href":"https:\/\/micuna.com\/fr\/wp-json\/wp\/v2\/product"}],"about":[{"href":"https:\/\/micuna.com\/fr\/wp-json\/wp\/v2\/types\/product"}],"wp:featuredmedia":[{"embeddable":true,"href":"https:\/\/micuna.com\/fr\/wp-json\/wp\/v2\/media\/27835"}],"wp:attachment":[{"href":"https:\/\/micuna.com\/fr\/wp-json\/wp\/v2\/media?parent=24361"}],"wp:term":[{"taxonomy":"product_brand","embeddable":true,"href":"https:\/\/micuna.com\/fr\/wp-json\/wp\/v2\/product_brand?post=24361"},{"taxonomy":"product_cat","embeddable":true,"href":"https:\/\/micuna.com\/fr\/wp-json\/wp\/v2\/product_cat?post=24361"},{"taxonomy":"product_tag","embeddable":true,"href":"https:\/\/micuna.com\/fr\/wp-json\/wp\/v2\/product_tag?post=24361"}],"curies":[{"name":"wp","href":"https:\/\/api.w.org\/{rel}","templated":true}]}}