{"id":24381,"date":"2021-05-11T12:37:13","date_gmt":"2021-05-11T12:37:13","guid":{"rendered":"https:\/\/micuna.com\/non%20class\u00e9\/sabana-cot\/"},"modified":"2024-04-29T08:55:54","modified_gmt":"2024-04-29T06:55:54","slug":"berceau-sabana-120x60","status":"publish","type":"product","link":"https:\/\/micuna.com\/fr\/product\/lit-bebe\/tous-les-berceaux\/berceau-sabana-120x60\/","title":{"rendered":"Sabana Lit B\u00e9b\u00e9"},"content":{"rendered":"<p><strong>SABANA LIT B\u00c9B\u00c9 120&#215;60<\/strong><\/p>\n<p><strong>Dimensions externes:<\/strong> Hauteur 102 cm \/ Largeur 65,5 cm \/ Longueur 120 cm<\/p>\n<p><strong>Dimensions internes:<\/strong> Longueur 117\u00a0cm \/ Largeur 59,5\u00a0cm<\/p>\n<p><strong>Mat\u00e9riau:<\/strong> H\u00eatre \u2013 MDF laqu\u00e9<\/p>\n<p><strong>Certificat de s\u00e9curit\u00e9:<\/strong> Europ\u00e9en<\/p>\n<p><strong>Homologation europ\u00e9enne:<\/strong> UNE-EN 716-1\/2:2008 (+A1:2013)<\/p>\n<p><strong>Couleur:<\/strong> Blanc<\/p>\n<p><strong>Caract\u00e9ristiques:<br \/>\n<\/strong>&#8211; 3 positions du sommier<br \/>\n&#8211; C\u00f4t\u00e9 mobile<br \/>\n&#8211; 4 roulettes, dont deux avec freins<\/p>\n<p><strong>En option:<br \/>\n<\/strong>&#8211; CP-949 luxe tiroir sous berceau<br \/>\n&#8211; CP-1688 Tiroir bascule<br \/>\n&#8211; CP-744 Table \u00e0 langer berceau<br \/>\n&#8211; CP-1775 Kit syst\u00e8me de relaxation<br \/>\n&#8211; CP-1774 Kit jumeaux DUO<br \/>\n&#8211; Large choix de matelas pour berceau 117 x 57 cm<br \/>\n&#8211; Textile Sabana assorti disponible<br \/>\n&#8211; CP-1828 Kit cododo en bois<br \/>\n&#8211; MONT-1863 Barri\u00e8re de s\u00e9curit\u00e9 Montessori<\/p>\n","protected":false},"excerpt":{"rendered":"<p>Sabana est une collection dont le personnage principal est une girafe amusante, qui accompagnera les r\u00eaves des b\u00e9b\u00e9s les plus aventureux.<\/p>\n<p>Il est con\u00e7u et fabriqu\u00e9 en Espagne avec du bois de h\u00eatre provenant de for\u00eats durables.<\/p>\n<p>En option, vous pouvez ajouter plusieurs syst\u00e8mes de micuna: Le kit DUO pour transformer deux berceaux en berceaux pour jumeaux, le syst\u00e8me Pendulum qui permet de bercer le berceau \u00e0 l&rsquo;aide d&rsquo;un tiroir \u00e0 bascule ou le RELAX SYSTEM, un syst\u00e8me pratique gr\u00e2ce auquel vous pouvez placer le matelas du lit dans deux positions diff\u00e9rentes: en position horizontale et avec une inclinaison de 7\u00ba \u00e0 10\u00ba, sans devoir sortir le b\u00e9b\u00e9 du berceau ou le r\u00e9veiller.<\/p>\n","protected":false},"featured_media":20958,"template":"","meta":[],"product_brand":[],"product_cat":[2074,1805,1814,1804],"product_tag":[1890],"class_list":{"0":"post-24381","1":"product","2":"type-product","3":"status-publish","4":"has-post-thumbnail","6":"product_cat-berceaux-cododo-fr","7":"product_cat-lit-bebe","8":"product_cat-tous-les-berceaux","9":"product_cat-cododo","10":"product_tag-collection-sabana","11":"pa_color-madera-blanc","13":"first","14":"instock","15":"shipping-taxable","16":"product-type-simple"},"_links":{"self":[{"href":"https:\/\/micuna.com\/fr\/wp-json\/wp\/v2\/product\/24381","targetHints":{"allow":["GET"]}}],"collection":[{"href":"https:\/\/micuna.com\/fr\/wp-json\/wp\/v2\/product"}],"about":[{"href":"https:\/\/micuna.com\/fr\/wp-json\/wp\/v2\/types\/product"}],"wp:featuredmedia":[{"embeddable":true,"href":"https:\/\/micuna.com\/fr\/wp-json\/wp\/v2\/media\/20958"}],"wp:attachment":[{"href":"https:\/\/micuna.com\/fr\/wp-json\/wp\/v2\/media?parent=24381"}],"wp:term":[{"taxonomy":"product_brand","embeddable":true,"href":"https:\/\/micuna.com\/fr\/wp-json\/wp\/v2\/product_brand?post=24381"},{"taxonomy":"product_cat","embeddable":true,"href":"https:\/\/micuna.com\/fr\/wp-json\/wp\/v2\/product_cat?post=24381"},{"taxonomy":"product_tag","embeddable":true,"href":"https:\/\/micuna.com\/fr\/wp-json\/wp\/v2\/product_tag?post=24381"}],"curies":[{"name":"wp","href":"https:\/\/api.w.org\/{rel}","templated":true}]}}