{"id":24394,"date":"2021-05-11T12:36:38","date_gmt":"2021-05-11T12:36:38","guid":{"rendered":"https:\/\/micuna.com\/non%20class\u00e9\/happy-cot\/"},"modified":"2024-04-29T08:57:28","modified_gmt":"2024-04-29T06:57:28","slug":"berceau-happy","status":"publish","type":"product","link":"https:\/\/micuna.com\/fr\/product\/lit-bebe\/tous-les-berceaux\/berceau-happy\/","title":{"rendered":"Happy Lit B\u00e9b\u00e9"},"content":{"rendered":"<p><strong>HAPPY LIT B\u00c9B\u00c9 120&#215;60<\/strong><\/p>\n<p><strong>Mesures externes:<\/strong> 120 x 65,5 x 99 cm<\/p>\n<p><strong>Dimensions internes:<\/strong> 117\u00a0x\u00a059,5\u00a0cm<\/p>\n<p><strong>Caract\u00e9ristiques:<br \/>\n<\/strong>&#8211; 3 positions du sommier<br \/>\n&#8211; C\u00f4t\u00e9 mobile<br \/>\n\u2013 Avec des roulettes<\/p>\n<p><strong>En option:<br \/>\n<\/strong>\u2013 Tiroir CP-949 luxe<br \/>\n\u2013 Tiroir bascule CP-1688<br \/>\n&#8211; Table \u00e0 langer CP-744<br \/>\n\u2013 Kit relaxation CP-1775<br \/>\n\u2013 Matelas de berceau 120 x 60 cm<br \/>\n\u2013 Kit bureau CP-1953<br \/>\n&#8211; Cododo CP-1828 BE2IN Bois<br \/>\n&#8211; Oreiller CH-570<br \/>\n&#8211; Kit jumeaux CP-1774<br \/>\n&#8211; Barri\u00e8re MONT-1863<br \/>\n&#8211; Textile assorti disponible<\/p>\n","protected":false},"excerpt":{"rendered":"<p>Le lit B\u00e9b\u00e9 antibact\u00e9rien Happy de Micuna est le plus sauvage de la marque. Son design adorable avec un \u00e9cureuil mignon \u00e9gaie n\u2019importe quelle chambre d\u2019enfant.<\/p>\n<p>Le berceau Happy de 120\u00a0x\u00a060 cm est disponible en blanc et en blanc-waterwood, avec un textile assorti 100\u00a0% coton en option. Vous pouvez \u00e9galement compl\u00e9ter la chambre de b\u00e9b\u00e9 avec sa baignoire transformable en commode. Associez-les pour obtenir une chambre parfaite! L&rsquo;une des collections de micuna les plus amusantes, con\u00e7ue et fabriqu\u00e9e en Espagne.<\/p>\n<p>En option, vous pouvez ajouter plusieurs syst\u00e8mes de micuna: Le kit Duo pour transformer deux berceaux en berceaux pour jumeaux, le syst\u00e8me Pendulum qui permet de bercer le berceau \u00e0 l&rsquo;aide d&rsquo;un tiroir \u00e0 bascule ou le Syst\u00e8me de relaxation, un syst\u00e8me pratique gr\u00e2ce auquel vous pouvez placer le matelas du lit dans deux positions diff\u00e9rentes: en position horizontale et avec une inclinaison de 7\u00ba \u00e0 10\u00ba, sans devoir sortir le b\u00e9b\u00e9 du berceau ou le r\u00e9veiller. Enfin, la barri\u00e8re de s\u00e9curit\u00e9 Montessori, en option, est le compl\u00e9ment id\u00e9al lorsque votre b\u00e9b\u00e9 apprend \u00e0 entrer et sortir seul de son lit.<\/p>\n<p>Int\u00e9ressant:<br \/>\nNotre berceau est fabriqu\u00e9 en bois de h\u00eatre avec une finition antibact\u00e9rienne babybacter\u00aemicuna, des peintures \u00e0 l&rsquo;eau et des vernis non toxiques. Tous nos bois proviennent de for\u00eats g\u00e9r\u00e9es durablement et nous d\u00e9veloppons nos conceptions, notre production et notre distribution selon les principes de l&rsquo;\u00e9coconception. Nous sommes tr\u00e8s attach\u00e9s \u00e0 la fabrication \u00e9cologique.<\/p>\n","protected":false},"featured_media":18332,"template":"","meta":[],"product_brand":[],"product_cat":[2074,1805,1814,1804],"product_tag":[1894],"class_list":{"0":"post-24394","1":"product","2":"type-product","3":"status-publish","4":"has-post-thumbnail","6":"product_cat-berceaux-cododo-fr","7":"product_cat-lit-bebe","8":"product_cat-tous-les-berceaux","9":"product_cat-cododo","10":"product_tag-collection-happy","11":"pa_color-madera-blanc","12":"pa_color-madera-waterwood-blanc","14":"first","15":"instock","16":"shipping-taxable","17":"product-type-variable"},"_links":{"self":[{"href":"https:\/\/micuna.com\/fr\/wp-json\/wp\/v2\/product\/24394","targetHints":{"allow":["GET"]}}],"collection":[{"href":"https:\/\/micuna.com\/fr\/wp-json\/wp\/v2\/product"}],"about":[{"href":"https:\/\/micuna.com\/fr\/wp-json\/wp\/v2\/types\/product"}],"wp:featuredmedia":[{"embeddable":true,"href":"https:\/\/micuna.com\/fr\/wp-json\/wp\/v2\/media\/18332"}],"wp:attachment":[{"href":"https:\/\/micuna.com\/fr\/wp-json\/wp\/v2\/media?parent=24394"}],"wp:term":[{"taxonomy":"product_brand","embeddable":true,"href":"https:\/\/micuna.com\/fr\/wp-json\/wp\/v2\/product_brand?post=24394"},{"taxonomy":"product_cat","embeddable":true,"href":"https:\/\/micuna.com\/fr\/wp-json\/wp\/v2\/product_cat?post=24394"},{"taxonomy":"product_tag","embeddable":true,"href":"https:\/\/micuna.com\/fr\/wp-json\/wp\/v2\/product_tag?post=24394"}],"curies":[{"name":"wp","href":"https:\/\/api.w.org\/{rel}","templated":true}]}}