{"id":24422,"date":"2021-05-11T12:36:33","date_gmt":"2021-05-11T12:36:33","guid":{"rendered":"https:\/\/micuna.com\/non%20class\u00e9\/big-nature-cot2\/"},"modified":"2024-04-03T09:47:55","modified_gmt":"2024-04-03T07:47:55","slug":"berceau-big-nature","status":"publish","type":"product","link":"https:\/\/micuna.com\/fr\/product\/lit-bebe\/tous-les-berceaux\/berceau-big-nature\/","title":{"rendered":"Nature Big Lit B\u00e9b\u00e9"},"content":{"rendered":"<p><strong>NATURE BIG LIT B\u00c9B\u00c9 140&#215;70<\/strong><\/p>\n<p><strong>Dimensions internes:<\/strong> 140 X 70\u00a0cm<\/p>\n<p><strong>Dimensions externes:<\/strong> Hauteur 84 cm \/ Largeur 76 cm \/ Longueur 148 cm<\/p>\n<p><strong>Mat\u00e9riau:<\/strong> H\u00eatre \u2013 MDF laqu\u00e9\u2013 Panneau m\u00e9lamin\u00e9<\/p>\n<p><strong>Couleur:<\/strong> Cire Naturelle &#8211; Blanc<\/p>\n<p><strong>Caract\u00e9ristiques: <\/strong>2 positions du sommier\/C\u00f4t\u00e9 fixe\/Berceau 140 convertible en un canap\u00e9 et en un lit de 140 x 70<\/p>\n<p><strong>En option: <\/strong>Matelas pour berceau 136 x 67 cm\/Oreiller 70 CH-1097\/ Textile assorti disponible en gris et beige<\/p>\n<p><strong>Hauteurs de sommier<\/strong> : 22,4\/51 cm<\/p>\n","protected":false},"excerpt":{"rendered":"<p>Dans la <strong>collection Nature<\/strong>, nous trouvons \u00e9galement cette version de berceau 140\u00a0x\u00a070\u00a0cm, parfaite pour une dur\u00e9e de vie plus longue, car elle est convertible en lit et, gr\u00e2ce \u00e0 ses dimensions, votre b\u00e9b\u00e9 pourra en profiter jusqu&rsquo;\u00e0 un \u00e2ge plus avanc\u00e9.<\/p>\n<p>Il est fabriqu\u00e9 en bois de h\u00eatre et est disponible en couleur waterwood combin\u00e9 avec du blanc.<\/p>\n<p>Une collection con\u00e7ue et produite en Espagne, fabriqu\u00e9e de mani\u00e8re artisanale avec du bois provenant de for\u00eats durables.<\/p>\n<p>Int\u00e9ressant:<br \/>\nNotre berceau est fabriqu\u00e9 en bois de h\u00eatre avec des peintures \u00e0 l&rsquo;eau et des vernis non toxiques. Tous nos bois proviennent de for\u00eats g\u00e9r\u00e9es durablement et nous d\u00e9veloppons nos conceptions, notre production et notre distribution selon les principes de l&rsquo;\u00e9coconception. Nous sommes tr\u00e8s attach\u00e9s \u00e0 la fabrication \u00e9cologique.<\/p>\n","protected":false},"featured_media":18158,"template":"","meta":[],"product_brand":[],"product_cat":[1805,1814,1810],"product_tag":[1916],"class_list":{"0":"post-24422","1":"product","2":"type-product","3":"status-publish","4":"has-post-thumbnail","6":"product_cat-lit-bebe","7":"product_cat-tous-les-berceaux","8":"product_cat-chambres","9":"product_tag-collection-nature","10":"pa_color-madera-waterwood-blanc","11":"pa_color-madera-waterwood-gris-nuit","13":"first","14":"instock","15":"shipping-taxable","16":"product-type-variable","17":"has-default-attributes"},"_links":{"self":[{"href":"https:\/\/micuna.com\/fr\/wp-json\/wp\/v2\/product\/24422","targetHints":{"allow":["GET"]}}],"collection":[{"href":"https:\/\/micuna.com\/fr\/wp-json\/wp\/v2\/product"}],"about":[{"href":"https:\/\/micuna.com\/fr\/wp-json\/wp\/v2\/types\/product"}],"wp:featuredmedia":[{"embeddable":true,"href":"https:\/\/micuna.com\/fr\/wp-json\/wp\/v2\/media\/18158"}],"wp:attachment":[{"href":"https:\/\/micuna.com\/fr\/wp-json\/wp\/v2\/media?parent=24422"}],"wp:term":[{"taxonomy":"product_brand","embeddable":true,"href":"https:\/\/micuna.com\/fr\/wp-json\/wp\/v2\/product_brand?post=24422"},{"taxonomy":"product_cat","embeddable":true,"href":"https:\/\/micuna.com\/fr\/wp-json\/wp\/v2\/product_cat?post=24422"},{"taxonomy":"product_tag","embeddable":true,"href":"https:\/\/micuna.com\/fr\/wp-json\/wp\/v2\/product_tag?post=24422"}],"curies":[{"name":"wp","href":"https:\/\/api.w.org\/{rel}","templated":true}]}}