{"id":24427,"date":"2021-05-11T12:36:34","date_gmt":"2021-05-11T12:36:34","guid":{"rendered":"https:\/\/micuna.com\/non%20class\u00e9\/swing-cot\/"},"modified":"2024-04-03T12:26:13","modified_gmt":"2024-04-03T10:26:13","slug":"berceau-swing","status":"publish","type":"product","link":"https:\/\/micuna.com\/fr\/product\/lit-bebe\/tous-les-berceaux\/berceau-swing\/","title":{"rendered":"Swing Lit B\u00e9b\u00e9"},"content":{"rendered":"<p><strong> SWING LIT B\u00c9B\u00c9 120&#215;60\u00a0<\/strong><\/p>\n<p><strong>Dimensions externes:<\/strong> Hauteur 88 cm \/ Largeur 67 cm \/ Longueur 128 cm<\/p>\n<p><strong>Dimensions internes:<\/strong> Largeur 59,4 cm \/ Longueur 117 cm<\/p>\n<p><strong>Mat\u00e9riau:<\/strong> H\u00eatre \u2013 MDF laqu\u00e9<\/p>\n<p><strong>Certificat de s\u00e9curit\u00e9:<\/strong> Europ\u00e9en.<\/p>\n<p><strong>Homologation europ\u00e9enne:<\/strong> UNE-EN 716-1\/2:2008 (+A1:2013).<\/p>\n<p><strong>Couleur:<\/strong> Blanc &#8211; Waterwood<\/p>\n<p><strong>Caract\u00e9ristiques:<br \/>\n<\/strong>&#8211; Deux positions du sommier<br \/>\n&#8211; C\u00f4t\u00e9 fixe<br \/>\n&#8211; Syst\u00e8me de relaxation<\/p>\n<p><strong>En option:<br \/>\n<\/strong>&#8211; Matelas de berceau 117 x 57 cm<br \/>\n&#8211; Oreiller 60 CH-570<\/p>\n<p><strong>Recommandations:<br \/>\n<\/strong>Pour nettoyer le berceau Swing, nous vous recommandons de l&rsquo;essuyer avec un chiffon sec pour enlever la poussi\u00e8re ou un chiffon l\u00e9g\u00e8rement humidifi\u00e9 avec de l&rsquo;eau. L&rsquo;utilisation de produits abrasifs est d\u00e9conseill\u00e9e.<\/p>\n","protected":false},"excerpt":{"rendered":"<p>La collection de meubles Swing se caract\u00e9rise par son design raffin\u00e9 de style moderne et minimaliste qui associe le blanc \u00e0 des pieds originaux en bois de h\u00eatre de couleur Waterwood.<\/p>\n<p>Une collection aux lignes \u00e9pur\u00e9es et d&rsquo;une grande robustesse con\u00e7ue et produite en Espagne, fabriqu\u00e9e de mani\u00e8re artisanale avec du bois provenant de for\u00eats durables. Swing est une collection de design rendue possible gr\u00e2ce \u00e0 la collaboration de micuna avec le designer valencien Vicent Peris.<\/p>\n<p>Cette collection est disponible en deux couleurs: Blanc-Waterwood et Gris nuit-Waterwood.<\/p>\n<p>Int\u00e9ressant:<br \/>\nNotre mini-berceau est fabriqu\u00e9 en bois de h\u00eatre avec des peintures \u00e0 l&rsquo;eau et des vernis non toxiques. Tous nos bois proviennent de for\u00eats g\u00e9r\u00e9es durablement et nous d\u00e9veloppons nos conceptions, notre production et notre distribution selon les principes de l&rsquo;\u00e9coconception. Nous sommes tr\u00e8s attach\u00e9s \u00e0 la fabrication \u00e9cologique.<\/p>\n","protected":false},"featured_media":18293,"template":"","meta":[],"product_brand":[],"product_cat":[2076,1805,1814],"product_tag":[1921],"class_list":{"0":"post-24427","1":"product","2":"type-product","3":"status-publish","4":"has-post-thumbnail","6":"product_cat-collections-fr","7":"product_cat-lit-bebe","8":"product_cat-tous-les-berceaux","9":"product_tag-collection-swing","10":"pa_color-madera-waterwood-blanc","11":"pa_color-madera-waterwood-gris-nuit","13":"first","14":"instock","15":"shipping-taxable","16":"product-type-variable"},"_links":{"self":[{"href":"https:\/\/micuna.com\/fr\/wp-json\/wp\/v2\/product\/24427","targetHints":{"allow":["GET"]}}],"collection":[{"href":"https:\/\/micuna.com\/fr\/wp-json\/wp\/v2\/product"}],"about":[{"href":"https:\/\/micuna.com\/fr\/wp-json\/wp\/v2\/types\/product"}],"wp:featuredmedia":[{"embeddable":true,"href":"https:\/\/micuna.com\/fr\/wp-json\/wp\/v2\/media\/18293"}],"wp:attachment":[{"href":"https:\/\/micuna.com\/fr\/wp-json\/wp\/v2\/media?parent=24427"}],"wp:term":[{"taxonomy":"product_brand","embeddable":true,"href":"https:\/\/micuna.com\/fr\/wp-json\/wp\/v2\/product_brand?post=24427"},{"taxonomy":"product_cat","embeddable":true,"href":"https:\/\/micuna.com\/fr\/wp-json\/wp\/v2\/product_cat?post=24427"},{"taxonomy":"product_tag","embeddable":true,"href":"https:\/\/micuna.com\/fr\/wp-json\/wp\/v2\/product_tag?post=24427"}],"curies":[{"name":"wp","href":"https:\/\/api.w.org\/{rel}","templated":true}]}}