{"id":24432,"date":"2021-05-11T12:37:07","date_gmt":"2021-05-11T12:37:07","guid":{"rendered":"https:\/\/micuna.com\/non%20class\u00e9\/nature-cot\/"},"modified":"2024-04-03T09:06:24","modified_gmt":"2024-04-03T07:06:24","slug":"berceau-nature","status":"publish","type":"product","link":"https:\/\/micuna.com\/fr\/product\/lit-bebe\/berceau-nature\/","title":{"rendered":"Nature Lit B\u00e9b\u00e9"},"content":{"rendered":"<p><strong>BERCEAU NATURE 120\u00a0X\u00a060\u00a0CM<\/strong><\/p>\n<p><strong>Dimensions internes:<\/strong> 117\u00a0x\u00a059,5\u00a0cm<\/p>\n<p><strong>Dimensions externes:<\/strong> Hauteur 84 cm \/ Largeur 65,5 cm \/ Longueur 125\u00a0cm<\/p>\n<p><strong>Mat\u00e9riau:<\/strong> H\u00eatre \u2013 MDF laqu\u00e9\u2013 Panneau m\u00e9lamin\u00e9<\/p>\n<p><strong>Caract\u00e9ristiques:<br \/>\n<\/strong>&#8211; 2 positions du sommier pour faciliter le repos du b\u00e9b\u00e9<br \/>\n&#8211; Syst\u00e8me de relaxation inclus<br \/>\n&#8211; C\u00f4t\u00e9 fixe<\/p>\n<p><strong>En option:<br \/>\n<\/strong>&#8211; Plusieurs matelas micuna de haute qualit\u00e9 pour berceau 117 x 57 cm<br \/>\n&#8211; CH-570 oreiller 120 cm.<\/p>\n<p><strong>Recommandations:<br \/>\n<\/strong>Pour nettoyer le berceau, nous vous recommandons de l&rsquo;essuyer avec un chiffon sec pour enlever la poussi\u00e8re ou un chiffon l\u00e9g\u00e8rement humidifi\u00e9 avec de l&rsquo;eau.<br \/>\nL&rsquo;utilisation de produits abrasifs est d\u00e9conseill\u00e9e.<\/p>\n","protected":false},"excerpt":{"rendered":"<p>Le lit b\u00e9b\u00e9 Nature, fabriqu\u00e9 en bois de h\u00eatre, est parfait pour une maison \u00e0 la d\u00e9coration nordique-scandinave. Il est disponible en deux couleurs, blanc et gris orage. Ces couleurs, associ\u00e9es au waterwood, rendent cette collection tr\u00e8s adaptable \u00e0 tout type de d\u00e9coration. En outre, le berceau Nature comprend le syst\u00e8me de relaxation, afin que votre b\u00e9b\u00e9 b\u00e9n\u00e9ficie d&rsquo;un repos des plus agr\u00e9ables.<\/p>\n<p>Une collection con\u00e7ue et produite en Espagne, fabriqu\u00e9e de mani\u00e8re artisanale avec du bois provenant de for\u00eats durables.<\/p>\n<p>Int\u00e9ressant:<br \/>\nNotre berceau est fabriqu\u00e9 en bois de h\u00eatre avec des peintures \u00e0 l&rsquo;eau et des vernis non toxiques. Tous nos bois proviennent de for\u00eats g\u00e9r\u00e9es durablement et nous d\u00e9veloppons nos conceptions, notre production et notre distribution selon les principes de l&rsquo;\u00e9coconception. Nous sommes tr\u00e8s attach\u00e9s \u00e0 la fabrication \u00e9cologique.<\/p>\n","protected":false},"featured_media":18839,"template":"","meta":[],"product_brand":[],"product_cat":[1805,1814],"product_tag":[1916],"class_list":{"0":"post-24432","1":"product","2":"type-product","3":"status-publish","4":"has-post-thumbnail","6":"product_cat-lit-bebe","7":"product_cat-tous-les-berceaux","8":"product_tag-collection-nature","9":"pa_color-madera-waterwood-blanc","11":"first","12":"instock","13":"shipping-taxable","14":"product-type-simple"},"_links":{"self":[{"href":"https:\/\/micuna.com\/fr\/wp-json\/wp\/v2\/product\/24432","targetHints":{"allow":["GET"]}}],"collection":[{"href":"https:\/\/micuna.com\/fr\/wp-json\/wp\/v2\/product"}],"about":[{"href":"https:\/\/micuna.com\/fr\/wp-json\/wp\/v2\/types\/product"}],"wp:featuredmedia":[{"embeddable":true,"href":"https:\/\/micuna.com\/fr\/wp-json\/wp\/v2\/media\/18839"}],"wp:attachment":[{"href":"https:\/\/micuna.com\/fr\/wp-json\/wp\/v2\/media?parent=24432"}],"wp:term":[{"taxonomy":"product_brand","embeddable":true,"href":"https:\/\/micuna.com\/fr\/wp-json\/wp\/v2\/product_brand?post=24432"},{"taxonomy":"product_cat","embeddable":true,"href":"https:\/\/micuna.com\/fr\/wp-json\/wp\/v2\/product_cat?post=24432"},{"taxonomy":"product_tag","embeddable":true,"href":"https:\/\/micuna.com\/fr\/wp-json\/wp\/v2\/product_tag?post=24432"}],"curies":[{"name":"wp","href":"https:\/\/api.w.org\/{rel}","templated":true}]}}