{"id":24434,"date":"2021-05-11T12:36:09","date_gmt":"2021-05-11T12:36:09","guid":{"rendered":"https:\/\/micuna.com\/non%20class\u00e9\/big-swing-cot\/"},"modified":"2024-04-03T12:26:42","modified_gmt":"2024-04-03T10:26:42","slug":"beceau-big-swing-140x70","status":"publish","type":"product","link":"https:\/\/micuna.com\/fr\/product\/lit-bebe\/tous-les-berceaux\/beceau-big-swing-140x70\/","title":{"rendered":"Swing Bed Lit B\u00e9b\u00e9"},"content":{"rendered":"<p><strong>LIT B\u00c9B\u00c9 BED SWING 140X70<\/strong><\/p>\n<p><strong>Dimensions ext\u00e9rieures :<\/strong> Hauteur 93 x Longueur 152 x Prof. 80,3 cm<\/p>\n<p><strong>Dimensions int\u00e9rieures :<\/strong> 140 x 70 cm<\/p>\n<p><strong>Mat\u00e9riau :<\/strong> H\u00eatre \u2013 MDF laqu\u00e9<\/p>\n<p><strong>Couleur<\/strong> : Blanc \u2013 Cire naturelle\/ Gris nuit \u2013 Cire naturelle<\/p>\n<p><strong>Caract\u00e9ristiques :<\/strong> 2 positions de sommier\/ C\u00f4t\u00e9 fixe\/Convertible en un canap\u00e9 et en un lit 140 x 70<\/p>\n<p><strong>En option :<\/strong> Matelas pour berceau 136 x 67 cm\/ Oreiller 70 CH-1097<\/p>\n<p><strong>Hauteurs de sommier :<\/strong> 29,3\/48,5 cm<\/p>\n","protected":false},"excerpt":{"rendered":"<p>La collection de meubles Swing se caract\u00e9rise par son design raffin\u00e9, avec un style moderne et minimaliste qui combine des lames en bois de h\u00eatre blanc et original dans une couleur scandinave.<\/p>\n<p>Lorsque votre b\u00e9b\u00e9 grandit, Swing se transforme en un lit de 140x70cm, sans avoir besoin d\u2019ajouter d\u2019accessoires suppl\u00e9mentaires.<\/p>\n<p>Cette collection a des lignes \u00e9pur\u00e9es et est tr\u00e8s robuste. Il est con\u00e7u et produit en Espagne, fabriqu\u00e9 \u00e0 la main avec du bois provenant de for\u00eats durables. Swing est une collection de design, rendue possible gr\u00e2ce \u00e0 la collaboration de Micuna avec le designer valencien Vicent Peris.<\/p>\n<p>Cette collection est disponible en deux couleurs : White-Cire Naturelle et Night Grey-Cire Naturelle.<\/p>\n<p>Point d\u2019int\u00e9r\u00eat:<br \/>\nNotre lit est en bois de h\u00eatre et laqu\u00e9 en blanc, \u00e0 l\u2019aide de peintures \u00e0 base d\u2019eau et de vernis non toxiques. Tout notre bois provient de for\u00eats g\u00e9r\u00e9es durablement, et nous d\u00e9veloppons nos conceptions, notre production et notre distribution selon le principe de l\u2019\u00e9coconception. Nous avons un engagement fort envers la fabrication \u00e9cologique.<\/p>\n<p>&nbsp;<\/p>\n","protected":false},"featured_media":27476,"template":"","meta":[],"product_brand":[],"product_cat":[2076,1805,1814,1810],"product_tag":[1921],"class_list":{"0":"post-24434","1":"product","2":"type-product","3":"status-publish","4":"has-post-thumbnail","6":"product_cat-collections-fr","7":"product_cat-lit-bebe","8":"product_cat-tous-les-berceaux","9":"product_cat-chambres","10":"product_tag-collection-swing","11":"pa_color-madera-waterwood-blanc","12":"pa_color-madera-waterwood-gris-nuit","14":"first","15":"instock","16":"shipping-taxable","17":"product-type-variable","18":"has-default-attributes"},"_links":{"self":[{"href":"https:\/\/micuna.com\/fr\/wp-json\/wp\/v2\/product\/24434","targetHints":{"allow":["GET"]}}],"collection":[{"href":"https:\/\/micuna.com\/fr\/wp-json\/wp\/v2\/product"}],"about":[{"href":"https:\/\/micuna.com\/fr\/wp-json\/wp\/v2\/types\/product"}],"wp:featuredmedia":[{"embeddable":true,"href":"https:\/\/micuna.com\/fr\/wp-json\/wp\/v2\/media\/27476"}],"wp:attachment":[{"href":"https:\/\/micuna.com\/fr\/wp-json\/wp\/v2\/media?parent=24434"}],"wp:term":[{"taxonomy":"product_brand","embeddable":true,"href":"https:\/\/micuna.com\/fr\/wp-json\/wp\/v2\/product_brand?post=24434"},{"taxonomy":"product_cat","embeddable":true,"href":"https:\/\/micuna.com\/fr\/wp-json\/wp\/v2\/product_cat?post=24434"},{"taxonomy":"product_tag","embeddable":true,"href":"https:\/\/micuna.com\/fr\/wp-json\/wp\/v2\/product_tag?post=24434"}],"curies":[{"name":"wp","href":"https:\/\/api.w.org\/{rel}","templated":true}]}}