{"id":24444,"date":"2021-05-11T12:36:26","date_gmt":"2021-05-11T12:36:26","guid":{"rendered":"https:\/\/micuna.com\/non%20class\u00e9\/twin-duo-kit\/"},"modified":"2024-04-29T09:03:27","modified_gmt":"2024-04-29T07:03:27","slug":"kit-duo-jumeaux","status":"publish","type":"product","link":"https:\/\/micuna.com\/fr\/product\/lit-bebe\/complements-berceaux\/kit-duo-jumeaux\/","title":{"rendered":"Kit Jumeaux"},"content":{"rendered":"<p><strong>KIT DUO JUMEAUX CP-1774<\/strong><\/p>\n<p><strong>Dimensions externes:<\/strong> Largeur 116cm \/ Hauteur 13,5cm \/ Profondeur 13cm<\/p>\n<p><strong>Mat\u00e9riau:<\/strong> DM \u2013 Textile<\/p>\n<p><strong>Couleur:<\/strong> Blanc<\/p>\n<p><strong>Incompatible:<\/strong> Avec sommier inclinable et kits de cododo CP-1786 BE2IN et CP-1828 BE2IN BOIS<\/p>\n<p><strong>Caract\u00e9ristiques:<br \/>\n<\/strong>Comprend: sommier, base et matelas<\/p>\n","protected":false},"excerpt":{"rendered":"<p>Le kit jumeaux CP-1774 est le compl\u00e9ment parfait pour joindre deux berceaux, du m\u00eame mod\u00e8le ou de mod\u00e8les diff\u00e9rents, avec un syst\u00e8me facile, simple et s\u00fbr. Ce compl\u00e9ment est id\u00e9al pour que nos b\u00e9b\u00e9s continuent \u00e0 dormir ensemble apr\u00e8s la naissance, afin que leur sommeil soit plus paisible et plus agr\u00e9able. Le kit comprend \u00e9galement un magnifique cadre photo en forme de petit sac o\u00f9 la cigogne porte les b\u00e9b\u00e9s, que vous pouvez personnaliser avec une photo de famille, ou celle que vous voulez!<\/p>\n","protected":false},"featured_media":28732,"template":"","meta":[],"product_brand":[],"product_cat":[1805,1821,1804,1813],"product_tag":[],"class_list":{"0":"post-24444","1":"product","2":"type-product","3":"status-publish","4":"has-post-thumbnail","6":"product_cat-lit-bebe","7":"product_cat-complements-berceaux","8":"product_cat-cododo","9":"product_cat-kits-cododo","10":"pa_color-madera-blanc","12":"first","13":"instock","14":"shipping-taxable","15":"product-type-simple"},"_links":{"self":[{"href":"https:\/\/micuna.com\/fr\/wp-json\/wp\/v2\/product\/24444","targetHints":{"allow":["GET"]}}],"collection":[{"href":"https:\/\/micuna.com\/fr\/wp-json\/wp\/v2\/product"}],"about":[{"href":"https:\/\/micuna.com\/fr\/wp-json\/wp\/v2\/types\/product"}],"wp:featuredmedia":[{"embeddable":true,"href":"https:\/\/micuna.com\/fr\/wp-json\/wp\/v2\/media\/28732"}],"wp:attachment":[{"href":"https:\/\/micuna.com\/fr\/wp-json\/wp\/v2\/media?parent=24444"}],"wp:term":[{"taxonomy":"product_brand","embeddable":true,"href":"https:\/\/micuna.com\/fr\/wp-json\/wp\/v2\/product_brand?post=24444"},{"taxonomy":"product_cat","embeddable":true,"href":"https:\/\/micuna.com\/fr\/wp-json\/wp\/v2\/product_cat?post=24444"},{"taxonomy":"product_tag","embeddable":true,"href":"https:\/\/micuna.com\/fr\/wp-json\/wp\/v2\/product_tag?post=24444"}],"curies":[{"name":"wp","href":"https:\/\/api.w.org\/{rel}","templated":true}]}}