{"id":24446,"date":"2021-05-11T12:36:55","date_gmt":"2021-05-11T12:36:55","guid":{"rendered":"https:\/\/micuna.com\/non%20class\u00e9\/montessori-barrier\/"},"modified":"2024-04-04T10:50:31","modified_gmt":"2024-04-04T08:50:31","slug":"barriere-montessori","status":"publish","type":"product","link":"https:\/\/micuna.com\/fr\/product\/montessori-fr\/barrieres-de-lit-montessori-fr\/barriere-montessori\/","title":{"rendered":"Barri\u00e8re Montessori pour Berceau"},"content":{"rendered":"<p><strong>BARRI\u00c8RE MICUSSORI MONT-1863<\/strong><\/p>\n<p><strong>Mat\u00e9riau:<\/strong> MDF laqu\u00e9<\/p>\n<p><strong>Couleur:<\/strong> Blanc<\/p>\n<p><strong>Caract\u00e9ristiques:<br \/>\n<\/strong>&#8211; Barri\u00e8re de lit optionnelle de la collection micussori<br \/>\n&#8211; Produit adapt\u00e9 \u00e0 la philosophie Montessori<br \/>\n&#8211; Pour les berceaux de 120 x 60 cm indiqu\u00e9s dans le catalogue et pour tipi house<br \/>\n&#8211; Il est conseill\u00e9 de la placer \u00e0 la hauteur la plus basse du sommier du berceau et sans roues.<\/p>\n<p><strong>En option:<br \/>\n<\/strong>CP-1877 Lampe LED<\/p>\n","protected":false},"excerpt":{"rendered":"<p>La barri\u00e8re de s\u00e9curit\u00e9 pour berceau de la ligne Micussori peut \u00eatre fix\u00e9e \u00e0 n&rsquo;importe quel berceau Micuna de 120 x 60 cm portant cette \u00e9tiquette, ainsi que le tipi house.<\/p>\n<p>Avec des bords arrondis pour \u00e9viter d&rsquo;\u00e9ventuelles rayures, ce compl\u00e9ment suit la philosophie Montessori, une barri\u00e8re qui aidera les petits \u00e0 d\u00e9velopper leur autonomie, parfait pour le moment o\u00f9 votre b\u00e9b\u00e9 apprendra \u00e0 entrer et sortir seul de son berceau.<\/p>\n<p>Collection con\u00e7ue et fabriqu\u00e9e en Espagne.<\/p>\n<p>Int\u00e9ressant:<br \/>\nNotre barri\u00e8re micussori est trait\u00e9e avec des peintures \u00e0 l&rsquo;eau et des vernis non toxiques. Tous nos bois proviennent de for\u00eats g\u00e9r\u00e9es durablement et nous d\u00e9veloppons nos conceptions, notre production et notre distribution selon les principes de l&rsquo;\u00e9coconception. Nous sommes tr\u00e8s attach\u00e9s \u00e0 la fabrication \u00e9cologique.<\/p>\n","protected":false},"featured_media":18638,"template":"","meta":[],"product_brand":[],"product_cat":[1805,1821,1809,1842],"product_tag":[],"class_list":{"0":"post-24446","1":"product","2":"type-product","3":"status-publish","4":"has-post-thumbnail","6":"product_cat-lit-bebe","7":"product_cat-complements-berceaux","8":"product_cat-montessori-fr","9":"product_cat-barrieres-de-lit-montessori-fr","10":"pa_color-madera-blanc","12":"first","13":"instock","14":"shipping-taxable","15":"product-type-simple"},"_links":{"self":[{"href":"https:\/\/micuna.com\/fr\/wp-json\/wp\/v2\/product\/24446","targetHints":{"allow":["GET"]}}],"collection":[{"href":"https:\/\/micuna.com\/fr\/wp-json\/wp\/v2\/product"}],"about":[{"href":"https:\/\/micuna.com\/fr\/wp-json\/wp\/v2\/types\/product"}],"wp:featuredmedia":[{"embeddable":true,"href":"https:\/\/micuna.com\/fr\/wp-json\/wp\/v2\/media\/18638"}],"wp:attachment":[{"href":"https:\/\/micuna.com\/fr\/wp-json\/wp\/v2\/media?parent=24446"}],"wp:term":[{"taxonomy":"product_brand","embeddable":true,"href":"https:\/\/micuna.com\/fr\/wp-json\/wp\/v2\/product_brand?post=24446"},{"taxonomy":"product_cat","embeddable":true,"href":"https:\/\/micuna.com\/fr\/wp-json\/wp\/v2\/product_cat?post=24446"},{"taxonomy":"product_tag","embeddable":true,"href":"https:\/\/micuna.com\/fr\/wp-json\/wp\/v2\/product_tag?post=24446"}],"curies":[{"name":"wp","href":"https:\/\/api.w.org\/{rel}","templated":true}]}}