{"id":24447,"date":"2021-05-11T12:36:32","date_gmt":"2021-05-11T12:36:32","guid":{"rendered":"https:\/\/micuna.com\/non%20class\u00e9\/desk-kit\/"},"modified":"2024-04-04T08:48:17","modified_gmt":"2024-04-04T06:48:17","slug":"kit-bureau","status":"publish","type":"product","link":"https:\/\/micuna.com\/fr\/product\/cots\/cot-drawers\/kit-bureau\/","title":{"rendered":"Kit Bureau"},"content":{"rendered":"<p><strong>KIT BUREAU CP-1839 <\/strong><\/p>\n<p><strong>Taille du panneau:<\/strong> Largeur 117cm \/ Hauteur 2cm \/ Profondeur 58 cm<\/p>\n<p><strong>Mat\u00e9riau:<\/strong> H\u00eatre \u2013 MDF laqu\u00e9<\/p>\n<p><strong>Couleur:<\/strong> Blanc &#8211; Naturel<\/p>\n<p><strong>Caract\u00e9ristiques:<\/strong><\/p>\n<p><strong>Cela inclut:<br \/>\n<\/strong>&#8211; Rehausses en bois.<br \/>\n&#8211; Panneau pour bureau r\u00e9glable en 4 hauteurs, possibilit\u00e9 de montage inclin\u00e9.<\/p>\n","protected":false},"excerpt":{"rendered":"<p>Transformez n&rsquo;importe lequel de nos berceaux en un bureau pratique et confortable gr\u00e2ce au compl\u00e9ment optionnel KIT DESK.<\/p>\n<p>Lorsque votre b\u00e9b\u00e9 commencera \u00e0 aller \u00e0 l&rsquo;\u00e9cole, non seulement il pourra l&rsquo;utiliser pour faire ses devoirs, mais il pourra \u00e9galement donner libre cours \u00e0 sa cr\u00e9ativit\u00e9 en dessinant sur la planche sup\u00e9rieure en guise de tableau. Ne vous inqui\u00e9tez pas, les marqueurs sont faciles \u00e0 effacer.<\/p>\n<p>Gr\u00e2ce aux rehausses en bois, vous pouvez monter votre bureau \u00e0 diff\u00e9rentes hauteurs et dans deux positions: horizontale ou inclin\u00e9e.<\/p>\n<p>Chez micuna, nous nous engageons \u00e0 respecter l&rsquo;environnement en donnant une seconde vie \u00e0 nos meubles. Gr\u00e2ce au Kit DESK, nous augmentons la dur\u00e9e de vie de nos berceaux, favorisant ainsi le recyclage.<\/p>\n<p>Le kit DESK comprend des rehausses en bois, jusqu&rsquo;\u00e0 4 positions du plateau.<\/p>\n","protected":false},"featured_media":21956,"template":"","meta":[],"product_brand":[],"product_cat":[1663],"product_tag":[],"class_list":{"0":"post-24447","1":"product","2":"type-product","3":"status-publish","4":"has-post-thumbnail","6":"product_cat-cot-drawers","7":"pa_color-madera-blanc","9":"first","10":"instock","11":"shipping-taxable","12":"product-type-simple"},"_links":{"self":[{"href":"https:\/\/micuna.com\/fr\/wp-json\/wp\/v2\/product\/24447","targetHints":{"allow":["GET"]}}],"collection":[{"href":"https:\/\/micuna.com\/fr\/wp-json\/wp\/v2\/product"}],"about":[{"href":"https:\/\/micuna.com\/fr\/wp-json\/wp\/v2\/types\/product"}],"wp:featuredmedia":[{"embeddable":true,"href":"https:\/\/micuna.com\/fr\/wp-json\/wp\/v2\/media\/21956"}],"wp:attachment":[{"href":"https:\/\/micuna.com\/fr\/wp-json\/wp\/v2\/media?parent=24447"}],"wp:term":[{"taxonomy":"product_brand","embeddable":true,"href":"https:\/\/micuna.com\/fr\/wp-json\/wp\/v2\/product_brand?post=24447"},{"taxonomy":"product_cat","embeddable":true,"href":"https:\/\/micuna.com\/fr\/wp-json\/wp\/v2\/product_cat?post=24447"},{"taxonomy":"product_tag","embeddable":true,"href":"https:\/\/micuna.com\/fr\/wp-json\/wp\/v2\/product_tag?post=24447"}],"curies":[{"name":"wp","href":"https:\/\/api.w.org\/{rel}","templated":true}]}}