{"id":24455,"date":"2021-05-11T12:36:14","date_gmt":"2021-05-11T12:36:14","guid":{"rendered":"https:\/\/micuna.com\/non%20class\u00e9\/rr-mattress-basic-cot-120\/"},"modified":"2024-04-24T09:00:36","modified_gmt":"2024-04-24T07:00:36","slug":"matelas-rr-basic-120","status":"publish","type":"product","link":"https:\/\/micuna.com\/fr\/product\/lit-bebe\/matelas-et-oreillers\/matelas-rr-basic-120\/","title":{"rendered":"R&#038;R Basic Matelas Lit B\u00e9b\u00e9 120&#215;60"},"content":{"rendered":"<p><strong>R&amp;R BASIC CH-1740 MATELAS 120&#215;60<\/strong><\/p>\n<p><strong>Dimensions:<\/strong> 117\u00a0\u00d7\u00a057 cm.<\/p>\n<p><strong>Caract\u00e9ristiques:<br \/>\n<\/strong>&#8211; Noyau HR 20 Kg de densit\u00e9<br \/>\n&#8211; Traitement anti-acariens. Emp\u00eache la prolif\u00e9ration d&rsquo;acariens<br \/>\n&#8211; Traitement antibact\u00e9rien. \u00c9vite la prolif\u00e9ration de bact\u00e9ries<br \/>\n&#8211; Antiallergique<br \/>\n&#8211; Compatible avec le syst\u00e8me de relaxation de micuna<br \/>\n\u2013 D\u00e9houssable<br \/>\n\u2013 Lavable<\/p>\n","protected":false},"excerpt":{"rendered":"<p>MATELAS COMPATIBLE AVEC LE SYST\u00c8ME RELAXATION<\/p>\n<p>Nous recherchons et analysons les recommandations mondiales sur le sommeil des b\u00e9b\u00e9s et les appliquons \u00e0 nos produits, garantissant ainsi repos et s\u00e9curit\u00e9.<\/p>\n<p>Ce matelas est compl\u00e9t\u00e9 par un syst\u00e8me anti-renversement qui garantit une stabilit\u00e9 maximale au b\u00e9b\u00e9, en le maintenant sur le dos pendant son sommeil, une position recommand\u00e9e par les p\u00e9diatres et les n\u00e9onatologistes. Il int\u00e8gre \u00e9galement un semi-rouleau qui emp\u00eache le b\u00e9b\u00e9 de glisser vers le pied du lit et de sortir de la position recommand\u00e9e.<\/p>\n<p>Le matelas Soie Confort est compatible avec le syst\u00e8me de relaxation de micuna, un syst\u00e8me optionnel pour berceaux (brevet\u00e9 par micuna) qui favorise la respiration et la digestion du b\u00e9b\u00e9, tout en r\u00e9duisant le risque d&rsquo;\u00e9touffement d\u00fb aux vomissements, entre autres. Ce syst\u00e8me permet \u00e9galement d&rsquo;incorporer le matelas de 7 \u00e0 10\u00ba sans avoir \u00e0 sortir le b\u00e9b\u00e9 du berceau.<\/p>\n<p>Tous nos matelas ont un traitement antiacariens.<\/p>\n","protected":false},"featured_media":28719,"template":"","meta":[],"product_brand":[],"product_cat":[1805,1819,1810],"product_tag":[],"class_list":{"0":"post-24455","1":"product","2":"type-product","3":"status-publish","4":"has-post-thumbnail","6":"product_cat-lit-bebe","7":"product_cat-matelas-et-oreillers","8":"product_cat-chambres","10":"first","11":"instock","12":"shipping-taxable","13":"product-type-simple"},"_links":{"self":[{"href":"https:\/\/micuna.com\/fr\/wp-json\/wp\/v2\/product\/24455","targetHints":{"allow":["GET"]}}],"collection":[{"href":"https:\/\/micuna.com\/fr\/wp-json\/wp\/v2\/product"}],"about":[{"href":"https:\/\/micuna.com\/fr\/wp-json\/wp\/v2\/types\/product"}],"wp:featuredmedia":[{"embeddable":true,"href":"https:\/\/micuna.com\/fr\/wp-json\/wp\/v2\/media\/28719"}],"wp:attachment":[{"href":"https:\/\/micuna.com\/fr\/wp-json\/wp\/v2\/media?parent=24455"}],"wp:term":[{"taxonomy":"product_brand","embeddable":true,"href":"https:\/\/micuna.com\/fr\/wp-json\/wp\/v2\/product_brand?post=24455"},{"taxonomy":"product_cat","embeddable":true,"href":"https:\/\/micuna.com\/fr\/wp-json\/wp\/v2\/product_cat?post=24455"},{"taxonomy":"product_tag","embeddable":true,"href":"https:\/\/micuna.com\/fr\/wp-json\/wp\/v2\/product_tag?post=24455"}],"curies":[{"name":"wp","href":"https:\/\/api.w.org\/{rel}","templated":true}]}}