{"id":24456,"date":"2021-05-11T12:36:15","date_gmt":"2021-05-11T12:36:15","guid":{"rendered":"https:\/\/micuna.com\/non%20class\u00e9\/fabric-cot-mattress-120\/"},"modified":"2024-04-03T15:28:06","modified_gmt":"2024-04-03T13:28:06","slug":"matelas-tissu-berceau-120","status":"publish","type":"product","link":"https:\/\/micuna.com\/fr\/product\/lit-bebe\/matelas-et-oreillers\/matelas-tissu-berceau-120\/","title":{"rendered":"Matelas en Mousse 120&#215;60"},"content":{"rendered":"<p><strong>MATELAS EN MOUSSE CH-620 120&#215;60<\/strong><\/p>\n<p><strong>Dimensions:<\/strong> 117 x 57 x 10 cm<\/p>\n<p><strong>Caract\u00e9ristiques:<br \/>\n<\/strong>&#8211; Traitement anti-acariens. Emp\u00eache la prolif\u00e9ration d&rsquo;acariens<br \/>\n&#8211; Toucher chaud et doux<br \/>\n&#8211; Liser\u00e9 blanc<br \/>\n&#8211; Noyau en mousse de 18 kg<br \/>\n&#8211; Tissu 100 % polyester rembourr\u00e9 de 200 g de fibre personnalis\u00e9e micuna<br \/>\n&#8211; Fabriqu\u00e9 en Espagne<\/p>\n","protected":false},"excerpt":{"rendered":"<p>Matelas basique de micuna, fabriqu\u00e9 avec un tissu souple, pour berceau 120 x 60 cm.<\/p>\n<p>Nous recherchons et analysons les recommandations mondiales sur le sommeil des b\u00e9b\u00e9s et les appliquons \u00e0 nos produits, garantissant ainsi repos et s\u00e9curit\u00e9.<\/p>\n<p>Tous les matelas micuna ont un traitement antiacariens.<\/p>\n<p>Fabriqu\u00e9 en Espagne.<\/p>\n","protected":false},"featured_media":18122,"template":"","meta":[],"product_brand":[],"product_cat":[1805,1819,1810],"product_tag":[],"class_list":{"0":"post-24456","1":"product","2":"type-product","3":"status-publish","4":"has-post-thumbnail","6":"product_cat-lit-bebe","7":"product_cat-matelas-et-oreillers","8":"product_cat-chambres","10":"first","11":"instock","12":"shipping-taxable","13":"product-type-simple"},"_links":{"self":[{"href":"https:\/\/micuna.com\/fr\/wp-json\/wp\/v2\/product\/24456","targetHints":{"allow":["GET"]}}],"collection":[{"href":"https:\/\/micuna.com\/fr\/wp-json\/wp\/v2\/product"}],"about":[{"href":"https:\/\/micuna.com\/fr\/wp-json\/wp\/v2\/types\/product"}],"wp:featuredmedia":[{"embeddable":true,"href":"https:\/\/micuna.com\/fr\/wp-json\/wp\/v2\/media\/18122"}],"wp:attachment":[{"href":"https:\/\/micuna.com\/fr\/wp-json\/wp\/v2\/media?parent=24456"}],"wp:term":[{"taxonomy":"product_brand","embeddable":true,"href":"https:\/\/micuna.com\/fr\/wp-json\/wp\/v2\/product_brand?post=24456"},{"taxonomy":"product_cat","embeddable":true,"href":"https:\/\/micuna.com\/fr\/wp-json\/wp\/v2\/product_cat?post=24456"},{"taxonomy":"product_tag","embeddable":true,"href":"https:\/\/micuna.com\/fr\/wp-json\/wp\/v2\/product_tag?post=24456"}],"curies":[{"name":"wp","href":"https:\/\/api.w.org\/{rel}","templated":true}]}}