{"id":24458,"date":"2021-05-11T12:36:11","date_gmt":"2021-05-11T12:36:11","guid":{"rendered":"https:\/\/micuna.com\/non%20class\u00e9\/viscoelastic-cot-mattress-120\/"},"modified":"2024-04-23T13:26:51","modified_gmt":"2024-04-23T11:26:51","slug":"matelas-viscoelastique-berceau-120","status":"publish","type":"product","link":"https:\/\/micuna.com\/fr\/product\/lit-bebe\/matelas-et-oreillers\/matelas-viscoelastique-berceau-120\/","title":{"rendered":"Matelas Viscoelastique Lit B\u00e9b\u00e9 120&#215;60"},"content":{"rendered":"<p><strong>MATELAS VISCO\u00c9LASTIQUE 120&#215;60<\/strong><\/p>\n<p><strong>Dimensions:<\/strong> 117 x 57 x 12 cm<\/p>\n<p><strong>Caract\u00e9ristiques:<br \/>\n<\/strong>&#8211; Traitement anti-acariens. Emp\u00eache la prolif\u00e9ration d&rsquo;acariens<br \/>\n&#8211; Toucher doux<br \/>\n&#8211; Respirant<br \/>\n&#8211; Il s\u2019adapte au corps sous l&rsquo;influence de la temp\u00e9rature corporelle<br \/>\n&#8211; Mousse de 18 kg avec deux couches de visco de 1\u00a0cm<br \/>\n&#8211; Liser\u00e9 blanc<br \/>\n&#8211; Tissu extensible personnalis\u00e9 micuna sans matelassage<br \/>\n&#8211; Fabriqu\u00e9 en Espagne<\/p>\n","protected":false},"excerpt":{"rendered":"<p>Matelas visco\u00e9lastique de micuna, pour berceau 120 x 60 cm.<\/p>\n<p>Nous recherchons et analysons les recommandations mondiales sur le sommeil des b\u00e9b\u00e9s et les appliquons \u00e0 nos produits, garantissant ainsi repos et s\u00e9curit\u00e9.<\/p>\n<p>Mati\u00e8re visco\u00e9lastique thermosensible de haute technologie. Il s&rsquo;adapte au corps sous l&rsquo;influence de la temp\u00e9rature corporelle. Soulage la pression dans les zones \u00e0 risque (\u00e9paules, hanches, talons).<\/p>\n<p>Produit antiallergique et respirant. Tous nos matelas ont un traitement antiacariens.<\/p>\n<p>Fabriqu\u00e9 en Espagne.<\/p>\n","protected":false},"featured_media":28687,"template":"","meta":[],"product_brand":[],"product_cat":[1805,1819,1810],"product_tag":[],"class_list":{"0":"post-24458","1":"product","2":"type-product","3":"status-publish","4":"has-post-thumbnail","6":"product_cat-lit-bebe","7":"product_cat-matelas-et-oreillers","8":"product_cat-chambres","10":"first","11":"instock","12":"shipping-taxable","13":"product-type-simple"},"_links":{"self":[{"href":"https:\/\/micuna.com\/fr\/wp-json\/wp\/v2\/product\/24458","targetHints":{"allow":["GET"]}}],"collection":[{"href":"https:\/\/micuna.com\/fr\/wp-json\/wp\/v2\/product"}],"about":[{"href":"https:\/\/micuna.com\/fr\/wp-json\/wp\/v2\/types\/product"}],"wp:featuredmedia":[{"embeddable":true,"href":"https:\/\/micuna.com\/fr\/wp-json\/wp\/v2\/media\/28687"}],"wp:attachment":[{"href":"https:\/\/micuna.com\/fr\/wp-json\/wp\/v2\/media?parent=24458"}],"wp:term":[{"taxonomy":"product_brand","embeddable":true,"href":"https:\/\/micuna.com\/fr\/wp-json\/wp\/v2\/product_brand?post=24458"},{"taxonomy":"product_cat","embeddable":true,"href":"https:\/\/micuna.com\/fr\/wp-json\/wp\/v2\/product_cat?post=24458"},{"taxonomy":"product_tag","embeddable":true,"href":"https:\/\/micuna.com\/fr\/wp-json\/wp\/v2\/product_tag?post=24458"}],"curies":[{"name":"wp","href":"https:\/\/api.w.org\/{rel}","templated":true}]}}