{"id":24464,"date":"2021-05-11T12:36:32","date_gmt":"2021-05-11T12:36:32","guid":{"rendered":"https:\/\/micuna.com\/non%20class\u00e9\/cot-drawer-120-luxe\/"},"modified":"2024-04-24T11:15:02","modified_gmt":"2024-04-24T09:15:02","slug":"tiroir-berceau","status":"publish","type":"product","link":"https:\/\/micuna.com\/fr\/product\/lit-bebe\/complements-berceaux\/tiroir-berceau\/","title":{"rendered":"Tiroir Lit B\u00e9b\u00e9 120&#215;60"},"content":{"rendered":"<p><strong>TIROIR SOUS BERCEAU CP-949 LUXE 120&#215;60<\/strong><\/p>\n<p><strong>Mat\u00e9riau:<\/strong> Panneau de m\u00e9lamine<\/p>\n<p><strong>Couleur:<\/strong> Blanc\/Bois<\/p>\n<p><strong>Non compatible:<\/strong> avec le kit de cododo BE2IN et BE2IN Wood<\/p>\n<p><strong>Caract\u00e9ristiques:<br \/>\n<\/strong>&#8211; Adaptable \u00e0 tous les berceaux Micuna 120 x 60 cm, du catalogue g\u00e9n\u00e9ral (consulter)<br \/>\n\u2013 Grande capacit\u00e9 de stockage<br \/>\n\u2013 Facile \u00e0 manipuler et \u00e0 ouvrir<br \/>\n&#8211; Gain d&rsquo;espace<\/p>\n","protected":false},"excerpt":{"rendered":"<p>Le tiroir sous le berceau de Micuna est un compl\u00e9ment indispensable au berceau du b\u00e9b\u00e9. Nous pouvons ainsi profiter de l&rsquo;espace vide sous le berceau et les affaires du b\u00e9b\u00e9 seront toujours bien rang\u00e9es. Le linge de lit du b\u00e9b\u00e9, ses v\u00eatements, les peluches et tout ce dont vous avez besoin pour votre enfant seront rang\u00e9s de mani\u00e8re tr\u00e8s pratique.<\/p>\n<p>Tiroir pour berceaux de 120 x 60 cm. Disponible en blanc<\/p>\n","protected":false},"featured_media":27484,"template":"","meta":[],"product_brand":[],"product_cat":[1805,1821,1810],"product_tag":[],"class_list":{"0":"post-24464","1":"product","2":"type-product","3":"status-publish","4":"has-post-thumbnail","6":"product_cat-lit-bebe","7":"product_cat-complements-berceaux","8":"product_cat-chambres","9":"pa_color-madera-blanc","11":"first","12":"instock","13":"shipping-taxable","14":"product-type-simple"},"_links":{"self":[{"href":"https:\/\/micuna.com\/fr\/wp-json\/wp\/v2\/product\/24464","targetHints":{"allow":["GET"]}}],"collection":[{"href":"https:\/\/micuna.com\/fr\/wp-json\/wp\/v2\/product"}],"about":[{"href":"https:\/\/micuna.com\/fr\/wp-json\/wp\/v2\/types\/product"}],"wp:featuredmedia":[{"embeddable":true,"href":"https:\/\/micuna.com\/fr\/wp-json\/wp\/v2\/media\/27484"}],"wp:attachment":[{"href":"https:\/\/micuna.com\/fr\/wp-json\/wp\/v2\/media?parent=24464"}],"wp:term":[{"taxonomy":"product_brand","embeddable":true,"href":"https:\/\/micuna.com\/fr\/wp-json\/wp\/v2\/product_brand?post=24464"},{"taxonomy":"product_cat","embeddable":true,"href":"https:\/\/micuna.com\/fr\/wp-json\/wp\/v2\/product_cat?post=24464"},{"taxonomy":"product_tag","embeddable":true,"href":"https:\/\/micuna.com\/fr\/wp-json\/wp\/v2\/product_tag?post=24464"}],"curies":[{"name":"wp","href":"https:\/\/api.w.org\/{rel}","templated":true}]}}