{"id":24472,"date":"2021-05-11T12:36:27","date_gmt":"2021-05-11T12:36:27","guid":{"rendered":"https:\/\/micuna.com\/non%20class\u00e9\/reclining-bed-base-120\/"},"modified":"2024-04-04T10:52:45","modified_gmt":"2024-04-04T08:52:45","slug":"sommier-inclinable-120","status":"publish","type":"product","link":"https:\/\/micuna.com\/fr\/product\/lit-bebe\/complements-berceaux\/sommier-inclinable-120\/","title":{"rendered":"Sommier Inclinable 120&#215;60"},"content":{"rendered":"<p><strong>SOMMIER INCLINABLE CP-1775 KIT SYST\u00c8ME DE RELAXATION<\/strong><\/p>\n<p><strong>Mat\u00e9riau:<\/strong> H\u00eatre &#8211; MDF<\/p>\n<p><strong>Couleur:<\/strong> Unique<\/p>\n<p><strong>Non compatible avec:<\/strong> le kit jumeaux<\/p>\n<p><strong>Caract\u00e9ristiques:<br \/>\n<\/strong>&#8211; Inclus de s\u00e9rie dans tous les berceaux du catalogue MICUNA SELECTION<br \/>\n&#8211; \u00c9galement disponible en 140\u00a0x\u00a070\u00a0cm<\/p>\n","protected":false},"excerpt":{"rendered":"<p>Notre syst\u00e8me brevet\u00e9 Relax System\u00ae, vous permet d&rsquo;incorporer le b\u00e9b\u00e9 dans un angle de 7\u00ba \u00e0 10\u00ba, en plus d&rsquo;une position horizontale, sans avoir besoin de le r\u00e9veiller.<\/p>\n<p>Avantages pour la sant\u00e9 du b\u00e9b\u00e9:<\/p>\n<p>&#8211; R\u00e9duit les r\u00e9gurgitations apr\u00e8s les t\u00e9t\u00e9es et permet au b\u00e9b\u00e9 d\u2019\u00eatre en position semi-redress\u00e9e en cas de reflux.<\/p>\n<p>&#8211; R\u00e9duit le risque d&rsquo;otites dues aux rhumes.<\/p>\n<p>&#8211; R\u00e9duit l&rsquo;exc\u00e8s de gaz. L&rsquo;une des douleurs les plus fr\u00e9quentes dont souffrent les b\u00e9b\u00e9s est celle produite par les gaz qui exercent une pression sur l&rsquo;abdomen, donnant lieu \u00e0 des coliques. La position allong\u00e9e favorise l&rsquo;\u00e9limination et contribue au bien-\u00eatre du b\u00e9b\u00e9.<\/p>\n<p>&#8211; Chez les nouveau-n\u00e9s, le foie est leur plus grand organe interne. Cette position \u00e9vite le d\u00e9placement du foie vers la pl\u00e8vre et \u00e9vite la pression sur celle-ci.<\/p>\n<p>&#8211; Am\u00e9liore la respiration, favorisant un meilleur d\u00e9veloppement des poumons.<\/p>\n","protected":false},"featured_media":18209,"template":"","meta":[],"product_brand":[],"product_cat":[1805,1821],"product_tag":[],"class_list":{"0":"post-24472","1":"product","2":"type-product","3":"status-publish","4":"has-post-thumbnail","6":"product_cat-lit-bebe","7":"product_cat-complements-berceaux","9":"first","10":"instock","11":"shipping-taxable","12":"product-type-simple"},"_links":{"self":[{"href":"https:\/\/micuna.com\/fr\/wp-json\/wp\/v2\/product\/24472","targetHints":{"allow":["GET"]}}],"collection":[{"href":"https:\/\/micuna.com\/fr\/wp-json\/wp\/v2\/product"}],"about":[{"href":"https:\/\/micuna.com\/fr\/wp-json\/wp\/v2\/types\/product"}],"wp:featuredmedia":[{"embeddable":true,"href":"https:\/\/micuna.com\/fr\/wp-json\/wp\/v2\/media\/18209"}],"wp:attachment":[{"href":"https:\/\/micuna.com\/fr\/wp-json\/wp\/v2\/media?parent=24472"}],"wp:term":[{"taxonomy":"product_brand","embeddable":true,"href":"https:\/\/micuna.com\/fr\/wp-json\/wp\/v2\/product_brand?post=24472"},{"taxonomy":"product_cat","embeddable":true,"href":"https:\/\/micuna.com\/fr\/wp-json\/wp\/v2\/product_cat?post=24472"},{"taxonomy":"product_tag","embeddable":true,"href":"https:\/\/micuna.com\/fr\/wp-json\/wp\/v2\/product_tag?post=24472"}],"curies":[{"name":"wp","href":"https:\/\/api.w.org\/{rel}","templated":true}]}}