{"id":24484,"date":"2021-05-11T12:38:05","date_gmt":"2021-05-11T12:38:05","guid":{"rendered":"https:\/\/micuna.com\/non%20class\u00e9\/greenlife-sheets-120\/"},"modified":"2024-04-03T13:46:53","modified_gmt":"2024-04-03T11:46:53","slug":"draps-green-life-120","status":"publish","type":"product","link":"https:\/\/micuna.com\/fr\/product\/lit-bebe\/textiles-berceaux\/draps-green-life-120\/","title":{"rendered":"Green Life Parure de Lit 120&#215;60"},"content":{"rendered":"<p><strong>GREEN LIFE TX-821 <\/strong><strong>PARURE DE LIT 3 PI\u00c8CES 120&#215;60<\/strong><\/p>\n<p>&nbsp;<\/p>\n<p><strong>Composition:<\/strong> Percale 100\u00a0%\u00a0CO<\/p>\n<p><strong>Couleur:<\/strong> Unique<\/p>\n<p><strong>Caract\u00e9ristiques:<\/strong><br \/>\nComprend un drap de dessus, un drap-housse et une taie d&rsquo;oreiller<\/p>\n","protected":false},"excerpt":{"rendered":"<p>Le magnifique tissu Green Life de Micuna vous transportera dans les for\u00eats australiennes avec son motif de koalas et de feuilles. Cette collection est parfaite pour les b\u00e9b\u00e9s aventuriers.<\/p>\n<p>Cette collection est compos\u00e9e d&rsquo;un kit couette + protection, d&rsquo;un ensemble de draps et d&rsquo;une housse pour la baignoire, le tout r\u00e9alis\u00e9 avec des mat\u00e9riaux de haute qualit\u00e9, con\u00e7u et fabriqu\u00e9 en Espagne.<\/p>\n<p>Vous pouvez combiner cette collection avec le berceau de Micuna de votre choix, et elle est disponible pour les mod\u00e8les de 120\u00a0\u00d7\u00a060 cm.<\/p>\n","protected":false},"featured_media":19520,"template":"","meta":[],"product_brand":[],"product_cat":[1805,1822],"product_tag":[],"class_list":{"0":"post-24484","1":"product","2":"type-product","3":"status-publish","4":"has-post-thumbnail","6":"product_cat-lit-bebe","7":"product_cat-textiles-berceaux","9":"first","10":"instock","11":"shipping-taxable","12":"product-type-simple"},"_links":{"self":[{"href":"https:\/\/micuna.com\/fr\/wp-json\/wp\/v2\/product\/24484","targetHints":{"allow":["GET"]}}],"collection":[{"href":"https:\/\/micuna.com\/fr\/wp-json\/wp\/v2\/product"}],"about":[{"href":"https:\/\/micuna.com\/fr\/wp-json\/wp\/v2\/types\/product"}],"wp:featuredmedia":[{"embeddable":true,"href":"https:\/\/micuna.com\/fr\/wp-json\/wp\/v2\/media\/19520"}],"wp:attachment":[{"href":"https:\/\/micuna.com\/fr\/wp-json\/wp\/v2\/media?parent=24484"}],"wp:term":[{"taxonomy":"product_brand","embeddable":true,"href":"https:\/\/micuna.com\/fr\/wp-json\/wp\/v2\/product_brand?post=24484"},{"taxonomy":"product_cat","embeddable":true,"href":"https:\/\/micuna.com\/fr\/wp-json\/wp\/v2\/product_cat?post=24484"},{"taxonomy":"product_tag","embeddable":true,"href":"https:\/\/micuna.com\/fr\/wp-json\/wp\/v2\/product_tag?post=24484"}],"curies":[{"name":"wp","href":"https:\/\/api.w.org\/{rel}","templated":true}]}}