{"id":24489,"date":"2021-05-11T12:37:58","date_gmt":"2021-05-11T12:37:58","guid":{"rendered":"https:\/\/micuna.com\/non%20class\u00e9\/duvet-kit-sweet-bear-120\/"},"modified":"2024-04-03T13:16:08","modified_gmt":"2024-04-03T11:16:08","slug":"kit-de-couette-sweet-bear-120","status":"publish","type":"product","link":"https:\/\/micuna.com\/fr\/product\/lit-bebe\/textiles-berceaux\/kit-de-couette-sweet-bear-120\/","title":{"rendered":"Sweet Bear Kit Protecteur + Couette 120&#215;60"},"content":{"rendered":"<p><strong>SWEET BEAR TX-700 <\/strong><strong>KIT PROTECTEUR + COUETTE 120&#215;60<\/strong><\/p>\n<p>Kit couette + protection pour berceau de 1,20\u00a0cm x 60\u00a0cm<\/p>\n<p><strong>Mat\u00e9riau:<\/strong> 100\u00a0% coton<\/p>\n<p><strong>Couleur:<\/strong> Blanc-Gris<\/p>\n<p><strong>Caract\u00e9ristiques:<br \/>\n<\/strong>Les deux \u00e9l\u00e9ments comprennent un rembourrage et sont d\u00e9houssables<\/p>\n","protected":false},"excerpt":{"rendered":"<p>Notre ourson de la collection Sweet Bear est si mignon qu&rsquo;il apporte douceur et c\u00e2lin \u00e0 tous les accessoires qui la composent. C&rsquo;est une collection amusante et enfantine, mais aussi \u00e9l\u00e9gante gr\u00e2ce \u00e0 ses tons neutres.<\/p>\n<p>Kit couette et protection en une seule pi\u00e8ce, divis\u00e9e en trois parties par deux coutures, ce qui permet de le placer facilement dans le berceau. Les deux \u00e9l\u00e9ments sont d\u00e9houssables.<\/p>\n","protected":false},"featured_media":21022,"template":"","meta":[],"product_brand":[],"product_cat":[1805,1822],"product_tag":[1891],"class_list":{"0":"post-24489","1":"product","2":"type-product","3":"status-publish","4":"has-post-thumbnail","6":"product_cat-lit-bebe","7":"product_cat-textiles-berceaux","8":"product_tag-collection-sweet-bear","10":"first","11":"instock","12":"shipping-taxable","13":"product-type-simple"},"_links":{"self":[{"href":"https:\/\/micuna.com\/fr\/wp-json\/wp\/v2\/product\/24489","targetHints":{"allow":["GET"]}}],"collection":[{"href":"https:\/\/micuna.com\/fr\/wp-json\/wp\/v2\/product"}],"about":[{"href":"https:\/\/micuna.com\/fr\/wp-json\/wp\/v2\/types\/product"}],"wp:featuredmedia":[{"embeddable":true,"href":"https:\/\/micuna.com\/fr\/wp-json\/wp\/v2\/media\/21022"}],"wp:attachment":[{"href":"https:\/\/micuna.com\/fr\/wp-json\/wp\/v2\/media?parent=24489"}],"wp:term":[{"taxonomy":"product_brand","embeddable":true,"href":"https:\/\/micuna.com\/fr\/wp-json\/wp\/v2\/product_brand?post=24489"},{"taxonomy":"product_cat","embeddable":true,"href":"https:\/\/micuna.com\/fr\/wp-json\/wp\/v2\/product_cat?post=24489"},{"taxonomy":"product_tag","embeddable":true,"href":"https:\/\/micuna.com\/fr\/wp-json\/wp\/v2\/product_tag?post=24489"}],"curies":[{"name":"wp","href":"https:\/\/api.w.org\/{rel}","templated":true}]}}