{"id":24496,"date":"2021-05-11T12:37:38","date_gmt":"2021-05-11T12:37:38","guid":{"rendered":"https:\/\/micuna.com\/non%20class\u00e9\/duvet-kit-mousse-120\/"},"modified":"2021-08-15T09:58:47","modified_gmt":"2021-08-15T09:58:47","slug":"kit-couette-120-mousse","status":"publish","type":"product","link":"https:\/\/micuna.com\/fr\/product\/lit-bebe\/textiles-berceaux\/kit-couette-120-mousse\/","title":{"rendered":"Kit Couette + Protection Mousse 120&#215;60"},"content":{"rendered":"<p><strong>KIT PROTECTION + COUETTE TX-1650 Mousse (120\u00a0\u00d7\u00a060\u00a0cm)<\/strong><\/p>\n<p><strong>Composition:<\/strong> Mousseline 100\u00a0% CO<\/p>\n<p><strong>Couleur:<\/strong> Bleu-Sable \/ Rose-Sable<\/p>\n<p><strong>Caract\u00e9ristiques:<\/strong><br \/>\nCouette et protection r\u00e9versibles non d\u00e9houssables. Les deux \u00e9l\u00e9ments comprennent un rembourrage<\/p>\n","protected":false},"excerpt":{"rendered":"<p>Le kit protection et couette Mousse de Micuna est l\u2019ensemble textile parfait pour la chambre de votre b\u00e9b\u00e9. Mod\u00e8le matelass\u00e9 orn\u00e9 de motifs d\u2019\u00e9toiles, r\u00e9versible et disponible en deux combinaisons de couleurs poudr\u00e9es: Bleu ou rose, combin\u00e9 avec du beige.<\/p>\n<p>Ce kit textile est con\u00e7u et fabriqu\u00e9 en Espagne, avec une mousseline de haute qualit\u00e9 au toucher tr\u00e8s doux, 100\u00a0% coton.<\/p>\n<p>Vous pouvez le combiner avec la parure de draps assortie en beige.<\/p>\n","protected":false},"featured_media":19274,"template":"","meta":[],"product_brand":[],"product_cat":[1805,1822],"product_tag":[],"class_list":{"0":"post-24496","1":"product","2":"type-product","3":"status-publish","4":"has-post-thumbnail","6":"product_cat-lit-bebe","7":"product_cat-textiles-berceaux","8":"pa_color-textil-mousse-bleu-sable","9":"pa_color-textil-mousse-rose-sable","11":"first","12":"instock","13":"shipping-taxable","14":"product-type-variable"},"_links":{"self":[{"href":"https:\/\/micuna.com\/fr\/wp-json\/wp\/v2\/product\/24496","targetHints":{"allow":["GET"]}}],"collection":[{"href":"https:\/\/micuna.com\/fr\/wp-json\/wp\/v2\/product"}],"about":[{"href":"https:\/\/micuna.com\/fr\/wp-json\/wp\/v2\/types\/product"}],"wp:featuredmedia":[{"embeddable":true,"href":"https:\/\/micuna.com\/fr\/wp-json\/wp\/v2\/media\/19274"}],"wp:attachment":[{"href":"https:\/\/micuna.com\/fr\/wp-json\/wp\/v2\/media?parent=24496"}],"wp:term":[{"taxonomy":"product_brand","embeddable":true,"href":"https:\/\/micuna.com\/fr\/wp-json\/wp\/v2\/product_brand?post=24496"},{"taxonomy":"product_cat","embeddable":true,"href":"https:\/\/micuna.com\/fr\/wp-json\/wp\/v2\/product_cat?post=24496"},{"taxonomy":"product_tag","embeddable":true,"href":"https:\/\/micuna.com\/fr\/wp-json\/wp\/v2\/product_tag?post=24496"}],"curies":[{"name":"wp","href":"https:\/\/api.w.org\/{rel}","templated":true}]}}