{"id":24503,"date":"2021-05-11T12:37:34","date_gmt":"2021-05-11T12:37:34","guid":{"rendered":"https:\/\/micuna.com\/non%20class\u00e9\/duvet-kit-galaxy-120\/"},"modified":"2024-04-03T11:36:34","modified_gmt":"2024-04-03T09:36:34","slug":"kit-couette-120-galaxy","status":"publish","type":"product","link":"https:\/\/micuna.com\/fr\/product\/lit-bebe\/textiles-berceaux\/kit-couette-120-galaxy\/","title":{"rendered":"Galaxy Kit Protecteur + Couette 120&#215;60"},"content":{"rendered":"<p><strong>GALAXY TX-1650 <\/strong><strong>KIT PROTECTEUR + COUETTE 120&#215;60<\/strong><\/p>\n<p><strong>Composition:<\/strong> Tissu piqu\u00e9 100\u00a0% coton<\/p>\n<p><strong>Couleurs:<br \/>\n<\/strong>\u2013 Gris<br \/>\n\u2013 Beige<\/p>\n<p><strong>Caract\u00e9ristiques:<br \/>\n<\/strong>&#8211; Protection basse en deux parties qui entoure tout l&rsquo;int\u00e9rieur du berceau pour \u00e9viter les chocs<br \/>\n&#8211; Couette r\u00e9versible<br \/>\n\u2013 D\u00e9houssables<br \/>\n&#8211; Comprend des rembourrages<\/p>\n","protected":false},"excerpt":{"rendered":"<p>Le kit textile Galaxy se compose d&rsquo;une couette et d&rsquo;une protection basse.<\/p>\n<p>Confectionn\u00e9 en tissu piqu\u00e9 de haute qualit\u00e9, vous pouvez choisir entre quatre couleurs pour l&rsquo;assortir \u00e0 la d\u00e9coration de la chambre du b\u00e9b\u00e9.<\/p>\n<p>La couette est r\u00e9versible, une partie avec un imprim\u00e9 d&rsquo;\u00e9toiles et l&rsquo;autre avec de petits pois qui ajoutent de l&rsquo;\u00e9l\u00e9gance au textile. Combinez-la comme vous le souhaitez. La protection est compos\u00e9e de deux pi\u00e8ces \u00e0 pois et entoure tout l&rsquo;int\u00e9rieur du berceau pour prot\u00e9ger le b\u00e9b\u00e9 des chocs.<\/p>\n<p>Kit fabriqu\u00e9 en 100\u00a0% coton. Les deux pi\u00e8ces sont d\u00e9houssables pour un lavage optimal du linge.<\/p>\n","protected":false},"featured_media":19220,"template":"","meta":[],"product_brand":[],"product_cat":[1805,1822],"product_tag":[],"class_list":{"0":"post-24503","1":"product","2":"type-product","3":"status-publish","4":"has-post-thumbnail","6":"product_cat-lit-bebe","7":"product_cat-textiles-berceaux","8":"pa_color-textil-beige-fr","9":"pa_color-textil-gris-fr","11":"first","12":"instock","13":"shipping-taxable","14":"product-type-variable"},"_links":{"self":[{"href":"https:\/\/micuna.com\/fr\/wp-json\/wp\/v2\/product\/24503","targetHints":{"allow":["GET"]}}],"collection":[{"href":"https:\/\/micuna.com\/fr\/wp-json\/wp\/v2\/product"}],"about":[{"href":"https:\/\/micuna.com\/fr\/wp-json\/wp\/v2\/types\/product"}],"wp:featuredmedia":[{"embeddable":true,"href":"https:\/\/micuna.com\/fr\/wp-json\/wp\/v2\/media\/19220"}],"wp:attachment":[{"href":"https:\/\/micuna.com\/fr\/wp-json\/wp\/v2\/media?parent=24503"}],"wp:term":[{"taxonomy":"product_brand","embeddable":true,"href":"https:\/\/micuna.com\/fr\/wp-json\/wp\/v2\/product_brand?post=24503"},{"taxonomy":"product_cat","embeddable":true,"href":"https:\/\/micuna.com\/fr\/wp-json\/wp\/v2\/product_cat?post=24503"},{"taxonomy":"product_tag","embeddable":true,"href":"https:\/\/micuna.com\/fr\/wp-json\/wp\/v2\/product_tag?post=24503"}],"curies":[{"name":"wp","href":"https:\/\/api.w.org\/{rel}","templated":true}]}}