{"id":24508,"date":"2021-05-11T12:37:49","date_gmt":"2021-05-11T12:37:49","guid":{"rendered":"https:\/\/micuna.com\/non%20class\u00e9\/claire-pack-cushions\/"},"modified":"2024-05-02T15:38:21","modified_gmt":"2024-05-02T13:38:21","slug":"lot-de-coussins-claire","status":"publish","type":"product","link":"https:\/\/micuna.com\/fr\/product\/mini-berceaux\/accessoires-berceaux\/lot-de-coussins-claire\/","title":{"rendered":"Claire Lot de Coussins"},"content":{"rendered":"<p><strong>LOT DE 2 COUSSINS D\u00c9CORATIFS TX-1843 CLAIRE<\/strong><\/p>\n<p><strong>Couleur:<\/strong> Blanc \u2013 Noir<\/p>\n<p><strong>Composition:<\/strong> 100\u00a0% coton<\/p>\n<p><strong>Caract\u00e9ristiques:<br \/>\n<\/strong>&#8211; Comprend deux coussins d\u00e9coratifs avec rembourrage. L\u2019un en forme d&rsquo;\u00e9toile et l\u2019autre rond. Les deux orn\u00e9s d\u2019une broderie.<br \/>\n&#8211; Non d\u00e9houssables.<br \/>\n&#8211; Lavables en machine.<\/p>\n","protected":false},"excerpt":{"rendered":"<p>Ce lot de deux coussins d\u00e9coratifs Claire est si mignon qu\u2019il parera n\u2019importe quelle chambre de b\u00e9b\u00e9.<\/p>\n<p>Il est compos\u00e9 d&rsquo;un coussin rond et d&rsquo;un coussin \u00e9toile avec un petit visage brod\u00e9 sur une face et imprim\u00e9 de petits motifs noirs et blancs sur l&rsquo;autre. Rembourrage inclus mais non d\u00e9houssable, vous pouvez le laver en machine sans probl\u00e8me.<\/p>\n<p>Fabriqu\u00e9 en percale 100\u00a0% coton.<\/p>\n<p>micuna propose une large gamme de textiles Claire, qui, avec son style nordique, est parfaite pour la chambre de b\u00e9b\u00e9 la plus moderne.<\/p>\n","protected":false},"featured_media":21036,"template":"","meta":[],"product_brand":[],"product_cat":[2294,1805,1821,1806],"product_tag":[],"class_list":{"0":"post-24508","1":"product","2":"type-product","3":"status-publish","4":"has-post-thumbnail","6":"product_cat-accessoires-berceaux","7":"product_cat-lit-bebe","8":"product_cat-complements-berceaux","9":"product_cat-mini-berceaux","11":"first","12":"instock","13":"shipping-taxable","14":"product-type-simple"},"_links":{"self":[{"href":"https:\/\/micuna.com\/fr\/wp-json\/wp\/v2\/product\/24508","targetHints":{"allow":["GET"]}}],"collection":[{"href":"https:\/\/micuna.com\/fr\/wp-json\/wp\/v2\/product"}],"about":[{"href":"https:\/\/micuna.com\/fr\/wp-json\/wp\/v2\/types\/product"}],"wp:featuredmedia":[{"embeddable":true,"href":"https:\/\/micuna.com\/fr\/wp-json\/wp\/v2\/media\/21036"}],"wp:attachment":[{"href":"https:\/\/micuna.com\/fr\/wp-json\/wp\/v2\/media?parent=24508"}],"wp:term":[{"taxonomy":"product_brand","embeddable":true,"href":"https:\/\/micuna.com\/fr\/wp-json\/wp\/v2\/product_brand?post=24508"},{"taxonomy":"product_cat","embeddable":true,"href":"https:\/\/micuna.com\/fr\/wp-json\/wp\/v2\/product_cat?post=24508"},{"taxonomy":"product_tag","embeddable":true,"href":"https:\/\/micuna.com\/fr\/wp-json\/wp\/v2\/product_tag?post=24508"}],"curies":[{"name":"wp","href":"https:\/\/api.w.org\/{rel}","templated":true}]}}