{"id":24528,"date":"2021-05-11T12:37:39","date_gmt":"2021-05-11T12:37:39","guid":{"rendered":"https:\/\/micuna.com\/non%20class\u00e9\/duvet-kit-nature-120-2\/"},"modified":"2021-08-15T10:02:34","modified_gmt":"2021-08-15T10:02:34","slug":"kit-couette-120-nature-2","status":"publish","type":"product","link":"https:\/\/micuna.com\/fr\/product\/lit-bebe\/textiles-berceaux\/kit-couette-120-nature-2\/","title":{"rendered":"Kit Couette + Protection Nature 120&#215;60"},"content":{"rendered":"<p><strong>KIT COUETTE + PROTECTION TX-1650 NATURE<\/strong><\/p>\n<p>Couette + protection pour berceau 120\u00a0\u00d7\u00a060\u00a0cm<\/p>\n<p><strong>Couleur:<\/strong> Gris \/ Beige<\/p>\n<p><strong>Composition:<\/strong> Rembourrage: 100\u00a0% Polyester. Tissu: 80\u00a0% coton \/ 20\u00a0% polyester<\/p>\n<p><strong>Caract\u00e9ristiques:<br \/>\n<\/strong>Cela inclut:<br \/>\n&#8211; Protection \u00e0 trois c\u00f4t\u00e9s<br \/>\n\u2013 Couette et protection d\u00e9houssables<br \/>\n\u2013 Comprend des rembourrages<\/p>\n","protected":false},"excerpt":{"rendered":"<p>Le textile Nature de Micuna peut \u00eatre associ\u00e9 \u00e0 tout type de d\u00e9coration. Il est r\u00e9alis\u00e9 en chambray, un tissu tr\u00e8s frais et respirant \u00e0 la texture subtile. Ce tissu l\u00e9ger est parfait si vous souhaitez opter pour un mod\u00e8le \u00e9l\u00e9gant et naturel. Son style est simple, mais avec une touche sophistiqu\u00e9e, gr\u00e2ce \u00e0 son ornement en forme de n\u0153ud r\u00e9alis\u00e9 dans la m\u00eame mati\u00e8re. Il est disponible en deux couleurs: gris et beige, ce qui vous permet de choisir celle qui vous pla\u00eet le plus.<\/p>\n<p>Kit de deux pi\u00e8ces: couette et protection d\u00e9houssables faciles \u00e0 laver.<\/p>\n","protected":false},"featured_media":19286,"template":"","meta":[],"product_brand":[],"product_cat":[1805,1822],"product_tag":[],"class_list":{"0":"post-24528","1":"product","2":"type-product","3":"status-publish","4":"has-post-thumbnail","6":"product_cat-lit-bebe","7":"product_cat-textiles-berceaux","8":"pa_color-textil-beige-fr","10":"first","11":"instock","12":"shipping-taxable","13":"product-type-simple"},"_links":{"self":[{"href":"https:\/\/micuna.com\/fr\/wp-json\/wp\/v2\/product\/24528","targetHints":{"allow":["GET"]}}],"collection":[{"href":"https:\/\/micuna.com\/fr\/wp-json\/wp\/v2\/product"}],"about":[{"href":"https:\/\/micuna.com\/fr\/wp-json\/wp\/v2\/types\/product"}],"wp:featuredmedia":[{"embeddable":true,"href":"https:\/\/micuna.com\/fr\/wp-json\/wp\/v2\/media\/19286"}],"wp:attachment":[{"href":"https:\/\/micuna.com\/fr\/wp-json\/wp\/v2\/media?parent=24528"}],"wp:term":[{"taxonomy":"product_brand","embeddable":true,"href":"https:\/\/micuna.com\/fr\/wp-json\/wp\/v2\/product_brand?post=24528"},{"taxonomy":"product_cat","embeddable":true,"href":"https:\/\/micuna.com\/fr\/wp-json\/wp\/v2\/product_cat?post=24528"},{"taxonomy":"product_tag","embeddable":true,"href":"https:\/\/micuna.com\/fr\/wp-json\/wp\/v2\/product_tag?post=24528"}],"curies":[{"name":"wp","href":"https:\/\/api.w.org\/{rel}","templated":true}]}}