{"id":24535,"date":"2021-05-11T12:38:08","date_gmt":"2021-05-11T12:38:08","guid":{"rendered":"https:\/\/micuna.com\/non%20class\u00e9\/sabana-sheets-120\/"},"modified":"2024-04-03T13:21:03","modified_gmt":"2024-04-03T11:21:03","slug":"draps-sabana-120","status":"publish","type":"product","link":"https:\/\/micuna.com\/fr\/product\/lit-bebe\/textiles-berceaux\/draps-sabana-120\/","title":{"rendered":"Sabana Parure de Lit 120&#215;60"},"content":{"rendered":"<p><strong>SABANA TX-821 <\/strong><strong>PARURE DE LIT 120&#215;60<\/strong><\/p>\n<p><strong>Mat\u00e9riau:<\/strong> 100\u00a0% coton<\/p>\n<p><strong>Couleur:<\/strong> Blanc-Gris<\/p>\n<p><strong>Caract\u00e9ristiques:<\/strong><br \/>\nParure de lit 3 pi\u00e8ces pour berceau de 120\u00a0cm comprenant un drap-housse, un drap de dessus avec broderie et une taie d&rsquo;oreiller<\/p>\n","protected":false},"excerpt":{"rendered":"<p>La girafe de la savane est la protagoniste de cette collection qui \u00e9gaie toute chambre d&rsquo;enfant. Dans des tons blancs et gris pour d\u00e9corer la chambre du b\u00e9b\u00e9 comme bon vous semble.<\/p>\n<p>L&rsquo;article sur la photo est une parure de lit de trois pi\u00e8ces compos\u00e9e d&rsquo;un drap-housse, d&rsquo;un drap de dessus avec broderie et d&rsquo;une taie d&rsquo;oreiller.<\/p>\n<p>Cette collection textile est \u00e9galement accompagn\u00e9e d&rsquo;une housse de protection assortie pour la baignoire et d&rsquo;un kit couette et protection de berceau. Elle se combinera parfaitement avec la collection de meubles SABANA ainsi qu&rsquo;avec toutes nos collections de 120 x 60 cm.<\/p>\n","protected":false},"featured_media":19559,"template":"","meta":[],"product_brand":[],"product_cat":[1805,1822],"product_tag":[1890],"class_list":{"0":"post-24535","1":"product","2":"type-product","3":"status-publish","4":"has-post-thumbnail","6":"product_cat-lit-bebe","7":"product_cat-textiles-berceaux","8":"product_tag-collection-sabana","10":"first","11":"instock","12":"shipping-taxable","13":"product-type-simple"},"_links":{"self":[{"href":"https:\/\/micuna.com\/fr\/wp-json\/wp\/v2\/product\/24535","targetHints":{"allow":["GET"]}}],"collection":[{"href":"https:\/\/micuna.com\/fr\/wp-json\/wp\/v2\/product"}],"about":[{"href":"https:\/\/micuna.com\/fr\/wp-json\/wp\/v2\/types\/product"}],"wp:featuredmedia":[{"embeddable":true,"href":"https:\/\/micuna.com\/fr\/wp-json\/wp\/v2\/media\/19559"}],"wp:attachment":[{"href":"https:\/\/micuna.com\/fr\/wp-json\/wp\/v2\/media?parent=24535"}],"wp:term":[{"taxonomy":"product_brand","embeddable":true,"href":"https:\/\/micuna.com\/fr\/wp-json\/wp\/v2\/product_brand?post=24535"},{"taxonomy":"product_cat","embeddable":true,"href":"https:\/\/micuna.com\/fr\/wp-json\/wp\/v2\/product_cat?post=24535"},{"taxonomy":"product_tag","embeddable":true,"href":"https:\/\/micuna.com\/fr\/wp-json\/wp\/v2\/product_tag?post=24535"}],"curies":[{"name":"wp","href":"https:\/\/api.w.org\/{rel}","templated":true}]}}