{"id":24551,"date":"2021-05-11T12:38:09","date_gmt":"2021-05-11T12:38:09","guid":{"rendered":"https:\/\/micuna.com\/non%20class\u00e9\/sweet-bear-sheets-120\/"},"modified":"2024-04-03T13:14:51","modified_gmt":"2024-04-03T11:14:51","slug":"draps-sweet-bear-120","status":"publish","type":"product","link":"https:\/\/micuna.com\/fr\/product\/lit-bebe\/textiles-berceaux\/draps-sweet-bear-120\/","title":{"rendered":"Sweet Bear Parure de Lit 120&#215;60"},"content":{"rendered":"<p><strong>SWEET BEAR TX-821 <\/strong><strong>PARURE DE LIT 120&#215;60<\/strong><\/p>\n<p>Parure de lit trois pi\u00e8ces pour berceau 120\u00a0\u00d7\u00a060\u00a0cm<\/p>\n<p><strong>Mat\u00e9riau:<\/strong> 100\u00a0% coton<\/p>\n<p><strong>Couleur:<\/strong> Blanc<\/p>\n<p><strong>Caract\u00e9ristiques:<\/strong><br \/>\nParure de lit 3 pi\u00e8ces pour berceau de 120\u00a0cm comprenant un drap-housse, un drap de dessus et une taie d&rsquo;oreiller<\/p>\n","protected":false},"excerpt":{"rendered":"<p>Notre ourson de la collection Sweet Bear est si mignon qu&rsquo;il apporte douceur et c\u00e2lin \u00e0 tous les accessoires qui la composent. C&rsquo;est une collection amusante et enfantine, mais aussi \u00e9l\u00e9gante gr\u00e2ce \u00e0 ses tons neutres.<\/p>\n<p>La parure de lit Sweet Bear pr\u00e9sent\u00e9e sur la photo est compos\u00e9e de trois pi\u00e8ces: un drap-housse blanc, un drap de dessus avec broderie et une taie d&rsquo;oreiller.<\/p>\n","protected":false},"featured_media":19562,"template":"","meta":[],"product_brand":[],"product_cat":[1805,1822],"product_tag":[1891],"class_list":{"0":"post-24551","1":"product","2":"type-product","3":"status-publish","4":"has-post-thumbnail","6":"product_cat-lit-bebe","7":"product_cat-textiles-berceaux","8":"product_tag-collection-sweet-bear","10":"first","11":"instock","12":"shipping-taxable","13":"product-type-simple"},"_links":{"self":[{"href":"https:\/\/micuna.com\/fr\/wp-json\/wp\/v2\/product\/24551","targetHints":{"allow":["GET"]}}],"collection":[{"href":"https:\/\/micuna.com\/fr\/wp-json\/wp\/v2\/product"}],"about":[{"href":"https:\/\/micuna.com\/fr\/wp-json\/wp\/v2\/types\/product"}],"wp:featuredmedia":[{"embeddable":true,"href":"https:\/\/micuna.com\/fr\/wp-json\/wp\/v2\/media\/19562"}],"wp:attachment":[{"href":"https:\/\/micuna.com\/fr\/wp-json\/wp\/v2\/media?parent=24551"}],"wp:term":[{"taxonomy":"product_brand","embeddable":true,"href":"https:\/\/micuna.com\/fr\/wp-json\/wp\/v2\/product_brand?post=24551"},{"taxonomy":"product_cat","embeddable":true,"href":"https:\/\/micuna.com\/fr\/wp-json\/wp\/v2\/product_cat?post=24551"},{"taxonomy":"product_tag","embeddable":true,"href":"https:\/\/micuna.com\/fr\/wp-json\/wp\/v2\/product_tag?post=24551"}],"curies":[{"name":"wp","href":"https:\/\/api.w.org\/{rel}","templated":true}]}}