{"id":24561,"date":"2021-05-11T12:38:12","date_gmt":"2021-05-11T12:38:12","guid":{"rendered":"https:\/\/micuna.com\/non%20class\u00e9\/140-galaxy-sheets\/"},"modified":"2024-04-03T11:19:48","modified_gmt":"2024-04-03T09:19:48","slug":"draps-galaxy-140","status":"publish","type":"product","link":"https:\/\/micuna.com\/fr\/product\/lit-bebe\/textiles-berceaux\/draps-galaxy-140\/","title":{"rendered":"Galaxy Parure de Lit 140&#215;70"},"content":{"rendered":"<p><strong>GALAXY TX-821 <\/strong><strong>PARURE DE LIT 140&#215;70<\/strong><\/p>\n<p><strong>Composition:<\/strong> Percale 100\u00a0% coton<\/p>\n<p><strong>Couleur:<br \/>\n<\/strong>\u2013 Gris<br \/>\n\u2013 Beige<\/p>\n<p><strong>Caract\u00e9ristiques:<br \/>\n<\/strong>Parure de lit 3 pi\u00e8ces pour berceau de 140 cm comprenant un drap-housse, un drap de dessus et une taie d&rsquo;oreiller<\/p>\n","protected":false},"excerpt":{"rendered":"<p>La parure de lit Galaxy pour berceau de 140\u00a0cm est compos\u00e9e de 3 pi\u00e8ces: un drap-housse color\u00e9, un drap de dessus avec bordure mouchet\u00e9e et une taie d&rsquo;oreiller. Vous aurez le choix parmi quatre couleurs.<\/p>\n<p>Fabriqu\u00e9e en percale 100\u00a0% coton, elle est id\u00e9ale pour envelopper le b\u00e9b\u00e9 lorsqu&rsquo;il se repose dans son berceau.<\/p>\n<p>micuna propose un grand tissu Galaxy, un univers d&rsquo;\u00e9toiles plein de tendresse pour d\u00e9corer l&rsquo;environnement de votre b\u00e9b\u00e9.<\/p>\n","protected":false},"featured_media":20539,"template":"","meta":[],"product_brand":[],"product_cat":[1805,1822],"product_tag":[],"class_list":{"0":"post-24561","1":"product","2":"type-product","3":"status-publish","4":"has-post-thumbnail","6":"product_cat-lit-bebe","7":"product_cat-textiles-berceaux","8":"pa_color-textil-beige-fr","9":"pa_color-textil-gris-fr","11":"first","12":"instock","13":"shipping-taxable","14":"product-type-variable","15":"has-default-attributes"},"_links":{"self":[{"href":"https:\/\/micuna.com\/fr\/wp-json\/wp\/v2\/product\/24561","targetHints":{"allow":["GET"]}}],"collection":[{"href":"https:\/\/micuna.com\/fr\/wp-json\/wp\/v2\/product"}],"about":[{"href":"https:\/\/micuna.com\/fr\/wp-json\/wp\/v2\/types\/product"}],"wp:featuredmedia":[{"embeddable":true,"href":"https:\/\/micuna.com\/fr\/wp-json\/wp\/v2\/media\/20539"}],"wp:attachment":[{"href":"https:\/\/micuna.com\/fr\/wp-json\/wp\/v2\/media?parent=24561"}],"wp:term":[{"taxonomy":"product_brand","embeddable":true,"href":"https:\/\/micuna.com\/fr\/wp-json\/wp\/v2\/product_brand?post=24561"},{"taxonomy":"product_cat","embeddable":true,"href":"https:\/\/micuna.com\/fr\/wp-json\/wp\/v2\/product_cat?post=24561"},{"taxonomy":"product_tag","embeddable":true,"href":"https:\/\/micuna.com\/fr\/wp-json\/wp\/v2\/product_tag?post=24561"}],"curies":[{"name":"wp","href":"https:\/\/api.w.org\/{rel}","templated":true}]}}