{"id":24566,"date":"2021-05-11T12:38:12","date_gmt":"2021-05-11T12:38:12","guid":{"rendered":"https:\/\/micuna.com\/non%20class\u00e9\/140-claire-sheets\/"},"modified":"2024-04-03T11:08:49","modified_gmt":"2024-04-03T09:08:49","slug":"draps-claire-140","status":"publish","type":"product","link":"https:\/\/micuna.com\/fr\/product\/lit-bebe\/textiles-berceaux\/draps-claire-140\/","title":{"rendered":"Claire Parure de Lit 140&#215;70"},"content":{"rendered":"<p><strong>CLAIRE TX-823 <\/strong><strong>PARURE DE LIT 140&#215;70<\/strong><\/p>\n<p>Pour un berceau de 140\u00a0x\u00a070 cm<\/p>\n<p><strong>Couleur:<\/strong> Unique<\/p>\n<p><strong>Mat\u00e9riau:<\/strong> drap en percale imprim\u00e9e, 100\u00a0% coton<\/p>\n<p><strong>Caract\u00e9ristiques:<\/strong><br \/>\nComprend un drap de dessus, une taie d&rsquo;oreiller et un drap-housse<\/p>\n","protected":false},"excerpt":{"rendered":"<p>La parure de lit Claire de Micuna, confectionn\u00e9e en 100\u00a0% coton, est parfaite pour tout type de d\u00e9coration. Cette collection pr\u00e9sente un joli imprim\u00e9 avec des lunes et des \u00e9toiles en noir et blanc. Comprend un drap de dessus, un drap-housse et une taie d&rsquo;oreiller. Ils sont disponibles pour les berceaux de 120\u00a0\u00d7\u00a060 cm et 140\u00a0\u00d7\u00a070 cm.<\/p>\n","protected":false},"featured_media":19580,"template":"","meta":[],"product_brand":[],"product_cat":[1805,1822],"product_tag":[],"class_list":{"0":"post-24566","1":"product","2":"type-product","3":"status-publish","4":"has-post-thumbnail","6":"product_cat-lit-bebe","7":"product_cat-textiles-berceaux","9":"first","10":"instock","11":"shipping-taxable","12":"product-type-simple"},"_links":{"self":[{"href":"https:\/\/micuna.com\/fr\/wp-json\/wp\/v2\/product\/24566","targetHints":{"allow":["GET"]}}],"collection":[{"href":"https:\/\/micuna.com\/fr\/wp-json\/wp\/v2\/product"}],"about":[{"href":"https:\/\/micuna.com\/fr\/wp-json\/wp\/v2\/types\/product"}],"wp:featuredmedia":[{"embeddable":true,"href":"https:\/\/micuna.com\/fr\/wp-json\/wp\/v2\/media\/19580"}],"wp:attachment":[{"href":"https:\/\/micuna.com\/fr\/wp-json\/wp\/v2\/media?parent=24566"}],"wp:term":[{"taxonomy":"product_brand","embeddable":true,"href":"https:\/\/micuna.com\/fr\/wp-json\/wp\/v2\/product_brand?post=24566"},{"taxonomy":"product_cat","embeddable":true,"href":"https:\/\/micuna.com\/fr\/wp-json\/wp\/v2\/product_cat?post=24566"},{"taxonomy":"product_tag","embeddable":true,"href":"https:\/\/micuna.com\/fr\/wp-json\/wp\/v2\/product_tag?post=24566"}],"curies":[{"name":"wp","href":"https:\/\/api.w.org\/{rel}","templated":true}]}}