{"id":24568,"date":"2021-05-11T12:37:58","date_gmt":"2021-05-11T12:37:58","guid":{"rendered":"https:\/\/micuna.com\/non%20class\u00e9\/sabana-duvet-kit-120\/"},"modified":"2024-04-03T13:28:12","modified_gmt":"2024-04-03T11:28:12","slug":"kit-couette-sabana-120","status":"publish","type":"product","link":"https:\/\/micuna.com\/fr\/product\/lit-bebe\/textiles-berceaux\/kit-couette-sabana-120\/","title":{"rendered":"Sabana Kit Protecteur + Couette 120&#215;60"},"content":{"rendered":"<p><strong>SABANA TX-700 <\/strong><strong>KIT PROTECTEUR + COUETTE 120&#215;60<\/strong><\/p>\n<p><strong>Mat\u00e9riau:<br \/>\n<\/strong>&#8211; Piqu\u00e9 50\u00a0% coton, 50\u00a0% polyester<br \/>\n&#8211; Vichy 60\u00a0% coton, 40\u00a0% polyester<\/p>\n<p><strong>Couleur:<\/strong> Blanc-Gris<\/p>\n<p><strong>Caract\u00e9ristiques:<br \/>\n<\/strong>Les deux \u00e9l\u00e9ments comprennent un rembourrage et sont d\u00e9houssables<\/p>\n","protected":false},"excerpt":{"rendered":"<p>La girafe de la savane est la protagoniste de cette collection qui \u00e9gaie toute chambre d&rsquo;enfant. Dans des tons blancs et gris pour d\u00e9corer la chambre du b\u00e9b\u00e9 comme bon vous semble.<\/p>\n<p>L&rsquo;article sur la photo est compos\u00e9 du kit couette et protection en une seule pi\u00e8ce, divis\u00e9e en trois parties par deux coutures, ce qui permet de le placer facilement dans le berceau. D\u00e9houssable et comprend des rembourrages.<\/p>\n<p>Cette collection textile comprend \u00e9galement un ensemble de draps et une housse de protection pour la baignoire. Elle se combinera parfaitement avec le berceau et la baignoire SABANA ainsi qu&rsquo;avec toutes nos collections de 120 x 60 cm.<\/p>\n","protected":false},"featured_media":19469,"template":"","meta":[],"product_brand":[],"product_cat":[1805,1822],"product_tag":[1890],"class_list":{"0":"post-24568","1":"product","2":"type-product","3":"status-publish","4":"has-post-thumbnail","6":"product_cat-lit-bebe","7":"product_cat-textiles-berceaux","8":"product_tag-collection-sabana","10":"first","11":"instock","12":"shipping-taxable","13":"product-type-simple"},"_links":{"self":[{"href":"https:\/\/micuna.com\/fr\/wp-json\/wp\/v2\/product\/24568","targetHints":{"allow":["GET"]}}],"collection":[{"href":"https:\/\/micuna.com\/fr\/wp-json\/wp\/v2\/product"}],"about":[{"href":"https:\/\/micuna.com\/fr\/wp-json\/wp\/v2\/types\/product"}],"wp:featuredmedia":[{"embeddable":true,"href":"https:\/\/micuna.com\/fr\/wp-json\/wp\/v2\/media\/19469"}],"wp:attachment":[{"href":"https:\/\/micuna.com\/fr\/wp-json\/wp\/v2\/media?parent=24568"}],"wp:term":[{"taxonomy":"product_brand","embeddable":true,"href":"https:\/\/micuna.com\/fr\/wp-json\/wp\/v2\/product_brand?post=24568"},{"taxonomy":"product_cat","embeddable":true,"href":"https:\/\/micuna.com\/fr\/wp-json\/wp\/v2\/product_cat?post=24568"},{"taxonomy":"product_tag","embeddable":true,"href":"https:\/\/micuna.com\/fr\/wp-json\/wp\/v2\/product_tag?post=24568"}],"curies":[{"name":"wp","href":"https:\/\/api.w.org\/{rel}","templated":true}]}}