{"id":24577,"date":"2021-05-11T12:37:50","date_gmt":"2021-05-11T12:37:50","guid":{"rendered":"https:\/\/micuna.com\/non%20class\u00e9\/galaxy-pack-cushions\/"},"modified":"2024-05-02T15:34:53","modified_gmt":"2024-05-02T13:34:53","slug":"lot-de-coussins-galaxy","status":"publish","type":"product","link":"https:\/\/micuna.com\/fr\/product\/mini-berceaux\/lot-de-coussins-galaxy\/","title":{"rendered":"Galaxy Lot de Coussins"},"content":{"rendered":"<p><strong>GALAXY TX-1843 LOT 2 COUSSINS D\u00c9CORATIFS\u00a0<\/strong><\/p>\n<p><strong>Taille du coussin rond:<\/strong> 32\u00a0x\u00a032 cm<br \/>\n<strong>Taille du coussin \u00e9toile:<\/strong> 36\u00a0x\u00a038 cm<\/p>\n<p><strong>Composition:<\/strong> Tissu piqu\u00e9 100% coton<\/p>\n<p><strong>Couleur:<br \/>\n<\/strong>\u2013 Gris<br \/>\n\u2013 Beige<\/p>\n<p>Caract\u00e9ristiques:<br \/>\n&#8211; Comprend deux coussins d\u00e9coratifs: un en forme d&rsquo;\u00e9toile et l\u2019autre rond<br \/>\n&#8211; Comprend le rembourrage<br \/>\n\u2013 Non d\u00e9houssables<br \/>\n&#8211; R\u00e9versibles<\/p>\n","protected":false},"excerpt":{"rendered":"<p>Cet article consiste en un lot de deux coussins d\u00e9coratifs, un en forme d&rsquo;\u00e9toile et l\u2019autre rond. C&rsquo;est un textile qui combine deux imprim\u00e9s, d&rsquo;une part un imprim\u00e9 d&rsquo;\u00e9toiles et d&rsquo;autre part avec des petits pois qui conf\u00e8rent de l&rsquo;\u00e9l\u00e9gance au tissu. Combinez-la comme vous le souhaitez.<\/p>\n<p>Dans la collection Galaxy, vous trouverez de nombreux articles assortis aux coussins d\u00e9coratifs: couette, protections, ensembles de draps&#8230; Un univers d&rsquo;\u00e9toiles d\u00e9bordant de tendresse pour d\u00e9corer l&rsquo;environnement de votre b\u00e9b\u00e9.<\/p>\n","protected":false},"featured_media":20515,"template":"","meta":[],"product_brand":[],"product_cat":[1806,2294,1821],"product_tag":[],"class_list":{"0":"post-24577","1":"product","2":"type-product","3":"status-publish","4":"has-post-thumbnail","6":"product_cat-mini-berceaux","7":"product_cat-accessoires-berceaux","8":"product_cat-complements-berceaux","9":"pa_color-textil-beige-fr","10":"pa_color-textil-gris-fr","12":"first","13":"instock","14":"shipping-taxable","15":"product-type-variable","16":"has-default-attributes"},"_links":{"self":[{"href":"https:\/\/micuna.com\/fr\/wp-json\/wp\/v2\/product\/24577","targetHints":{"allow":["GET"]}}],"collection":[{"href":"https:\/\/micuna.com\/fr\/wp-json\/wp\/v2\/product"}],"about":[{"href":"https:\/\/micuna.com\/fr\/wp-json\/wp\/v2\/types\/product"}],"wp:featuredmedia":[{"embeddable":true,"href":"https:\/\/micuna.com\/fr\/wp-json\/wp\/v2\/media\/20515"}],"wp:attachment":[{"href":"https:\/\/micuna.com\/fr\/wp-json\/wp\/v2\/media?parent=24577"}],"wp:term":[{"taxonomy":"product_brand","embeddable":true,"href":"https:\/\/micuna.com\/fr\/wp-json\/wp\/v2\/product_brand?post=24577"},{"taxonomy":"product_cat","embeddable":true,"href":"https:\/\/micuna.com\/fr\/wp-json\/wp\/v2\/product_cat?post=24577"},{"taxonomy":"product_tag","embeddable":true,"href":"https:\/\/micuna.com\/fr\/wp-json\/wp\/v2\/product_tag?post=24577"}],"curies":[{"name":"wp","href":"https:\/\/api.w.org\/{rel}","templated":true}]}}