{"id":24673,"date":"2021-05-11T12:38:13","date_gmt":"2021-05-11T12:38:13","guid":{"rendered":"https:\/\/micuna.com\/non%20class\u00e9\/claire-minicot-sheets\/"},"modified":"2024-04-03T11:05:50","modified_gmt":"2024-04-03T09:05:50","slug":"draps-mini-berceau-claire","status":"publish","type":"product","link":"https:\/\/micuna.com\/fr\/product\/mini-berceaux\/textile-mini-berceaux\/draps-mini-berceau-claire\/","title":{"rendered":"Claire Parure de Lit 80&#215;50"},"content":{"rendered":"<p><strong>CLAIRE TX-919 <\/strong><strong>PARURE DE LIT 80&#215;50<\/strong><\/p>\n<p><strong>Composition:<\/strong> Percale 100% coton<\/p>\n<p><strong>Couleur:<\/strong>\u00a0Blanc-noir<\/p>\n<p><strong>Caract\u00e9ristiques:<br \/>\n<\/strong>Parure de lit 3 pi\u00e8ces pour mini-berceau comprenant un drap-housse, un drap de dessus et une taie d&rsquo;oreiller imprim\u00e9s<\/p>\n","protected":false},"excerpt":{"rendered":"<p>Cette parure de lit pour berceau de la collection Claire se compose d&rsquo;un drap-housse blanc, d&rsquo;un drap de dessus imprim\u00e9 et d&rsquo;une housse de coussin imprim\u00e9e.<\/p>\n<p>Confectionn\u00e9e en percale 100% coton, elle est id\u00e9ale pour habiller le mini-berceau du b\u00e9b\u00e9 afin qu&rsquo;il puisse se reposer tranquillement.<\/p>\n<p>micuna propose une large gamme de textiles Claire, qui, avec son style nordique, est parfaite pour la chambre de b\u00e9b\u00e9 la plus moderne.<\/p>\n","protected":false},"featured_media":19598,"template":"","meta":[],"product_brand":[],"product_cat":[1806,1826],"product_tag":[],"class_list":{"0":"post-24673","1":"product","2":"type-product","3":"status-publish","4":"has-post-thumbnail","6":"product_cat-mini-berceaux","7":"product_cat-textile-mini-berceaux","8":"pa_color-textil-claire-fr","10":"first","11":"instock","12":"shipping-taxable","13":"product-type-simple"},"_links":{"self":[{"href":"https:\/\/micuna.com\/fr\/wp-json\/wp\/v2\/product\/24673","targetHints":{"allow":["GET"]}}],"collection":[{"href":"https:\/\/micuna.com\/fr\/wp-json\/wp\/v2\/product"}],"about":[{"href":"https:\/\/micuna.com\/fr\/wp-json\/wp\/v2\/types\/product"}],"wp:featuredmedia":[{"embeddable":true,"href":"https:\/\/micuna.com\/fr\/wp-json\/wp\/v2\/media\/19598"}],"wp:attachment":[{"href":"https:\/\/micuna.com\/fr\/wp-json\/wp\/v2\/media?parent=24673"}],"wp:term":[{"taxonomy":"product_brand","embeddable":true,"href":"https:\/\/micuna.com\/fr\/wp-json\/wp\/v2\/product_brand?post=24673"},{"taxonomy":"product_cat","embeddable":true,"href":"https:\/\/micuna.com\/fr\/wp-json\/wp\/v2\/product_cat?post=24673"},{"taxonomy":"product_tag","embeddable":true,"href":"https:\/\/micuna.com\/fr\/wp-json\/wp\/v2\/product_tag?post=24673"}],"curies":[{"name":"wp","href":"https:\/\/api.w.org\/{rel}","templated":true}]}}