{"id":24680,"date":"2021-05-11T12:37:49","date_gmt":"2021-05-11T12:37:49","guid":{"rendered":"https:\/\/micuna.com\/non%20class\u00e9\/shine-minicot-duvet-kit\/"},"modified":"2024-04-02T16:18:07","modified_gmt":"2024-04-02T14:18:07","slug":"kit-couette-mini-berceau-shine","status":"publish","type":"product","link":"https:\/\/micuna.com\/fr\/product\/mini-berceaux\/textile-mini-berceaux\/kit-couette-mini-berceau-shine\/","title":{"rendered":"Shine Kit Protecteur + Couette Berceau 80&#215;50"},"content":{"rendered":"<p><strong>SHINE TX-1823 KIT PROTECTEUR + COUETTE BERCEAU 80&#215;50<\/strong><\/p>\n<p><strong>Couleur:<\/strong> BLANC<\/p>\n<p><strong>Composition:<\/strong> Rembourrage: 100% Polyester. Tissu: 100% coton<\/p>\n<p><strong>Caract\u00e9ristiques:<br \/>\n<\/strong>Cela inclut:<br \/>\n&#8211; Protection basse en deux parties qui entoure tout l&rsquo;int\u00e9rieur du mini-berceau pour \u00e9viter les chocs<br \/>\n&#8211; Couette et protection d\u00e9houssables<br \/>\n&#8211; Comprend des rembourrages<\/p>\n","protected":false},"excerpt":{"rendered":"<p>Ce magnifique textile Micuna coordonn\u00e9, avec un subtil imprim\u00e9 d&rsquo;\u00e9toiles, est compos\u00e9 d&rsquo;une couette et d&rsquo;un protecteur pour mini-berceau. Son tissu doux est 100% coton, parfait pour \u00eatre en contact avec la peau de votre b\u00e9b\u00e9. Les deux pi\u00e8ces, couette et protection, peuvent \u00eatre d\u00e9houss\u00e9es pour un lavage facile.<\/p>\n","protected":false},"featured_media":19370,"template":"","meta":[],"product_brand":[],"product_cat":[1806,1826],"product_tag":[],"class_list":{"0":"post-24680","1":"product","2":"type-product","3":"status-publish","4":"has-post-thumbnail","6":"product_cat-mini-berceaux","7":"product_cat-textile-mini-berceaux","9":"first","10":"instock","11":"shipping-taxable","12":"product-type-simple"},"_links":{"self":[{"href":"https:\/\/micuna.com\/fr\/wp-json\/wp\/v2\/product\/24680","targetHints":{"allow":["GET"]}}],"collection":[{"href":"https:\/\/micuna.com\/fr\/wp-json\/wp\/v2\/product"}],"about":[{"href":"https:\/\/micuna.com\/fr\/wp-json\/wp\/v2\/types\/product"}],"wp:featuredmedia":[{"embeddable":true,"href":"https:\/\/micuna.com\/fr\/wp-json\/wp\/v2\/media\/19370"}],"wp:attachment":[{"href":"https:\/\/micuna.com\/fr\/wp-json\/wp\/v2\/media?parent=24680"}],"wp:term":[{"taxonomy":"product_brand","embeddable":true,"href":"https:\/\/micuna.com\/fr\/wp-json\/wp\/v2\/product_brand?post=24680"},{"taxonomy":"product_cat","embeddable":true,"href":"https:\/\/micuna.com\/fr\/wp-json\/wp\/v2\/product_cat?post=24680"},{"taxonomy":"product_tag","embeddable":true,"href":"https:\/\/micuna.com\/fr\/wp-json\/wp\/v2\/product_tag?post=24680"}],"curies":[{"name":"wp","href":"https:\/\/api.w.org\/{rel}","templated":true}]}}