{"id":24681,"date":"2021-05-11T12:37:31","date_gmt":"2021-05-11T12:37:31","guid":{"rendered":"https:\/\/micuna.com\/non%20class\u00e9\/minicot-sleeping-bag-kit\/"},"modified":"2021-09-20T11:14:37","modified_gmt":"2021-09-20T11:14:37","slug":"housse-mini-berceau","status":"publish","type":"product","link":"https:\/\/micuna.com\/fr\/product\/mini-berceaux\/textile-mini-berceaux\/housse-mini-berceau\/","title":{"rendered":"Kit Sac + Protection Mini-Berceau"},"content":{"rendered":"<p><strong>KIT PROTECTION + SAC TX-1640 Petits pois BEIGE<\/strong><\/p>\n<p><strong>Couleur:<\/strong><br \/>\n&#8211; Blanc<br \/>\n&#8211; Boutons gris<br \/>\n&#8211; Petits pois beige<br \/>\n&#8211; Petits pois gris<\/p>\n<p><strong>Composition:<\/strong><\/p>\n<p>&#8211; Blanc: 50% coton, 50% polyester<br \/>\n&#8211; Boutons gris: 50% coton, 50% lin<br \/>\n&#8211; Petits pois beige: 85% coton, 15% polyester<br \/>\n&#8211; Petits pois gris: 85% coton, 15% polyester<\/p>\n<p><strong>Caract\u00e9ristiques:<br \/>\n<\/strong>&#8211; Couvre-lit d\u00e9houssable et rembourrage, comprenant un drap-housse fix\u00e9 par une fermeture \u00e9clair. Protection basse<br \/>\n\u2013 NE COMPREND PAS LE MATELAS<\/p>\n","protected":false},"excerpt":{"rendered":"<p>Ces \u00e9l\u00e9gants textiles pour mini-berceaux sont con\u00e7us et fabriqu\u00e9s en Espagne avec des mat\u00e9riaux de qualit\u00e9 sup\u00e9rieure. Le kit est compos\u00e9 d&rsquo;une protection basse et d&rsquo;une gigoteuse qui se fixe au matelas par un syst\u00e8me de housse, et recouvre le b\u00e9b\u00e9, le matelas est d\u00e9houssable et amovible. Ce kit Housse + Protecteur est disponible en 4 coloris diff\u00e9rents.<\/p>\n","protected":false},"featured_media":19160,"template":"","meta":[],"product_brand":[],"product_cat":[1806,1826],"product_tag":[],"class_list":{"0":"post-24681","1":"product","2":"type-product","3":"status-publish","4":"has-post-thumbnail","6":"product_cat-mini-berceaux","7":"product_cat-textile-mini-berceaux","8":"pa_color-textil-blanc","9":"pa_color-textil-boutons-gris","10":"pa_color-textil-pois-beige","12":"first","13":"instock","14":"shipping-taxable","15":"product-type-variable","16":"has-default-attributes"},"_links":{"self":[{"href":"https:\/\/micuna.com\/fr\/wp-json\/wp\/v2\/product\/24681","targetHints":{"allow":["GET"]}}],"collection":[{"href":"https:\/\/micuna.com\/fr\/wp-json\/wp\/v2\/product"}],"about":[{"href":"https:\/\/micuna.com\/fr\/wp-json\/wp\/v2\/types\/product"}],"wp:featuredmedia":[{"embeddable":true,"href":"https:\/\/micuna.com\/fr\/wp-json\/wp\/v2\/media\/19160"}],"wp:attachment":[{"href":"https:\/\/micuna.com\/fr\/wp-json\/wp\/v2\/media?parent=24681"}],"wp:term":[{"taxonomy":"product_brand","embeddable":true,"href":"https:\/\/micuna.com\/fr\/wp-json\/wp\/v2\/product_brand?post=24681"},{"taxonomy":"product_cat","embeddable":true,"href":"https:\/\/micuna.com\/fr\/wp-json\/wp\/v2\/product_cat?post=24681"},{"taxonomy":"product_tag","embeddable":true,"href":"https:\/\/micuna.com\/fr\/wp-json\/wp\/v2\/product_tag?post=24681"}],"curies":[{"name":"wp","href":"https:\/\/api.w.org\/{rel}","templated":true}]}}