{"id":24696,"date":"2021-05-11T12:37:48","date_gmt":"2021-05-11T12:37:48","guid":{"rendered":"https:\/\/micuna.com\/non%20class\u00e9\/galaxy-minicot-duvet-kit\/"},"modified":"2024-04-03T11:26:13","modified_gmt":"2024-04-03T09:26:13","slug":"kit-couette-mini-berceau-galaxy","status":"publish","type":"product","link":"https:\/\/micuna.com\/fr\/product\/mini-berceaux\/textile-mini-berceaux\/kit-couette-mini-berceau-galaxy\/","title":{"rendered":"Galaxy Kit Protecteur + Couette 80&#215;50"},"content":{"rendered":"<p><strong>GALAXY TX-1823 <\/strong><strong>KIT PROTECTEUR + COUETTE 80&#215;50<\/strong><\/p>\n<p><strong>Composition:<\/strong> Piqu\u00e9 100% coton<\/p>\n<p><strong>Couleur:<\/strong> Gris \/ Beige<\/p>\n<p><strong>Caract\u00e9ristiques:<br \/>\n<\/strong>&#8211; Protection basse en deux parties qui entoure tout l&rsquo;int\u00e9rieur du mini-berceau pour \u00e9viter les chocs<br \/>\n&#8211; Couette r\u00e9versible<br \/>\n&#8211; D\u00e9houssables<br \/>\n&#8211; Comprend des rembourrages<\/p>\n","protected":false},"excerpt":{"rendered":"<p>Le kit textile Galaxy pour mini-berceau est compos\u00e9 d&rsquo;une couette et d&rsquo;une protection. Confectionn\u00e9 en tissu piqu\u00e9 de haute qualit\u00e9, vous pouvez choisir entre quatre couleurs pour l&rsquo;assortir \u00e0 la d\u00e9coration de la chambre du b\u00e9b\u00e9.<\/p>\n<p>La couette est r\u00e9versible, une partie avec un imprim\u00e9 d&rsquo;\u00e9toiles et l&rsquo;autre avec de petits pois qui ajoutent de l&rsquo;\u00e9l\u00e9gance au textile. Combinez-la comme vous le souhaitez. La protection est compos\u00e9e de deux pi\u00e8ces \u00e0 pois et entoure tout l&rsquo;int\u00e9rieur du berceau pour prot\u00e9ger le b\u00e9b\u00e9 des chocs.<\/p>\n<p>Kit fabriqu\u00e9 en 100% coton.<\/p>\n<p>Les deux pi\u00e8ces sont d\u00e9houssables pour un lavage optimal du linge.<\/p>\n","protected":false},"featured_media":20509,"template":"","meta":[],"product_brand":[],"product_cat":[1806,1826],"product_tag":[],"class_list":{"0":"post-24696","1":"product","2":"type-product","3":"status-publish","4":"has-post-thumbnail","6":"product_cat-mini-berceaux","7":"product_cat-textile-mini-berceaux","8":"pa_color-textil-beige-fr","9":"pa_color-textil-gris-fr","11":"first","12":"instock","13":"shipping-taxable","14":"product-type-variable","15":"has-default-attributes"},"_links":{"self":[{"href":"https:\/\/micuna.com\/fr\/wp-json\/wp\/v2\/product\/24696","targetHints":{"allow":["GET"]}}],"collection":[{"href":"https:\/\/micuna.com\/fr\/wp-json\/wp\/v2\/product"}],"about":[{"href":"https:\/\/micuna.com\/fr\/wp-json\/wp\/v2\/types\/product"}],"wp:featuredmedia":[{"embeddable":true,"href":"https:\/\/micuna.com\/fr\/wp-json\/wp\/v2\/media\/20509"}],"wp:attachment":[{"href":"https:\/\/micuna.com\/fr\/wp-json\/wp\/v2\/media?parent=24696"}],"wp:term":[{"taxonomy":"product_brand","embeddable":true,"href":"https:\/\/micuna.com\/fr\/wp-json\/wp\/v2\/product_brand?post=24696"},{"taxonomy":"product_cat","embeddable":true,"href":"https:\/\/micuna.com\/fr\/wp-json\/wp\/v2\/product_cat?post=24696"},{"taxonomy":"product_tag","embeddable":true,"href":"https:\/\/micuna.com\/fr\/wp-json\/wp\/v2\/product_tag?post=24696"}],"curies":[{"name":"wp","href":"https:\/\/api.w.org\/{rel}","templated":true}]}}