{"id":24708,"date":"2021-05-11T12:38:14","date_gmt":"2021-05-11T12:38:14","guid":{"rendered":"https:\/\/micuna.com\/non%20class\u00e9\/galaxy-minicot-sheets\/"},"modified":"2024-04-03T11:16:43","modified_gmt":"2024-04-03T09:16:43","slug":"draps-galaxy","status":"publish","type":"product","link":"https:\/\/micuna.com\/fr\/product\/mini-berceaux\/textile-mini-berceaux\/draps-galaxy\/","title":{"rendered":"Galaxy Parure de Lit 80&#215;50"},"content":{"rendered":"<p><strong>GALAXY TX-919 <\/strong><strong>PARURE DE LIT 80&#215;50<\/strong><\/p>\n<p><strong>Composition:<\/strong> Percale 100% coton<\/p>\n<p><strong>Couleur:<br \/>\n<\/strong>\u2013 Blanc &#8211; Gris<br \/>\n\u2013 Blanc &#8211; Beige<\/p>\n<p><strong>Caract\u00e9ristiques:<br \/>\n<\/strong>&#8211; Parure de lit 3 pi\u00e8ces pour mini-berceau comprenant un drap-housse, un drap de dessus et une taie d&rsquo;oreiller<br \/>\n&#8211; Le drap est blanc avec un ourlet imprim\u00e9<\/p>\n","protected":false},"excerpt":{"rendered":"<p>La parure de lit Galaxy pour mini-berceau est compos\u00e9e de 3 pi\u00e8ces: un drap-housse color\u00e9, un drap de dessus avec bordure mouchet\u00e9e et une taie d&rsquo;oreiller. Vous aurez le choix entre deux couleurs.<\/p>\n<p>Confectionn\u00e9e en percale 100% coton, elle est id\u00e9ale pour envelopper le b\u00e9b\u00e9 lorsqu&rsquo;il se repose dans son mini-berceau.<\/p>\n<p>micuna propose un grand tissu Galaxy, un univers d&rsquo;\u00e9toiles plein de tendresse pour d\u00e9corer l&rsquo;environnement de votre b\u00e9b\u00e9.<\/p>\n","protected":false},"featured_media":20542,"template":"","meta":[],"product_brand":[],"product_cat":[1806,1826],"product_tag":[],"class_list":{"0":"post-24708","1":"product","2":"type-product","3":"status-publish","4":"has-post-thumbnail","6":"product_cat-mini-berceaux","7":"product_cat-textile-mini-berceaux","8":"pa_color-textil-beige-fr","9":"pa_color-textil-gris-fr","11":"first","12":"instock","13":"shipping-taxable","14":"product-type-variable","15":"has-default-attributes"},"_links":{"self":[{"href":"https:\/\/micuna.com\/fr\/wp-json\/wp\/v2\/product\/24708","targetHints":{"allow":["GET"]}}],"collection":[{"href":"https:\/\/micuna.com\/fr\/wp-json\/wp\/v2\/product"}],"about":[{"href":"https:\/\/micuna.com\/fr\/wp-json\/wp\/v2\/types\/product"}],"wp:featuredmedia":[{"embeddable":true,"href":"https:\/\/micuna.com\/fr\/wp-json\/wp\/v2\/media\/20542"}],"wp:attachment":[{"href":"https:\/\/micuna.com\/fr\/wp-json\/wp\/v2\/media?parent=24708"}],"wp:term":[{"taxonomy":"product_brand","embeddable":true,"href":"https:\/\/micuna.com\/fr\/wp-json\/wp\/v2\/product_brand?post=24708"},{"taxonomy":"product_cat","embeddable":true,"href":"https:\/\/micuna.com\/fr\/wp-json\/wp\/v2\/product_cat?post=24708"},{"taxonomy":"product_tag","embeddable":true,"href":"https:\/\/micuna.com\/fr\/wp-json\/wp\/v2\/product_tag?post=24708"}],"curies":[{"name":"wp","href":"https:\/\/api.w.org\/{rel}","templated":true}]}}