{"id":24723,"date":"2021-05-11T12:38:15","date_gmt":"2021-05-11T12:38:15","guid":{"rendered":"https:\/\/micuna.com\/non%20class\u00e9\/nature-minicot-sheets\/"},"modified":"2024-04-03T10:29:54","modified_gmt":"2024-04-03T08:29:54","slug":"draps-nature","status":"publish","type":"product","link":"https:\/\/micuna.com\/fr\/product\/mini-berceaux\/textile-mini-berceaux\/draps-nature\/","title":{"rendered":"Nature Parure de Lit 80&#215;50"},"content":{"rendered":"<p><strong>NATURE TX-919 PARURE DE LIT BERCEAU\u00a0<\/strong><\/p>\n<p><strong>Couleur:<\/strong> Beige \/ Gris<\/p>\n<p><strong>Composition:<\/strong> 100% coton \/ 80% coton et 20% polyester<\/p>\n<p><strong>Caract\u00e9ristiques:<br \/>\n<\/strong>Parure de lit de 3 pi\u00e8ces pour mini-berceau, comprenant un drap-housse, un drap de dessus et une taie d&rsquo;oreiller<\/p>\n","protected":false},"excerpt":{"rendered":"<p>La parure de lit Nature de Micuna est parfaite pour se combiner avec tout type de mini-berceau, gr\u00e2ce \u00e0 ses couleurs polyvalentes. Le tissu est 100% coton avec des d\u00e9tails en chambray. Vous pouvez la choisir en gris ou en beige, et elle se compose d&rsquo;un drap de dessus, d&rsquo;un drap-housse et d&rsquo;une taie d&rsquo;oreiller.<\/p>\n","protected":false},"featured_media":20842,"template":"","meta":[],"product_brand":[],"product_cat":[1806,1826],"product_tag":[],"class_list":{"0":"post-24723","1":"product","2":"type-product","3":"status-publish","4":"has-post-thumbnail","6":"product_cat-mini-berceaux","7":"product_cat-textile-mini-berceaux","8":"pa_color-textil-beige-fr","10":"first","11":"instock","12":"shipping-taxable","13":"product-type-variable"},"_links":{"self":[{"href":"https:\/\/micuna.com\/fr\/wp-json\/wp\/v2\/product\/24723","targetHints":{"allow":["GET"]}}],"collection":[{"href":"https:\/\/micuna.com\/fr\/wp-json\/wp\/v2\/product"}],"about":[{"href":"https:\/\/micuna.com\/fr\/wp-json\/wp\/v2\/types\/product"}],"wp:featuredmedia":[{"embeddable":true,"href":"https:\/\/micuna.com\/fr\/wp-json\/wp\/v2\/media\/20842"}],"wp:attachment":[{"href":"https:\/\/micuna.com\/fr\/wp-json\/wp\/v2\/media?parent=24723"}],"wp:term":[{"taxonomy":"product_brand","embeddable":true,"href":"https:\/\/micuna.com\/fr\/wp-json\/wp\/v2\/product_brand?post=24723"},{"taxonomy":"product_cat","embeddable":true,"href":"https:\/\/micuna.com\/fr\/wp-json\/wp\/v2\/product_cat?post=24723"},{"taxonomy":"product_tag","embeddable":true,"href":"https:\/\/micuna.com\/fr\/wp-json\/wp\/v2\/product_tag?post=24723"}],"curies":[{"name":"wp","href":"https:\/\/api.w.org\/{rel}","templated":true}]}}