{"id":24728,"date":"2021-05-11T12:37:48","date_gmt":"2021-05-11T12:37:48","guid":{"rendered":"https:\/\/micuna.com\/non%20class\u00e9\/nature-minicot-duvet-kit\/"},"modified":"2024-04-03T10:40:54","modified_gmt":"2024-04-03T08:40:54","slug":"kit-couette-mini-berceau-nature","status":"publish","type":"product","link":"https:\/\/micuna.com\/fr\/product\/mini-berceaux\/textile-mini-berceaux\/kit-couette-mini-berceau-nature\/","title":{"rendered":"Nature Kit Protecteur + Couette 80&#215;50"},"content":{"rendered":"<p><strong>NATURE TX-1823 KIT PROTECTEUR + COUETTE 80&#215;50<\/strong><\/p>\n<p><strong>Couleur:<\/strong> Gris \/ Beige<\/p>\n<p><strong>Composition: Rembourrage:<\/strong> 100% Polyester. Tissu: 80% coton \/ 20% polyester<\/p>\n<p><strong>Caract\u00e9ristiques:<br \/>\n<\/strong>Cela inclut:<br \/>\n&#8211; Protection basse en deux parties qui entoure tout l&rsquo;int\u00e9rieur du mini-berceau pour \u00e9viter les chocs<br \/>\n&#8211; Couette et protection d\u00e9houssables<br \/>\n&#8211; Comprend des rembourrages<\/p>\n","protected":false},"excerpt":{"rendered":"<p>Le textile Nature de Micuna peut \u00eatre associ\u00e9 \u00e0 tout type de d\u00e9coration. Il est r\u00e9alis\u00e9 en chambray, un tissu tr\u00e8s frais et respirant \u00e0 la texture subtile. Ce tissu l\u00e9ger est parfait si vous souhaitez opter pour un mod\u00e8le \u00e9l\u00e9gant et naturel. Son style est simple, mais avec une touche sophistiqu\u00e9e, gr\u00e2ce \u00e0 son ornement en forme de n\u0153ud r\u00e9alis\u00e9 dans la m\u00eame mati\u00e8re. Il est disponible en deux couleurs: gris et beige, ce qui vous permet de choisir celle qui vous convient le mieux.<\/p>\n<p>Kit de deux pi\u00e8ces: couette et protection d\u00e9houssables faciles \u00e0 laver.<\/p>\n","protected":false},"featured_media":19361,"template":"","meta":[],"product_brand":[],"product_cat":[1806,1826],"product_tag":[],"class_list":{"0":"post-24728","1":"product","2":"type-product","3":"status-publish","4":"has-post-thumbnail","6":"product_cat-mini-berceaux","7":"product_cat-textile-mini-berceaux","8":"pa_color-textil-beige-fr","10":"first","11":"instock","12":"shipping-taxable","13":"product-type-variable"},"_links":{"self":[{"href":"https:\/\/micuna.com\/fr\/wp-json\/wp\/v2\/product\/24728","targetHints":{"allow":["GET"]}}],"collection":[{"href":"https:\/\/micuna.com\/fr\/wp-json\/wp\/v2\/product"}],"about":[{"href":"https:\/\/micuna.com\/fr\/wp-json\/wp\/v2\/types\/product"}],"wp:featuredmedia":[{"embeddable":true,"href":"https:\/\/micuna.com\/fr\/wp-json\/wp\/v2\/media\/19361"}],"wp:attachment":[{"href":"https:\/\/micuna.com\/fr\/wp-json\/wp\/v2\/media?parent=24728"}],"wp:term":[{"taxonomy":"product_brand","embeddable":true,"href":"https:\/\/micuna.com\/fr\/wp-json\/wp\/v2\/product_brand?post=24728"},{"taxonomy":"product_cat","embeddable":true,"href":"https:\/\/micuna.com\/fr\/wp-json\/wp\/v2\/product_cat?post=24728"},{"taxonomy":"product_tag","embeddable":true,"href":"https:\/\/micuna.com\/fr\/wp-json\/wp\/v2\/product_tag?post=24728"}],"curies":[{"name":"wp","href":"https:\/\/api.w.org\/{rel}","templated":true}]}}