{"id":24746,"date":"2021-05-11T12:37:09","date_gmt":"2021-05-11T12:37:09","guid":{"rendered":"https:\/\/micuna.com\/non%20class\u00e9\/ovo-one\/"},"modified":"2024-04-02T15:05:00","modified_gmt":"2024-04-02T13:05:00","slug":"ovo-one-fr","status":"publish","type":"product","link":"https:\/\/micuna.com\/fr\/product\/chaises-hautes\/chaise-haute-ovo\/ovo-one-fr\/","title":{"rendered":"CHaise Haute OVO One"},"content":{"rendered":"<p><strong>CHAISE HAUTE OVO ORIGINALE LUXE ONE<\/strong><\/p>\n<p><strong>Mesures externes:<\/strong> Hauteur 85 cm \/ Largeur 50 cm \/ Profondeur. 53 cm<\/p>\n<p><strong>Dimensions de la chaise:<\/strong> 69 x 42 x 44 cm<\/p>\n<p><strong>Hauteurs:<\/strong> 69 cm Hauteur totale \/ 55 cm Accoudoirs \/ 42 cm Assise<\/p>\n<p><strong>Mat\u00e9riau:<\/strong> Mati\u00e8re plastique (PE) &#8211; H\u00eatre<\/p>\n<p><strong>Couleur:<\/strong> Blanc &#8211; Naturel<\/p>\n<p><strong>Caract\u00e9ristiques:<br \/>\n<\/strong>&#8211; Comprend un plateau fixe<br \/>\n&#8211; Ensemble de sangles en similicuir<br \/>\n&#8211; Convertible en chaise<\/p>\n<p><strong>En option:<br \/>\n<\/strong>&#8211; TX-1646 rev\u00eatement en tissu<br \/>\n&#8211; CP-1766 kit de pieds<br \/>\n&#8211; CP-1821 Plateau fixe OVO (Baby Led Weaning)<\/p>\n","protected":false},"excerpt":{"rendered":"<p>Pr\u00eat \u00e0 conqu\u00e9rir le monde? La chaise haute OVO est l&rsquo;un des designs les plus embl\u00e9matiques de micuna, reconnu dans le monde entier. Elle est livr\u00e9e de s\u00e9rie avec la sangle et le harnais de s\u00e9curit\u00e9, disponibles en tissu ou en similicuir.<\/p>\n<p>La chaise haute Ovo est disponible en deux couleurs: blanc avec bois naturel, gris anthracite avec bois waterwood et gris anthracite avec bois d&rsquo;acajou chaud.<\/p>\n<p>Compl\u00e9tez votre chaise haute avec les diff\u00e9rents motifs de rev\u00eatements et rendez-la plus fonctionnelle en la transformant en chaise gr\u00e2ce \u00e0 son jeu de pieds disponible en deux couleurs.<\/p>\n","protected":false},"featured_media":28330,"template":"","meta":[],"product_brand":[],"product_cat":[1807,1827],"product_tag":[],"class_list":{"0":"post-24746","1":"product","2":"type-product","3":"status-publish","4":"has-post-thumbnail","6":"product_cat-chaises-hautes","7":"product_cat-chaise-haute-ovo","9":"first","10":"instock","11":"shipping-taxable","12":"product-type-variable"},"_links":{"self":[{"href":"https:\/\/micuna.com\/fr\/wp-json\/wp\/v2\/product\/24746","targetHints":{"allow":["GET"]}}],"collection":[{"href":"https:\/\/micuna.com\/fr\/wp-json\/wp\/v2\/product"}],"about":[{"href":"https:\/\/micuna.com\/fr\/wp-json\/wp\/v2\/types\/product"}],"wp:featuredmedia":[{"embeddable":true,"href":"https:\/\/micuna.com\/fr\/wp-json\/wp\/v2\/media\/28330"}],"wp:attachment":[{"href":"https:\/\/micuna.com\/fr\/wp-json\/wp\/v2\/media?parent=24746"}],"wp:term":[{"taxonomy":"product_brand","embeddable":true,"href":"https:\/\/micuna.com\/fr\/wp-json\/wp\/v2\/product_brand?post=24746"},{"taxonomy":"product_cat","embeddable":true,"href":"https:\/\/micuna.com\/fr\/wp-json\/wp\/v2\/product_cat?post=24746"},{"taxonomy":"product_tag","embeddable":true,"href":"https:\/\/micuna.com\/fr\/wp-json\/wp\/v2\/product_tag?post=24746"}],"curies":[{"name":"wp","href":"https:\/\/api.w.org\/{rel}","templated":true}]}}