{"id":24751,"date":"2021-05-11T12:36:28","date_gmt":"2021-05-11T12:36:28","guid":{"rendered":"https:\/\/micuna.com\/non%20class\u00e9\/ovo-front-tray\/"},"modified":"2021-08-13T07:22:57","modified_gmt":"2021-08-13T07:22:57","slug":"plateau-avant-ovo","status":"publish","type":"product","link":"https:\/\/micuna.com\/fr\/product\/chaises-hautes\/chaise-haute-ovo\/plateau-avant-ovo\/","title":{"rendered":"Plateau Avant OVO"},"content":{"rendered":"<p><strong>PLATEAU OVO BABY LED WEANING CP-1821<\/strong><\/p>\n<p><strong>Dimensions:<\/strong> 42 x 24 x 1,2cm<\/p>\n<p><strong>Mat\u00e9riau:<\/strong> Mdf laqu\u00e9<\/p>\n<p><strong>Couleur:<\/strong> Blanc \/ Gris anthracite<\/p>\n<p><strong>Caract\u00e9ristiques:<br \/>\n<\/strong>&#8211; Plateau frontal en option pour la chaise haute ovo<br \/>\n&#8211; Facilite le d\u00e9veloppement de la m\u00e9thode BABY LED WEANING<br \/>\n&#8211; Nettoyage facile<\/p>\n","protected":false},"excerpt":{"rendered":"<p>Pr\u00eat \u00e0 conqu\u00e9rir le monde? La chaise haute OVO est l&rsquo;un des designs les plus embl\u00e9matiques de micuna, reconnu dans le monde entier.<\/p>\n<p>Le nouveau plateau fixe pour la chaise haute OVO est en option. Il est con\u00e7u pour promouvoir la m\u00e9thode BABY LED WEANING, qui permet aux enfants de d\u00e9couvrir librement les aliments sans avoir \u00e0 passer par la phase de la pur\u00e9e et de la bouillie. Notre plateau permettra \u00e0 votre b\u00e9b\u00e9 d&rsquo;avoir une plus grande surface de d\u00e9couverte et il aura la nourriture \u00e0 port\u00e9e de main.<\/p>\n<p>Le plateau du Baby Led Weaning est facile \u00e0 laver, il suffit d&rsquo;enlever les restes de nourriture avec du papier essuie-tout et d&rsquo;utiliser un chiffon en microfibre propre et humide, sans d\u00e9sinfectant, car il faut tenir compte du fait qu&rsquo;avec cette m\u00e9thode, l&rsquo;enfant prendra la nourriture directement dans le plateau.<\/p>\n<p>Un plateau con\u00e7u et fabriqu\u00e9 en Espagne.<\/p>\n","protected":false},"featured_media":22882,"template":"","meta":[],"product_brand":[],"product_cat":[1807,1827],"product_tag":[],"class_list":{"0":"post-24751","1":"product","2":"type-product","3":"status-publish","4":"has-post-thumbnail","6":"product_cat-chaises-hautes","7":"product_cat-chaise-haute-ovo","8":"pa_color-madera-blanc","10":"first","11":"instock","12":"shipping-taxable","13":"product-type-variable","14":"has-default-attributes"},"_links":{"self":[{"href":"https:\/\/micuna.com\/fr\/wp-json\/wp\/v2\/product\/24751","targetHints":{"allow":["GET"]}}],"collection":[{"href":"https:\/\/micuna.com\/fr\/wp-json\/wp\/v2\/product"}],"about":[{"href":"https:\/\/micuna.com\/fr\/wp-json\/wp\/v2\/types\/product"}],"wp:featuredmedia":[{"embeddable":true,"href":"https:\/\/micuna.com\/fr\/wp-json\/wp\/v2\/media\/22882"}],"wp:attachment":[{"href":"https:\/\/micuna.com\/fr\/wp-json\/wp\/v2\/media?parent=24751"}],"wp:term":[{"taxonomy":"product_brand","embeddable":true,"href":"https:\/\/micuna.com\/fr\/wp-json\/wp\/v2\/product_brand?post=24751"},{"taxonomy":"product_cat","embeddable":true,"href":"https:\/\/micuna.com\/fr\/wp-json\/wp\/v2\/product_cat?post=24751"},{"taxonomy":"product_tag","embeddable":true,"href":"https:\/\/micuna.com\/fr\/wp-json\/wp\/v2\/product_tag?post=24751"}],"curies":[{"name":"wp","href":"https:\/\/api.w.org\/{rel}","templated":true}]}}