{"id":24756,"date":"2021-05-11T12:37:32","date_gmt":"2021-05-11T12:37:32","guid":{"rendered":"https:\/\/micuna.com\/non%20class\u00e9\/ovo-upholstery\/"},"modified":"2021-08-15T10:52:11","modified_gmt":"2021-08-15T10:52:11","slug":"revetements-ovo","status":"publish","type":"product","link":"https:\/\/micuna.com\/fr\/product\/chaises-hautes\/chaise-haute-ovo\/revetements-ovo\/","title":{"rendered":"Rev\u00eatements Chaise Haute OVO"},"content":{"rendered":"<p><strong>TX-1646 OVO<\/strong><\/p>\n<p>REV\u00caTEMENT TISSU 29 x 33 x 32 CM<\/p>\n<p><strong>Mat\u00e9riau:<\/strong> 100% PES \/ 100% PES-similicuir (City et Jean)<\/p>\n<p><strong>Couleurs:<\/strong> Blanc \/ Beige \/ Rose \/ Or \/ City \/ Planet \/ Jean<\/p>\n<p><strong>Caract\u00e9ristiques:<br \/>\n<\/strong>&#8211; Rev\u00eatement rembourr\u00e9. Non d\u00e9houssable<br \/>\n&#8211; Lavable en machine<br \/>\n\u2013 Large gamme de mod\u00e8les et de couleurs disponibles<br \/>\n&#8211; Combinable avec n&rsquo;importe quel harnais de s\u00e9curit\u00e9<\/p>\n","protected":false},"excerpt":{"rendered":"<p>La chaise haute OVO est l&rsquo;un des mod\u00e8les les plus embl\u00e9matiques de micuna, reconnu dans le monde entier pour son \u00e9l\u00e9gance et son haut design.<\/p>\n<p>Dans cette section, vous pouvez voir le rev\u00eatement City en option, en toile grise avec bordure en similicuir marron, l&rsquo;un des designs les plus \u00e9l\u00e9gants pour notre OVO.<\/p>\n<p>Fabriqu\u00e9 en toile r\u00e9sistante au lavage. Son rembourrage int\u00e9rieur, de forme hexagonale tr\u00e8s originale, rend plus confortable le temps pass\u00e9 par le b\u00e9b\u00e9 dans la chaise haute. Peut \u00eatre combin\u00e9 avec n&rsquo;importe quel harnais de s\u00e9curit\u00e9.<\/p>\n<p>Large gamme de mod\u00e8les et de couleurs disponibles.<\/p>\n","protected":false},"featured_media":23120,"template":"","meta":[],"product_brand":[],"product_cat":[1807,1827],"product_tag":[],"class_list":{"0":"post-24756","1":"product","2":"type-product","3":"status-publish","4":"has-post-thumbnail","6":"product_cat-chaises-hautes","7":"product_cat-chaise-haute-ovo","8":"pa_tapizado-beige-fr","9":"pa_tapizado-blanc","10":"pa_tapizado-city-fr","11":"pa_tapizado-gold-fr","12":"pa_tapizado-jeans-fr","13":"pa_tapizado-planet-fr","14":"pa_tapizado-rosa-fr","16":"first","17":"instock","18":"shipping-taxable","19":"product-type-variable","20":"has-default-attributes"},"_links":{"self":[{"href":"https:\/\/micuna.com\/fr\/wp-json\/wp\/v2\/product\/24756","targetHints":{"allow":["GET"]}}],"collection":[{"href":"https:\/\/micuna.com\/fr\/wp-json\/wp\/v2\/product"}],"about":[{"href":"https:\/\/micuna.com\/fr\/wp-json\/wp\/v2\/types\/product"}],"wp:featuredmedia":[{"embeddable":true,"href":"https:\/\/micuna.com\/fr\/wp-json\/wp\/v2\/media\/23120"}],"wp:attachment":[{"href":"https:\/\/micuna.com\/fr\/wp-json\/wp\/v2\/media?parent=24756"}],"wp:term":[{"taxonomy":"product_brand","embeddable":true,"href":"https:\/\/micuna.com\/fr\/wp-json\/wp\/v2\/product_brand?post=24756"},{"taxonomy":"product_cat","embeddable":true,"href":"https:\/\/micuna.com\/fr\/wp-json\/wp\/v2\/product_cat?post=24756"},{"taxonomy":"product_tag","embeddable":true,"href":"https:\/\/micuna.com\/fr\/wp-json\/wp\/v2\/product_tag?post=24756"}],"curies":[{"name":"wp","href":"https:\/\/api.w.org\/{rel}","templated":true}]}}