{"id":24839,"date":"2021-05-11T12:36:46","date_gmt":"2021-05-11T12:36:46","guid":{"rendered":"https:\/\/micuna.com\/non%20class\u00e9\/flor-slow-system\/"},"modified":"2024-04-04T12:50:00","modified_gmt":"2024-04-04T10:50:00","slug":"flor-slow-system-fr","status":"publish","type":"product","link":"https:\/\/micuna.com\/fr\/product\/chambres\/fauteiuils-a-bascule-d-allaitement\/flor-slow-system-fr\/","title":{"rendered":"Flor Rocking-Chair Slow System"},"content":{"rendered":"<p><strong>FAUTEUIL \u00c0 BASCULE D&rsquo;ALLAITEMENT FLOR SLOW SYSTEM<\/strong><\/p>\n<p><strong>Mat\u00e9riau:<\/strong> Mousse de polyur\u00e9thane &#8211; pin Mat\u00e9riaux Tissu: 100% CO\/50% CO\/50% CO-50% PES\/100% PVC (similicuir)<\/p>\n<p><strong>Couleur de la bascule:<\/strong> Blanc<\/p>\n<p><strong>Couleur du tissu:<\/strong><br \/>\n&#8211; Similicuir blanc<br \/>\n&#8211; Similicuir gris<br \/>\n&#8211; Babybacter Grey<br \/>\n&#8211; Galaxy \u00e9toiles gris<\/p>\n<p><strong>Caract\u00e9ristiques:<br \/>\n<\/strong>&#8211; Dot\u00e9 aussi du syst\u00e8me de relaxation Slow System<\/p>\n<p><strong>En option:<br \/>\n<\/strong>&#8211; CP-1811 Pieds de fauteuil d\u2019allaitement<br \/>\n&#8211; Coussin fauteuil \u00e0 bascule pour l&rsquo;allaitement<br \/>\n&#8211; Porte-biberons pour fauteuil<\/p>\n","protected":false},"excerpt":{"rendered":"<p>Les fauteuils \u00e0 bascule d&rsquo;allaitement micuna sont disponibles dans une grande vari\u00e9t\u00e9 de mod\u00e8les: Flor, Confort, Nanny et Moom, afin que vous puissiez choisir celui qui vous pla\u00eet le plus pour l&rsquo;associer parfaitement au style d\u00e9coratif de la chambre du b\u00e9b\u00e9, du salon ou de la pi\u00e8ce o\u00f9 vous souhaitez allaiter ou bercer tranquillement le b\u00e9b\u00e9. Vous avez \u00e9galement la possibilit\u00e9 de choisir le rev\u00eatement ou la finition du fauteuil \u00e0 bascule.<\/p>\n<p>La grossesse et les premiers mois de la vie de votre b\u00e9b\u00e9 sont une p\u00e9riode unique, durant laquelle il est tr\u00e8s important de prendre soin de soi et de se reposer. C&rsquo;est pourquoi micuna vous offre l\u2019option de commander n&rsquo;importe lequel de nos fauteuils \u00e0 bascule d&rsquo;allaitement avec SLOW SYSTEM, un syst\u00e8me qui vous permet de vous reposer dans trois positions confortables. Le fauteuil \u00e0 bascule peut s&rsquo;incliner automatiquement gr\u00e2ce \u00e0 une t\u00e9l\u00e9commande, afin de faciliter les mouvements des mamans pendant la grossesse ou l&rsquo;allaitement.<\/p>\n<p>De nombreux accessoires sont disponibles pour les fauteuils \u00e0 bascule d\u2019allaitement de micuna: un jeu de pieds fixes pour la transformer en fauteuil, des porte-biberons pour fauteuil ou des coussins d&rsquo;allaitement.<\/p>\n<p>En option, nous pr\u00e9sentons \u00e9galement les mini-fauteuils \u00e0 bascule micuna. Ainsi, lorsque le b\u00e9b\u00e9 grandira, vous pourrez choisir de les associer au v\u00f4tre et vous formerez un tandem parfait pour vous bercer. Le roi de la maison sera certainement tr\u00e8s enthousiaste \u00e0 l&rsquo;id\u00e9e d&rsquo;imiter ses parents dans son mini-fauteuil \u00e0 bascule. Il sera \u00e9galement parfait comme compl\u00e9ment dans sa chambre.<\/p>\n","protected":false},"featured_media":21962,"template":"","meta":[],"product_brand":[],"product_cat":[1808,1831,1850,1832,1810],"product_tag":[],"class_list":{"0":"post-24839","1":"product","2":"type-product","3":"status-publish","4":"has-post-thumbnail","6":"product_cat-allaitement","7":"product_cat-tous-les-fauteuils-a-bascule","8":"product_cat-fauteiuils-a-bascule-d-allaitement","9":"product_cat-fauteuils-a-bascule-relax","10":"product_cat-chambres","11":"pa_tapizado-galaxy-gris-fr","12":"pa_tapizado-polipiel-blanco-fr","13":"pa_tapizado-polipiel-gris-fr","15":"first","16":"instock","17":"shipping-taxable","18":"product-type-variable","19":"has-default-attributes"},"_links":{"self":[{"href":"https:\/\/micuna.com\/fr\/wp-json\/wp\/v2\/product\/24839","targetHints":{"allow":["GET"]}}],"collection":[{"href":"https:\/\/micuna.com\/fr\/wp-json\/wp\/v2\/product"}],"about":[{"href":"https:\/\/micuna.com\/fr\/wp-json\/wp\/v2\/types\/product"}],"wp:featuredmedia":[{"embeddable":true,"href":"https:\/\/micuna.com\/fr\/wp-json\/wp\/v2\/media\/21962"}],"wp:attachment":[{"href":"https:\/\/micuna.com\/fr\/wp-json\/wp\/v2\/media?parent=24839"}],"wp:term":[{"taxonomy":"product_brand","embeddable":true,"href":"https:\/\/micuna.com\/fr\/wp-json\/wp\/v2\/product_brand?post=24839"},{"taxonomy":"product_cat","embeddable":true,"href":"https:\/\/micuna.com\/fr\/wp-json\/wp\/v2\/product_cat?post=24839"},{"taxonomy":"product_tag","embeddable":true,"href":"https:\/\/micuna.com\/fr\/wp-json\/wp\/v2\/product_tag?post=24839"}],"curies":[{"name":"wp","href":"https:\/\/api.w.org\/{rel}","templated":true}]}}