{"id":24848,"date":"2021-05-11T12:36:51","date_gmt":"2021-05-11T12:36:51","guid":{"rendered":"https:\/\/micuna.com\/non%20class\u00e9\/nanny\/"},"modified":"2024-04-04T13:13:15","modified_gmt":"2024-04-04T11:13:15","slug":"nanny-fr","status":"publish","type":"product","link":"https:\/\/micuna.com\/fr\/product\/chambres\/fauteiuils-a-bascule-d-allaitement\/nanny-fr\/","title":{"rendered":"Nanny Rocking Chair D&rsquo;Allaitement"},"content":{"rendered":"<p><strong> NANNY ROCKING-CHAIR D&rsquo;ALLAITEMENT<\/strong><\/p>\n<p><strong>Dimensions :<\/strong> Hauteur 99 x Largeur 74 x Prof. 82 cm<\/p>\n<p><strong>Mat\u00e9riau :<\/strong> Mousse de polyur\u00e9thane \u2013 Pin<\/p>\n<p><strong>Couleurs :<\/strong> Blanc \u2013 Similicuir blanc\/ Blanc \u2013 Similicuir gris\/Blanc \u2013 Soft Grey\/Blanc \u2013 House\/Waterwood \u2013 House<\/p>\n<p><strong>Composition<\/strong> : Soft Grey 100 % PES\/Similicuir blanc 85 % PES 15 % CO\/Similicuir gris 50 % PU<br \/>\n35 % PES 15 % CO\/House 25 % lin 15% CO 40 % Viscose 20 % PES<\/p>\n<p><strong>En option :<\/strong> Coussin d\u2019allaitement\/Porte-biberons mural\/Jeu de pieds fixes CP-1811<\/p>\n","protected":false},"excerpt":{"rendered":"<p>Les fauteuils \u00e0 bascule d&rsquo;allaitement micuna sont disponibles dans une grande vari\u00e9t\u00e9 de mod\u00e8les: Flor, Confort, Nanny et Moom, afin que vous puissiez choisir celui qui vous pla\u00eet le plus pour l&rsquo;associer parfaitement au style d\u00e9coratif de la chambre du b\u00e9b\u00e9, du salon ou de la pi\u00e8ce o\u00f9 vous souhaitez allaiter ou bercer tranquillement le b\u00e9b\u00e9. Vous avez \u00e9galement la possibilit\u00e9 de choisir le rev\u00eatement ou la finition du fauteuil \u00e0 bascule.<\/p>\n<p>La grossesse et les premiers mois de la vie de votre b\u00e9b\u00e9 sont une p\u00e9riode unique, durant laquelle il est tr\u00e8s important de prendre soin de soi et de se reposer. C&rsquo;est pourquoi micuna vous offre l\u2019option de commander n&rsquo;importe lequel de nos fauteuils \u00e0 bascule d&rsquo;allaitement avec SLOW SYSTEM, un syst\u00e8me qui vous permet de vous reposer dans trois positions confortables. Le fauteuil \u00e0 bascule peut s&rsquo;incliner automatiquement gr\u00e2ce \u00e0 une t\u00e9l\u00e9commande, afin de faciliter les mouvements des mamans pendant la grossesse ou l&rsquo;allaitement.<\/p>\n<p>De nombreux accessoires sont disponibles pour les fauteuils \u00e0 bascule d\u2019allaitement de micuna: un jeu de pieds fixes pour la transformer en fauteuil, des porte-biberons pour fauteuil ou des coussins d&rsquo;allaitement.<\/p>\n<p>En option, nous pr\u00e9sentons \u00e9galement les mini-fauteuils \u00e0 bascule micuna. Ainsi, lorsque le b\u00e9b\u00e9 grandira, vous pourrez choisir de les associer au v\u00f4tre et vous formerez un tandem parfait pour vous bercer. Le roi de la maison sera certainement tr\u00e8s enthousiaste \u00e0 l&rsquo;id\u00e9e d&rsquo;imiter ses parents dans son mini-fauteuil \u00e0 bascule. Il sera \u00e9galement parfait comme compl\u00e9ment dans sa chambre.<\/p>\n","protected":false},"featured_media":18482,"template":"","meta":[],"product_brand":[],"product_cat":[1808,1831,1850,1810],"product_tag":[],"class_list":{"0":"post-24848","1":"product","2":"type-product","3":"status-publish","4":"has-post-thumbnail","6":"product_cat-allaitement","7":"product_cat-tous-les-fauteuils-a-bascule","8":"product_cat-fauteiuils-a-bascule-d-allaitement","9":"product_cat-chambres","10":"pa_tapizado-polipiel-blanco-fr","11":"pa_tapizado-polipiel-gris-fr","12":"pa_tapizado-soft-grey-fr","14":"first","15":"instock","16":"shipping-taxable","17":"product-type-variable","18":"has-default-attributes"},"_links":{"self":[{"href":"https:\/\/micuna.com\/fr\/wp-json\/wp\/v2\/product\/24848","targetHints":{"allow":["GET"]}}],"collection":[{"href":"https:\/\/micuna.com\/fr\/wp-json\/wp\/v2\/product"}],"about":[{"href":"https:\/\/micuna.com\/fr\/wp-json\/wp\/v2\/types\/product"}],"wp:featuredmedia":[{"embeddable":true,"href":"https:\/\/micuna.com\/fr\/wp-json\/wp\/v2\/media\/18482"}],"wp:attachment":[{"href":"https:\/\/micuna.com\/fr\/wp-json\/wp\/v2\/media?parent=24848"}],"wp:term":[{"taxonomy":"product_brand","embeddable":true,"href":"https:\/\/micuna.com\/fr\/wp-json\/wp\/v2\/product_brand?post=24848"},{"taxonomy":"product_cat","embeddable":true,"href":"https:\/\/micuna.com\/fr\/wp-json\/wp\/v2\/product_cat?post=24848"},{"taxonomy":"product_tag","embeddable":true,"href":"https:\/\/micuna.com\/fr\/wp-json\/wp\/v2\/product_tag?post=24848"}],"curies":[{"name":"wp","href":"https:\/\/api.w.org\/{rel}","templated":true}]}}