{"id":24867,"date":"2021-05-11T12:36:48","date_gmt":"2021-05-11T12:36:48","guid":{"rendered":"https:\/\/micuna.com\/non%20class\u00e9\/moom\/"},"modified":"2024-04-04T12:54:15","modified_gmt":"2024-04-04T10:54:15","slug":"moom-fr","status":"publish","type":"product","link":"https:\/\/micuna.com\/fr\/product\/chambres\/fauteiuils-a-bascule-d-allaitement\/moom-fr\/","title":{"rendered":"Moom Rocking-Chair D&rsquo;Allaitement"},"content":{"rendered":"<p><strong>ROCKING-CHAIR D&rsquo;ALLAITEMENT MOOM<\/strong><\/p>\n<p><strong>Mat\u00e9riau:<\/strong> Mousse de polyur\u00e9thane \/ Pin \/ M\u00e9tal.<\/p>\n<p><strong>Mat\u00e9riaux Tissu:<\/strong> 100% Polyester Aqualine<\/p>\n<p><strong>Couleur de la bascule:<\/strong> Blanc\/Waterwood<\/p>\n<p><strong>Couleur du tissu:<br \/>\n<\/strong>&#8211; Rose terre &#8211; Gris clair<br \/>\n&#8211; Gris clair &#8211; Gris nuit<br \/>\n&#8211; Beige &#8211; Marron<br \/>\n&#8211; Babybacter Grey<\/p>\n<p><strong>Caract\u00e9ristiques:<\/strong><br \/>\nChoix du tissu<\/p>\n<p><strong>En option:<\/strong><br \/>\n&#8211; Pouf<br \/>\n&#8211; Coussin<br \/>\n&#8211; Porte-biberons<\/p>\n","protected":false},"excerpt":{"rendered":"<p>Le fauteuil \u00e0 bascule Moom de Micuna, con\u00e7u par Santiago Sevillano, a une forme ergonomique pour l&rsquo;allaitement et le reflux du b\u00e9b\u00e9, dispose d&rsquo;une bascule confortable, pour bercer votre b\u00e9b\u00e9, et est disponible en blanc et en waterwood. Ce fauteuil \u00e0 bascule est disponible dans les combinaisons suivantes: Rose terre \u2013 Gris clair, Gris clair \u2013 Gris nuit, Beige \u2013 Marron et le nouveau tissu antibact\u00e9rien babybacter Grey. Choisissez le pouf assorti pour une combinaison parfaite.<\/p>\n<p>Int\u00e9ressant:<br \/>\nGr\u00e2ce \u00e0 son tissu doux Aqualine, vous pouvez facilement le nettoyer avec un chiffon humide.<\/p>\n","protected":false},"featured_media":22847,"template":"","meta":[],"product_brand":[],"product_cat":[1808,1831,1850,1810],"product_tag":[],"class_list":{"0":"post-24867","1":"product","2":"type-product","3":"status-publish","4":"has-post-thumbnail","6":"product_cat-allaitement","7":"product_cat-tous-les-fauteuils-a-bascule","8":"product_cat-fauteiuils-a-bascule-d-allaitement","9":"product_cat-chambres","10":"pa_color-madera-blanc","11":"pa_color-madera-waterwood-fr","12":"pa_tapizado-moon-beige-marron-fr-2","13":"pa_tapizado-moon-gris-clair-gris-nuit","14":"pa_tapizado-moon-rosa-terr-gris-clair","16":"first","17":"instock","18":"shipping-taxable","19":"product-type-variable"},"_links":{"self":[{"href":"https:\/\/micuna.com\/fr\/wp-json\/wp\/v2\/product\/24867","targetHints":{"allow":["GET"]}}],"collection":[{"href":"https:\/\/micuna.com\/fr\/wp-json\/wp\/v2\/product"}],"about":[{"href":"https:\/\/micuna.com\/fr\/wp-json\/wp\/v2\/types\/product"}],"wp:featuredmedia":[{"embeddable":true,"href":"https:\/\/micuna.com\/fr\/wp-json\/wp\/v2\/media\/22847"}],"wp:attachment":[{"href":"https:\/\/micuna.com\/fr\/wp-json\/wp\/v2\/media?parent=24867"}],"wp:term":[{"taxonomy":"product_brand","embeddable":true,"href":"https:\/\/micuna.com\/fr\/wp-json\/wp\/v2\/product_brand?post=24867"},{"taxonomy":"product_cat","embeddable":true,"href":"https:\/\/micuna.com\/fr\/wp-json\/wp\/v2\/product_cat?post=24867"},{"taxonomy":"product_tag","embeddable":true,"href":"https:\/\/micuna.com\/fr\/wp-json\/wp\/v2\/product_tag?post=24867"}],"curies":[{"name":"wp","href":"https:\/\/api.w.org\/{rel}","templated":true}]}}