{"id":24885,"date":"2021-05-11T12:37:12","date_gmt":"2021-05-11T12:37:12","guid":{"rendered":"https:\/\/micuna.com\/non%20class\u00e9\/moom-pouffe\/"},"modified":"2024-04-04T12:36:24","modified_gmt":"2024-04-04T10:36:24","slug":"pouf-moom","status":"publish","type":"product","link":"https:\/\/micuna.com\/fr\/product\/chambres\/fauteiuils-a-bascule-d-allaitement\/pouf-moom\/","title":{"rendered":"Pouf Moom"},"content":{"rendered":"<p><strong>POUF MOOM<\/strong><\/p>\n<p><strong>Mat\u00e9riau:<\/strong> Mousse \/ Polyur\u00e9thane \/ Pin \/ MDF laqu\u00e9<\/p>\n<p><strong>Composition textile:<\/strong> 100% polyester Aqualine<\/p>\n<p><strong>Couleur du tissu:<br \/>\n<\/strong>&#8211; Beige &#8211; Marron<br \/>\n&#8211; Gris clair &#8211; Gris nuit<br \/>\n&#8211; Rose terre &#8211; Gris clair<br \/>\n\u2013 babybacter Grey<\/p>\n<p><strong>Caract\u00e9ristiques:<br \/>\n<\/strong>&#8211; Il est \u00e9quip\u00e9 de quatre roulettes pour le d\u00e9placer facilement<br \/>\n&#8211; Comprend un compartiment de rangement<\/p>\n","protected":false},"excerpt":{"rendered":"<p>Le pouf Moom de Micuna est le compl\u00e9ment parfait \u00e0 combiner avec le fauteuil \u00e0 bascule Moom, con\u00e7ue par Santiago Sevillano. Ses quatre roues le rendent facile \u00e0 transporter, et il dispose d&rsquo;un compartiment de rangement pratique \u00e0 l&rsquo;int\u00e9rieur. Il est \u00e9galement disponible dans les trois couleurs du fauteuil \u00e0 bascule, ce qui vous permet de les combiner parfaitement: Rose terre &#8211; Gris clair, Gris clair &#8211; Gris nuit, Beige &#8211; Marron et babybacter Grey.<\/p>\n<p>Int\u00e9ressant:<br \/>\nGr\u00e2ce \u00e0 son tissu doux Aqualine, vous pouvez facilement le nettoyer avec un chiffon humide.<\/p>\n","protected":false},"featured_media":22989,"template":"","meta":[],"product_brand":[],"product_cat":[1808,1850,1834,1810],"product_tag":[],"class_list":{"0":"post-24885","1":"product","2":"type-product","3":"status-publish","4":"has-post-thumbnail","6":"product_cat-allaitement","7":"product_cat-fauteiuils-a-bascule-d-allaitement","8":"product_cat-accessoires-de-fauteuils-a-bascule","9":"product_cat-chambres","10":"pa_tapizado-moon-beige-marron-fr-2","11":"pa_tapizado-moon-gris-clair-gris-nuit","12":"pa_tapizado-moon-rosa-terr-gris-clair","14":"first","15":"instock","16":"shipping-taxable","17":"product-type-variable"},"_links":{"self":[{"href":"https:\/\/micuna.com\/fr\/wp-json\/wp\/v2\/product\/24885","targetHints":{"allow":["GET"]}}],"collection":[{"href":"https:\/\/micuna.com\/fr\/wp-json\/wp\/v2\/product"}],"about":[{"href":"https:\/\/micuna.com\/fr\/wp-json\/wp\/v2\/types\/product"}],"wp:featuredmedia":[{"embeddable":true,"href":"https:\/\/micuna.com\/fr\/wp-json\/wp\/v2\/media\/22989"}],"wp:attachment":[{"href":"https:\/\/micuna.com\/fr\/wp-json\/wp\/v2\/media?parent=24885"}],"wp:term":[{"taxonomy":"product_brand","embeddable":true,"href":"https:\/\/micuna.com\/fr\/wp-json\/wp\/v2\/product_brand?post=24885"},{"taxonomy":"product_cat","embeddable":true,"href":"https:\/\/micuna.com\/fr\/wp-json\/wp\/v2\/product_cat?post=24885"},{"taxonomy":"product_tag","embeddable":true,"href":"https:\/\/micuna.com\/fr\/wp-json\/wp\/v2\/product_tag?post=24885"}],"curies":[{"name":"wp","href":"https:\/\/api.w.org\/{rel}","templated":true}]}}