{"id":24894,"date":"2021-05-11T12:36:18","date_gmt":"2021-05-11T12:36:18","guid":{"rendered":"https:\/\/micuna.com\/non%20class\u00e9\/breastfeeding-cushion\/"},"modified":"2023-03-14T16:47:49","modified_gmt":"2023-03-14T15:47:49","slug":"coussin-dallaitement","status":"publish","type":"product","link":"https:\/\/micuna.com\/fr\/product\/chambres\/fauteiuils-a-bascule-d-allaitement\/coussin-dallaitement\/","title":{"rendered":"Coussin d&rsquo;Allaitement"},"content":{"rendered":"<p><strong>COUSSIN D&rsquo;ALLAITEMENT<\/strong><\/p>\n<p>Largeur 29 cm\/Longueur 38 cm<\/p>\n<p><strong>Mat\u00e9riau :<\/strong> Mousse de polyur\u00e9thane<\/p>\n<p><strong>Composition :<\/strong> Similicuir blanc 85 % PES 15 % CO\/Similicuir gris 50 % PU 35 % PES 15 % CO\/Galaxy gris 100 % CO\/ Soft Grey 100 % PES<\/p>\n<p><strong>Couleur :<\/strong> Disponible dans tous les rev\u00eatements<\/p>\n","protected":false},"excerpt":{"rendered":"<p>Coussin d&rsquo;allaitement Micuna, id\u00e9al pour faciliter le repos de la maman et du b\u00e9b\u00e9 dans le fauteuil \u00e0 bascule.<\/p>\n<p>Disponible en 5 rev\u00eatements assortis aux fauteuils \u00e0 bascule.<\/p>\n","protected":false},"featured_media":23008,"template":"","meta":[],"product_brand":[],"product_cat":[1808,1850,1834,1810],"product_tag":[],"class_list":{"0":"post-24894","1":"product","2":"type-product","3":"status-publish","4":"has-post-thumbnail","6":"product_cat-allaitement","7":"product_cat-fauteiuils-a-bascule-d-allaitement","8":"product_cat-accessoires-de-fauteuils-a-bascule","9":"product_cat-chambres","10":"pa_color-textil-gris-fr","11":"pa_color-textil-similicuir-blanc","12":"pa_color-textil-similicuir-gris","13":"pa_color-textil-soft-grey-fr","15":"first","16":"instock","17":"shipping-taxable","18":"product-type-variable","19":"has-default-attributes"},"_links":{"self":[{"href":"https:\/\/micuna.com\/fr\/wp-json\/wp\/v2\/product\/24894","targetHints":{"allow":["GET"]}}],"collection":[{"href":"https:\/\/micuna.com\/fr\/wp-json\/wp\/v2\/product"}],"about":[{"href":"https:\/\/micuna.com\/fr\/wp-json\/wp\/v2\/types\/product"}],"wp:featuredmedia":[{"embeddable":true,"href":"https:\/\/micuna.com\/fr\/wp-json\/wp\/v2\/media\/23008"}],"wp:attachment":[{"href":"https:\/\/micuna.com\/fr\/wp-json\/wp\/v2\/media?parent=24894"}],"wp:term":[{"taxonomy":"product_brand","embeddable":true,"href":"https:\/\/micuna.com\/fr\/wp-json\/wp\/v2\/product_brand?post=24894"},{"taxonomy":"product_cat","embeddable":true,"href":"https:\/\/micuna.com\/fr\/wp-json\/wp\/v2\/product_cat?post=24894"},{"taxonomy":"product_tag","embeddable":true,"href":"https:\/\/micuna.com\/fr\/wp-json\/wp\/v2\/product_tag?post=24894"}],"curies":[{"name":"wp","href":"https:\/\/api.w.org\/{rel}","templated":true}]}}