{"id":24905,"date":"2021-05-11T12:37:05","date_gmt":"2021-05-11T12:37:05","guid":{"rendered":"https:\/\/micuna.com\/non%20class\u00e9\/moom-hanging-bottle-holder\/"},"modified":"2024-04-04T13:20:19","modified_gmt":"2024-04-04T11:20:19","slug":"porte-biberons-pour-fauteuil-moom","status":"publish","type":"product","link":"https:\/\/micuna.com\/fr\/product\/chambres\/fauteiuils-a-bascule-d-allaitement\/porte-biberons-pour-fauteuil-moom\/","title":{"rendered":"Moom Porte-Biberons"},"content":{"rendered":"<p><strong>\u00a0MOOM PORTE-BIBERONS<\/strong><\/p>\n<p><strong>Mat\u00e9riau:<\/strong> Mousse de polyur\u00e9thane \/ Pin \/ Mdf Laqu\u00e9<\/p>\n<p><strong>Mat\u00e9riaux Tissu:<\/strong> 100% Polyester Aqualine<\/p>\n<p><strong>Couleur du tissu:<\/strong><br \/>\n&#8211; Beige-Marron<br \/>\n&#8211; Gris clair-Gris nuit<br \/>\n&#8211; Rose terre-Gris clair<br \/>\n&#8211; Babybacter Grey<\/p>\n<p><strong>Caract\u00e9ristiques:<\/strong><br \/>\nProtection de si\u00e8ge et accoudoir avec poches lat\u00e9rales<\/p>\n","protected":false},"excerpt":{"rendered":"<p>Cet poche de rangement est le compl\u00e9ment parfait du fauteuil \u00e0 bascule Moom de Micuna. Gr\u00e2ce \u00e0 elle, vous pouvez prot\u00e9ger le si\u00e8ge et les accoudoirs et obtenir un espace de rangement suppl\u00e9mentaire pour les petits objets. La poche Moom est disponible en beige, gris et tissu antibact\u00e9rien babybacter Grey.<\/p>\n","protected":false},"featured_media":23018,"template":"","meta":[],"product_brand":[],"product_cat":[1808,1850,1834,1810],"product_tag":[],"class_list":{"0":"post-24905","1":"product","2":"type-product","3":"status-publish","4":"has-post-thumbnail","6":"product_cat-allaitement","7":"product_cat-fauteiuils-a-bascule-d-allaitement","8":"product_cat-accessoires-de-fauteuils-a-bascule","9":"product_cat-chambres","10":"pa_color-textil-beige-fr","11":"pa_color-textil-gris-fr","12":"pa_color-textil-gris-clair","13":"pa_color-textil-rose-terre","14":"pa_color-textil-similicuir-blanc","15":"pa_color-textil-similicuir-gris","16":"pa_color-textil-soft-grey-fr","18":"first","19":"instock","20":"shipping-taxable","21":"product-type-variable","22":"has-default-attributes"},"_links":{"self":[{"href":"https:\/\/micuna.com\/fr\/wp-json\/wp\/v2\/product\/24905","targetHints":{"allow":["GET"]}}],"collection":[{"href":"https:\/\/micuna.com\/fr\/wp-json\/wp\/v2\/product"}],"about":[{"href":"https:\/\/micuna.com\/fr\/wp-json\/wp\/v2\/types\/product"}],"wp:featuredmedia":[{"embeddable":true,"href":"https:\/\/micuna.com\/fr\/wp-json\/wp\/v2\/media\/23018"}],"wp:attachment":[{"href":"https:\/\/micuna.com\/fr\/wp-json\/wp\/v2\/media?parent=24905"}],"wp:term":[{"taxonomy":"product_brand","embeddable":true,"href":"https:\/\/micuna.com\/fr\/wp-json\/wp\/v2\/product_brand?post=24905"},{"taxonomy":"product_cat","embeddable":true,"href":"https:\/\/micuna.com\/fr\/wp-json\/wp\/v2\/product_cat?post=24905"},{"taxonomy":"product_tag","embeddable":true,"href":"https:\/\/micuna.com\/fr\/wp-json\/wp\/v2\/product_tag?post=24905"}],"curies":[{"name":"wp","href":"https:\/\/api.w.org\/{rel}","templated":true}]}}