{"id":24930,"date":"2021-05-11T12:37:06","date_gmt":"2021-05-11T12:37:06","guid":{"rendered":"https:\/\/micuna.com\/non%20class\u00e9\/hanging-bottle-holder\/"},"modified":"2021-08-13T09:01:21","modified_gmt":"2021-08-13T09:01:21","slug":"porte-biberons-pour-fauteuil","status":"publish","type":"product","link":"https:\/\/micuna.com\/fr\/product\/chambres\/fauteiuils-a-bascule-d-allaitement\/porte-biberons-pour-fauteuil\/","title":{"rendered":"Porte-Biberons pour Fauteuil"},"content":{"rendered":"<p><strong>POCHE DE RANGEMENT FAUTEUIL \u00c0 BASCULE<\/strong><\/p>\n<p><strong>Mat\u00e9riau:<\/strong> Similicuir 100% PVC \/ Toile 100% CO \/ Nid 50% CO &#8211; 50% PES<\/p>\n<p><strong>Couleur:<br \/>\n<\/strong>&#8211; Textile piqu\u00e9 Galaxy Gris<br \/>\n&#8211; Similicuir: Blanc et Gris<br \/>\n&#8211; Toile: Soft Grey<br \/>\n&#8211; Tissu babybacter Grey<\/p>\n<p><strong>Caract\u00e9ristiques:<br \/>\n<\/strong>\u2013 Lavable<br \/>\n&#8211; Poches larges<\/p>\n","protected":false},"excerpt":{"rendered":"<p>Le porte-biberons pour fauteuil de micuna peut \u00eatre plac\u00e9 sur le bras du fauteuil \u00e0 bascule d&rsquo;allaitement. Il vous permettra de garder \u00e0 port\u00e9e de main les petites choses dont vous avez besoin pendant que vous bercez votre b\u00e9b\u00e9 ou que vous l&rsquo;allaitez confortablement. Mouchoirs, lingettes, biberons, jouets&#8230; vous pouvez tout mettre dans ses larges poches de rangement.<\/p>\n<p>Le rev\u00eatement est disponible en 5 couleurs au choix, assorties au fauteuil \u00e0 bascule ou combin\u00e9es \u00e0 votre guise.<\/p>\n","protected":false},"featured_media":23021,"template":"","meta":[],"product_brand":[],"product_cat":[1808,1850,1834,1810],"product_tag":[],"class_list":{"0":"post-24930","1":"product","2":"type-product","3":"status-publish","4":"has-post-thumbnail","6":"product_cat-allaitement","7":"product_cat-fauteiuils-a-bascule-d-allaitement","8":"product_cat-accessoires-de-fauteuils-a-bascule","9":"product_cat-chambres","10":"pa_color-textil-gris-fr","11":"pa_color-textil-similicuir-blanc","12":"pa_color-textil-similicuir-gris","13":"pa_color-textil-soft-grey-fr","15":"first","16":"instock","17":"shipping-taxable","18":"product-type-variable"},"_links":{"self":[{"href":"https:\/\/micuna.com\/fr\/wp-json\/wp\/v2\/product\/24930","targetHints":{"allow":["GET"]}}],"collection":[{"href":"https:\/\/micuna.com\/fr\/wp-json\/wp\/v2\/product"}],"about":[{"href":"https:\/\/micuna.com\/fr\/wp-json\/wp\/v2\/types\/product"}],"wp:featuredmedia":[{"embeddable":true,"href":"https:\/\/micuna.com\/fr\/wp-json\/wp\/v2\/media\/23021"}],"wp:attachment":[{"href":"https:\/\/micuna.com\/fr\/wp-json\/wp\/v2\/media?parent=24930"}],"wp:term":[{"taxonomy":"product_brand","embeddable":true,"href":"https:\/\/micuna.com\/fr\/wp-json\/wp\/v2\/product_brand?post=24930"},{"taxonomy":"product_cat","embeddable":true,"href":"https:\/\/micuna.com\/fr\/wp-json\/wp\/v2\/product_cat?post=24930"},{"taxonomy":"product_tag","embeddable":true,"href":"https:\/\/micuna.com\/fr\/wp-json\/wp\/v2\/product_tag?post=24930"}],"curies":[{"name":"wp","href":"https:\/\/api.w.org\/{rel}","templated":true}]}}